{"id":112,"date":"2017-08-08T10:18:32","date_gmt":"2017-08-08T08:18:32","guid":{"rendered":"https:\/\/aquatis-fondation.ch\/?page_id=112"},"modified":"2024-11-12T17:04:33","modified_gmt":"2024-11-12T16:04:33","slug":"aquatis","status":"publish","type":"page","link":"https:\/\/www.aquatis-fondation.ch\/de\/aquatis\/","title":{"rendered":"Aquatis"},"content":{"rendered":"<p style=\"text-align: center;\">Die Sensibilisierung f\u00fcr die Umwelt und die nachhaltige Entwicklung ist von gr\u00f6\u00dfter Bedeutung, um das Bewusstsein der Menschen f\u00fcr die Notwendigkeit von Bildung in diesen Bereichen zu wecken.<\/p>","protected":false},"excerpt":{"rendered":"<p>Die Sensibilisierung f\u00fcr die Umwelt und die nachhaltige Entwicklung ist von gr\u00f6\u00dfter Bedeutung, um das Bewusstsein der Menschen f\u00fcr die Notwendigkeit von Bildung in diesen Bereichen zu wecken.<\/p>","protected":false},"author":2,"featured_media":0,"parent":0,"menu_order":0,"comment_status":"closed","ping_status":"closed","template":"template-textuel.php","meta":{"_acf_changed":false,"footnotes":""},"class_list":["post-112","page","type-page","status-publish","hentry"],"acf":[],"yoast_head":"<!-- This site is optimized with the Yoast SEO plugin v25.9 - https:\/\/yoast.com\/wordpress\/plugins\/seo\/ -->\n<title>Aquatis - Fondation Aquatis<\/title>\n<meta name=\"robots\" content=\"index, follow, max-snippet:-1, max-image-preview:large, max-video-preview:-1\" \/>\n<link rel=\"canonical\" href=\"https:\/\/www.aquatis-fondation.ch\/de\/aquatis\/\" \/>\n<meta property=\"og:locale\" content=\"de_DE\" \/>\n<meta property=\"og:type\" content=\"article\" \/>\n<meta property=\"og:title\" content=\"Aquatis - Fondation Aquatis\" \/>\n<meta property=\"og:description\" content=\"La sensibilisation \u00e0 l&rsquo;environnement et au d\u00e9veloppement durable rev\u00eat une importance primordiale afin d&rsquo;\u00e9veiller la conscience des individus quant \u00e0 la n\u00e9cessit\u00e9 de l&rsquo;\u00e9ducation dans ces domaines.\" \/>\n<meta property=\"og:url\" content=\"https:\/\/www.aquatis-fondation.ch\/de\/aquatis\/\" \/>\n<meta property=\"og:site_name\" content=\"Fondation Aquatis\" \/>\n<meta property=\"article:modified_time\" content=\"2024-11-12T16:04:33+00:00\" \/>\n<meta name=\"twitter:card\" content=\"summary_large_image\" \/>\n<meta name=\"twitter:label1\" content=\"Gesch\u00e4tzte Lesezeit\" \/>\n\t<meta name=\"twitter:data1\" content=\"1\u00a0Minute\" \/>\n<script type=\"application\/ld+json\" class=\"yoast-schema-graph\">{\"@context\":\"https:\/\/schema.org\",\"@graph\":[{\"@type\":\"WebPage\",\"@id\":\"https:\/\/www.aquatis-fondation.ch\/aquatis\/\",\"url\":\"https:\/\/www.aquatis-fondation.ch\/aquatis\/\",\"name\":\"Aquatis - Fondation Aquatis\",\"isPartOf\":{\"@id\":\"https:\/\/www.aquatis-fondation.ch\/#website\"},\"datePublished\":\"2017-08-08T08:18:32+00:00\",\"dateModified\":\"2024-11-12T16:04:33+00:00\",\"breadcrumb\":{\"@id\":\"https:\/\/www.aquatis-fondation.ch\/aquatis\/#breadcrumb\"},\"inLanguage\":\"de\",\"potentialAction\":[{\"@type\":\"ReadAction\",\"target\":[\"https:\/\/www.aquatis-fondation.ch\/aquatis\/\"]}]},{\"@type\":\"BreadcrumbList\",\"@id\":\"https:\/\/www.aquatis-fondation.ch\/aquatis\/#breadcrumb\",\"itemListElement\":[{\"@type\":\"ListItem\",\"position\":1,\"name\":\"Accueil\",\"item\":\"https:\/\/www.aquatis-fondation.ch\/\"},{\"@type\":\"ListItem\",\"position\":2,\"name\":\"Aquatis\"}]},{\"@type\":\"WebSite\",\"@id\":\"https:\/\/www.aquatis-fondation.ch\/#website\",\"url\":\"https:\/\/www.aquatis-fondation.ch\/\",\"name\":\"Fondation Aquatis\",\"description\":\"\",\"potentialAction\":[{\"@type\":\"SearchAction\",\"target\":{\"@type\":\"EntryPoint\",\"urlTemplate\":\"https:\/\/www.aquatis-fondation.ch\/?s={search_term_string}\"},\"query-input\":{\"@type\":\"PropertyValueSpecification\",\"valueRequired\":true,\"valueName\":\"search_term_string\"}}],\"inLanguage\":\"de\"}]}<\/script>\n<!-- \/ Yoast SEO plugin. -->","yoast_head_json":{"title":"Aquatis - Fondation Aquatis","robots":{"index":"index","follow":"follow","max-snippet":"max-snippet:-1","max-image-preview":"max-image-preview:large","max-video-preview":"max-video-preview:-1"},"canonical":"https:\/\/www.aquatis-fondation.ch\/de\/aquatis\/","og_locale":"de_DE","og_type":"article","og_title":"Aquatis - Fondation Aquatis","og_description":"La sensibilisation \u00e0 l&rsquo;environnement et au d\u00e9veloppement durable rev\u00eat une importance primordiale afin d&rsquo;\u00e9veiller la conscience des individus quant \u00e0 la n\u00e9cessit\u00e9 de l&rsquo;\u00e9ducation dans ces domaines.","og_url":"https:\/\/www.aquatis-fondation.ch\/de\/aquatis\/","og_site_name":"Fondation Aquatis","article_modified_time":"2024-11-12T16:04:33+00:00","twitter_card":"summary_large_image","twitter_misc":{"Gesch\u00e4tzte Lesezeit":"1\u00a0Minute"},"schema":{"@context":"https:\/\/schema.org","@graph":[{"@type":"WebPage","@id":"https:\/\/www.aquatis-fondation.ch\/aquatis\/","url":"https:\/\/www.aquatis-fondation.ch\/aquatis\/","name":"Aquatis - Fondation Aquatis","isPartOf":{"@id":"https:\/\/www.aquatis-fondation.ch\/#website"},"datePublished":"2017-08-08T08:18:32+00:00","dateModified":"2024-11-12T16:04:33+00:00","breadcrumb":{"@id":"https:\/\/www.aquatis-fondation.ch\/aquatis\/#breadcrumb"},"inLanguage":"de","potentialAction":[{"@type":"ReadAction","target":["https:\/\/www.aquatis-fondation.ch\/aquatis\/"]}]},{"@type":"BreadcrumbList","@id":"https:\/\/www.aquatis-fondation.ch\/aquatis\/#breadcrumb","itemListElement":[{"@type":"ListItem","position":1,"name":"Accueil","item":"https:\/\/www.aquatis-fondation.ch\/"},{"@type":"ListItem","position":2,"name":"Aquatis"}]},{"@type":"WebSite","@id":"https:\/\/www.aquatis-fondation.ch\/#website","url":"https:\/\/www.aquatis-fondation.ch\/","name":"Stiftung Aquatis","description":"","potentialAction":[{"@type":"SearchAction","target":{"@type":"EntryPoint","urlTemplate":"https:\/\/www.aquatis-fondation.ch\/?s={search_term_string}"},"query-input":{"@type":"PropertyValueSpecification","valueRequired":true,"valueName":"search_term_string"}}],"inLanguage":"de"}]}},"_links":{"self":[{"href":"https:\/\/www.aquatis-fondation.ch\/de\/wp-json\/wp\/v2\/pages\/112","targetHints":{"allow":["GET"]}}],"collection":[{"href":"https:\/\/www.aquatis-fondation.ch\/de\/wp-json\/wp\/v2\/pages"}],"about":[{"href":"https:\/\/www.aquatis-fondation.ch\/de\/wp-json\/wp\/v2\/types\/page"}],"author":[{"embeddable":true,"href":"https:\/\/www.aquatis-fondation.ch\/de\/wp-json\/wp\/v2\/users\/2"}],"replies":[{"embeddable":true,"href":"https:\/\/www.aquatis-fondation.ch\/de\/wp-json\/wp\/v2\/comments?post=112"}],"version-history":[{"count":37,"href":"https:\/\/www.aquatis-fondation.ch\/de\/wp-json\/wp\/v2\/pages\/112\/revisions"}],"predecessor-version":[{"id":5721,"href":"https:\/\/www.aquatis-fondation.ch\/de\/wp-json\/wp\/v2\/pages\/112\/revisions\/5721"}],"wp:attachment":[{"href":"https:\/\/www.aquatis-fondation.ch\/de\/wp-json\/wp\/v2\/media?parent=112"}],"curies":[{"name":"wp","href":"https:\/\/api.w.org\/{rel}","templated":true}]}}