{"id":326,"date":"2019-09-07T13:06:08","date_gmt":"2019-09-07T11:06:08","guid":{"rendered":"https:\/\/www.aquatis-fondation.ch\/?page_id=326"},"modified":"2025-09-10T17:25:13","modified_gmt":"2025-09-10T15:25:13","slug":"evenements","status":"publish","type":"page","link":"https:\/\/www.aquatis-fondation.ch\/de\/conference-la-suisse-et-les-poles-quel-rapport\/evenements\/","title":{"rendered":"Veranstaltungen"},"content":{"rendered":"<div class=\"wp-block-cover has-background-dim-30 has-background-dim\" style=\"background-image: url('https:\/\/www.aquatis-fondation.ch\/wp-content\/uploads\/2025\/03\/Glacier_Affiche-scaled.jpg');\">\r\n<div class=\"wp-block-cover__inner-container is-layout-flow wp-block-cover-is-layout-flow\"><\/div>\r\n<\/div>\r\n<p>&nbsp;<\/p>\r\n<p class=\"p1\" style=\"text-align: left;\">Im AQUATIS Aquarium-Vivarium Lausanne finden regelm\u00e4\u00dfig spannende Veranstaltungen statt, die von der Stiftung unterst\u00fctzt werden und parallel zum Besuch des Parcours stattfinden.<\/p>\r\n<p class=\"p1\" style=\"text-align: left;\">Das Publikum kann anregende Ausstellungen genie\u00dfen, an bereichernden Vortr\u00e4gen teilnehmen und sich fesselnde Filme ansehen. Diese sorgf\u00e4ltig konzipierten Programme sollen die Teilnehmer\/innen f\u00fcr die Herausforderungen im Zusammenhang mit der Zukunft unseres Planeten sensibilisieren und inspirieren und sie gleichzeitig dazu ermutigen, positive Handlungen f\u00fcr die Entwicklung unserer Welt und unserer Gesellschaften zu unternehmen.<\/p>\r\n<p class=\"p1\" style=\"text-align: left;\">Diese Veranstaltungen bieten eine einzigartige Gelegenheit, Themen im Zusammenhang mit Wasser und seiner Umwelt, Artenschutz und nachhaltiger Entwicklung zu erforschen, indem sie inspirierende Perspektiven und innovative L\u00f6sungen aufzeigen.<\/p>","protected":false},"excerpt":{"rendered":"","protected":false},"author":3,"featured_media":0,"parent":6558,"menu_order":0,"comment_status":"closed","ping_status":"closed","template":"template-bedford.php","meta":{"_acf_changed":false,"footnotes":""},"class_list":["post-326","page","type-page","status-publish","hentry"],"acf":[],"yoast_head":"<!-- This site is optimized with the Yoast SEO plugin v25.9 - https:\/\/yoast.com\/wordpress\/plugins\/seo\/ -->\n<title>\u00c9v\u00e9nements - Fondation Aquatis<\/title>\n<meta name=\"robots\" content=\"index, follow, max-snippet:-1, max-image-preview:large, max-video-preview:-1\" \/>\n<link rel=\"canonical\" href=\"https:\/\/www.aquatis-fondation.ch\/de\/conference-la-suisse-et-les-poles-quel-rapport\/evenements\/\" \/>\n<meta property=\"og:locale\" content=\"de_DE\" \/>\n<meta property=\"og:type\" content=\"article\" \/>\n<meta property=\"og:title\" content=\"\u00c9v\u00e9nements - Fondation Aquatis\" \/>\n<meta property=\"og:url\" content=\"https:\/\/www.aquatis-fondation.ch\/de\/conference-la-suisse-et-les-poles-quel-rapport\/evenements\/\" \/>\n<meta property=\"og:site_name\" content=\"Fondation Aquatis\" \/>\n<meta property=\"article:modified_time\" content=\"2025-09-10T15:25:13+00:00\" \/>\n<meta name=\"twitter:card\" content=\"summary_large_image\" \/>\n<meta name=\"twitter:label1\" content=\"Gesch\u00e4tzte Lesezeit\" \/>\n\t<meta name=\"twitter:data1\" content=\"1\u00a0Minute\" \/>\n<script type=\"application\/ld+json\" class=\"yoast-schema-graph\">{\"@context\":\"https:\/\/schema.org\",\"@graph\":[{\"@type\":\"WebPage\",\"@id\":\"https:\/\/www.aquatis-fondation.ch\/conference-la-suisse-et-les-poles-quel-rapport\/evenements\/\",\"url\":\"https:\/\/www.aquatis-fondation.ch\/conference-la-suisse-et-les-poles-quel-rapport\/evenements\/\",\"name\":\"\u00c9v\u00e9nements - Fondation Aquatis\",\"isPartOf\":{\"@id\":\"https:\/\/www.aquatis-fondation.ch\/#website\"},\"datePublished\":\"2019-09-07T11:06:08+00:00\",\"dateModified\":\"2025-09-10T15:25:13+00:00\",\"breadcrumb\":{\"@id\":\"https:\/\/www.aquatis-fondation.ch\/conference-la-suisse-et-les-poles-quel-rapport\/evenements\/#breadcrumb\"},\"inLanguage\":\"de\",\"potentialAction\":[{\"@type\":\"ReadAction\",\"target\":[\"https:\/\/www.aquatis-fondation.ch\/conference-la-suisse-et-les-poles-quel-rapport\/evenements\/\"]}]},{\"@type\":\"BreadcrumbList\",\"@id\":\"https:\/\/www.aquatis-fondation.ch\/conference-la-suisse-et-les-poles-quel-rapport\/evenements\/#breadcrumb\",\"itemListElement\":[{\"@type\":\"ListItem\",\"position\":1,\"name\":\"Accueil\",\"item\":\"https:\/\/www.aquatis-fondation.ch\/\"},{\"@type\":\"ListItem\",\"position\":2,\"name\":\"CONF\u00c9RENCE &#8211; La Suisse et les P\u00f4les : quel rapport ?\",\"item\":\"https:\/\/www.aquatis-fondation.ch\/conference-la-suisse-et-les-poles-quel-rapport\/\"},{\"@type\":\"ListItem\",\"position\":3,\"name\":\"\u00c9v\u00e9nements\"}]},{\"@type\":\"WebSite\",\"@id\":\"https:\/\/www.aquatis-fondation.ch\/#website\",\"url\":\"https:\/\/www.aquatis-fondation.ch\/\",\"name\":\"Fondation Aquatis\",\"description\":\"\",\"potentialAction\":[{\"@type\":\"SearchAction\",\"target\":{\"@type\":\"EntryPoint\",\"urlTemplate\":\"https:\/\/www.aquatis-fondation.ch\/?s={search_term_string}\"},\"query-input\":{\"@type\":\"PropertyValueSpecification\",\"valueRequired\":true,\"valueName\":\"search_term_string\"}}],\"inLanguage\":\"de\"}]}<\/script>\n<!-- \/ Yoast SEO plugin. -->","yoast_head_json":{"title":"\u00c9v\u00e9nements - Fondation Aquatis","robots":{"index":"index","follow":"follow","max-snippet":"max-snippet:-1","max-image-preview":"max-image-preview:large","max-video-preview":"max-video-preview:-1"},"canonical":"https:\/\/www.aquatis-fondation.ch\/de\/conference-la-suisse-et-les-poles-quel-rapport\/evenements\/","og_locale":"de_DE","og_type":"article","og_title":"\u00c9v\u00e9nements - Fondation Aquatis","og_url":"https:\/\/www.aquatis-fondation.ch\/de\/conference-la-suisse-et-les-poles-quel-rapport\/evenements\/","og_site_name":"Fondation Aquatis","article_modified_time":"2025-09-10T15:25:13+00:00","twitter_card":"summary_large_image","twitter_misc":{"Gesch\u00e4tzte Lesezeit":"1\u00a0Minute"},"schema":{"@context":"https:\/\/schema.org","@graph":[{"@type":"WebPage","@id":"https:\/\/www.aquatis-fondation.ch\/conference-la-suisse-et-les-poles-quel-rapport\/evenements\/","url":"https:\/\/www.aquatis-fondation.ch\/conference-la-suisse-et-les-poles-quel-rapport\/evenements\/","name":"\u00c9v\u00e9nements - Fondation Aquatis","isPartOf":{"@id":"https:\/\/www.aquatis-fondation.ch\/#website"},"datePublished":"2019-09-07T11:06:08+00:00","dateModified":"2025-09-10T15:25:13+00:00","breadcrumb":{"@id":"https:\/\/www.aquatis-fondation.ch\/conference-la-suisse-et-les-poles-quel-rapport\/evenements\/#breadcrumb"},"inLanguage":"de","potentialAction":[{"@type":"ReadAction","target":["https:\/\/www.aquatis-fondation.ch\/conference-la-suisse-et-les-poles-quel-rapport\/evenements\/"]}]},{"@type":"BreadcrumbList","@id":"https:\/\/www.aquatis-fondation.ch\/conference-la-suisse-et-les-poles-quel-rapport\/evenements\/#breadcrumb","itemListElement":[{"@type":"ListItem","position":1,"name":"Accueil","item":"https:\/\/www.aquatis-fondation.ch\/"},{"@type":"ListItem","position":2,"name":"CONF\u00c9RENCE &#8211; La Suisse et les P\u00f4les : quel rapport ?","item":"https:\/\/www.aquatis-fondation.ch\/conference-la-suisse-et-les-poles-quel-rapport\/"},{"@type":"ListItem","position":3,"name":"\u00c9v\u00e9nements"}]},{"@type":"WebSite","@id":"https:\/\/www.aquatis-fondation.ch\/#website","url":"https:\/\/www.aquatis-fondation.ch\/","name":"Stiftung Aquatis","description":"","potentialAction":[{"@type":"SearchAction","target":{"@type":"EntryPoint","urlTemplate":"https:\/\/www.aquatis-fondation.ch\/?s={search_term_string}"},"query-input":{"@type":"PropertyValueSpecification","valueRequired":true,"valueName":"search_term_string"}}],"inLanguage":"de"}]}},"_links":{"self":[{"href":"https:\/\/www.aquatis-fondation.ch\/de\/wp-json\/wp\/v2\/pages\/326","targetHints":{"allow":["GET"]}}],"collection":[{"href":"https:\/\/www.aquatis-fondation.ch\/de\/wp-json\/wp\/v2\/pages"}],"about":[{"href":"https:\/\/www.aquatis-fondation.ch\/de\/wp-json\/wp\/v2\/types\/page"}],"author":[{"embeddable":true,"href":"https:\/\/www.aquatis-fondation.ch\/de\/wp-json\/wp\/v2\/users\/3"}],"replies":[{"embeddable":true,"href":"https:\/\/www.aquatis-fondation.ch\/de\/wp-json\/wp\/v2\/comments?post=326"}],"version-history":[{"count":70,"href":"https:\/\/www.aquatis-fondation.ch\/de\/wp-json\/wp\/v2\/pages\/326\/revisions"}],"predecessor-version":[{"id":6590,"href":"https:\/\/www.aquatis-fondation.ch\/de\/wp-json\/wp\/v2\/pages\/326\/revisions\/6590"}],"up":[{"embeddable":true,"href":"https:\/\/www.aquatis-fondation.ch\/de\/wp-json\/wp\/v2\/pages\/6558"}],"wp:attachment":[{"href":"https:\/\/www.aquatis-fondation.ch\/de\/wp-json\/wp\/v2\/media?parent=326"}],"curies":[{"name":"wp","href":"https:\/\/api.w.org\/{rel}","templated":true}]}}