{"id":333,"date":"2019-09-07T13:06:41","date_gmt":"2019-09-07T11:06:41","guid":{"rendered":"https:\/\/www.aquatis-fondation.ch\/?page_id=333"},"modified":"2025-09-10T18:31:30","modified_gmt":"2025-09-10T16:31:30","slug":"expositions","status":"publish","type":"page","link":"https:\/\/www.aquatis-fondation.ch\/de\/conference-la-suisse-et-les-poles-quel-rapport\/evenements\/expositions\/","title":{"rendered":"Ausstellungen"},"content":{"rendered":"<p><b>MISSION POLAIRE, ein Eintauchen in das Herz der Polarregionen<\/b><\/p>\r\n<p><strong>8. M\u00e4rz 2025 - M\u00e4rz 2026<\/strong><\/p>\r\n<p data-start=\"152\" data-end=\"630\">Die Ausstellung <em data-start=\"165\" data-end=\"182\">Polar Mission<\/em> erkundet, wie wichtig es ist, die Gletscher und die biologische Vielfalt in den Polarregionen zu erhalten. Sie sensibilisiert die \u00d6ffentlichkeit f\u00fcr die globale Erw\u00e4rmung und ihre Auswirkungen auf diese extremen Umgebungen.<br data-start=\"391\" data-end=\"394\" \/>Das Erlebnis verbindet wissenschaftliche und visuelle Ans\u00e4tze, um die globalen Herausforderungen besser zu verstehen. Drei Hauptthemen strukturieren die Ausstellung: Polarforscher, Inuit-Kultur und die arktische und antarktische Biodiversit\u00e4t.<\/p>\r\n<p data-start=\"632\" data-end=\"899\"><strong data-start=\"632\" data-end=\"678\">Espace 1 - Den Entdeckern begegnen<\/strong><br data-start=\"678\" data-end=\"681\" \/>Entdecken Sie die Abenteuer von Jean Malaurie, Jean-Louis Etienne, Jean-Baptiste Charcot oder Matthew Henson.<br data-start=\"783\" data-end=\"786\" \/>Historische Gegenst\u00e4nde und Zeitzeugenberichte lassen ihre Entdeckungen und Beitr\u00e4ge zur Erforschung der Pole wieder aufleben.<\/p>\r\n<p data-start=\"901\" data-end=\"1138\"><strong data-start=\"901\" data-end=\"935\">Raum 2 - Die Welt der Inuit<\/strong><br data-start=\"935\" data-end=\"938\" \/>Tauchen Sie mithilfe eines nachgebauten Iglus und einer eisigen Umgebung in die Welt der Inuit ein.<br data-start=\"1032\" data-end=\"1035\" \/>Dieser Raum veranschaulicht Traditionen, Lebensweise und Herausforderungen, die mit dem Klimawandel und der Moderne verbunden sind.<\/p>\r\n<p data-start=\"1140\" data-end=\"1369\"><strong data-start=\"1140\" data-end=\"1194\">Weltraum 3 - Die Geheimnisse des Nord- und S\u00fcdpols<\/strong><br data-start=\"1194\" data-end=\"1197\" \/>Erkunden Sie die ikonische Tierwelt: Eisb\u00e4ren, Pinguine und andere Arten.<br data-start=\"1269\" data-end=\"1272\" \/>Verstehen Sie die fragilen Wechselwirkungen dieser \u00d6kosysteme und die Auswirkungen der globalen Erw\u00e4rmung.<\/p>\r\n<p data-start=\"1371\" data-end=\"1563\">Seit 2022 wurden mehr als 1,7 Millionen Besucher durch diese Ausstellung in Monaco auf das Thema aufmerksam gemacht. Mit Unterst\u00fctzung der Aquatis-Stiftung und engagierter Partner wurde sie nun in Lausanne installiert.<\/p>\r\n<p data-start=\"1371\" data-end=\"1563\">\u00a0<\/p>\r\n<p class=\"p1\" style=\"text-align: left;\"><b>GLOBAL HAPPINESS: Was brauchen wir, um gl\u00fccklich zu sein?<\/b><\/p>\r\n<p class=\"p1\" style=\"text-align: left;\"><strong>2. November 2021 - 1. Mai 2022<\/strong><\/p>\r\n<p class=\"p1\" style=\"text-align: left;\">Eine Ausstellung von Helvetas auf den Spuren des nachhaltigen Gl\u00fccks.\u00a0<\/p>\r\n<p class=\"p1\" style=\"text-align: left;\">Die Wanderausstellung \"GLOBAL HAPPINESS\" machte vom 2. November 2021 bis zum 1. Mai 2022 im Aquatis Station und pr\u00e4sentierte eine Erkundung der verschiedenen Konzepte von Gl\u00fcck auf der ganzen Welt. Die Ausstellung besch\u00e4ftigte sich mit der grundlegenden Frage, was uns gl\u00fccklich macht, und untersuchte, ob es sich dabei um einen universellen Begriff handelt oder ob dieser von Kultur zu Kultur variiert. Die Ausstellung untersuchte auch die M\u00f6glichkeit eines \"nachhaltigen Gl\u00fccks\", eines Gl\u00fcckszustands<span class=\"Apple-converted-space\">\u00a0 <\/span>die weder der Umwelt noch anderen Menschen oder zuk\u00fcnftigen Generationen schaden: Eine Infragestellung unseres Lebensstils, die uns dazu ermutigt, dar\u00fcber nachzudenken, was wir wirklich brauchen, um gl\u00fccklich zu sein.<\/p>\r\n<p>&nbsp;<\/p>\r\n<p style=\"text-align: left;\"><strong>FLIEGENDE FL\u00dcSSE<\/strong><\/p>\r\n<p style=\"text-align: left;\"><strong>12. Oktober 2019 - 28. Juni 2020<\/strong><\/p>\r\n<p style=\"text-align: left;\">Die Ausstellung \"Fliegende Fl\u00fcsse\" des Forscherpaares Gerard und Margi Moss bot dem Publikum die M\u00f6glichkeit, eine unbekannte Facette der entscheidenden Rolle des Amazonas-Regenwaldes bei der Klimaregulierung und der Wassergewinnung zu entdecken.<\/p>\r\n<p style=\"text-align: left;\">Diese immersive Ausstellung bot eine einzigartige Erfahrung, um die Welt des Amazonas zu erforschen und mehr \u00fcber das faszinierende Ph\u00e4nomen der fliegenden Fl\u00fcsse zu erfahren - feuchtigkeitsgeladene Luftstr\u00f6me, die an der Klimaregulierung und der Wasserproduktion in dieser Region der Welt beteiligt sind. Es war eine Gelegenheit zu verstehen, wie W\u00e4lder bei der Bek\u00e4mpfung des Klimawandels helfen k\u00f6nnen. Die Gelbert-Stiftung und die Philanthropische Stiftung Familie Sandoz waren die Hauptpartner der Veranstaltung.<\/p>\r\n<p style=\"text-align: left;\">Rund um die Ausstellung wurden verschiedene Veranstaltungen f\u00fcr alle Altersgruppen organisiert, wie z. B. Workshops, Filmvorf\u00fchrungen und Vortr\u00e4ge, die es erm\u00f6glichten, die Erfahrung und das Wissen \u00fcber den Amazonas und sein empfindliches \u00d6kosystem auf umfassendere und immersivere Weise zu vertiefen.<\/p>\r\n<p><a href=\"https:\/\/www.aquatis-fondation.ch\/de\/evenements\/conferences\/#riviere\">Zus\u00e4tzliche Informationen<\/a><\/p>","protected":false},"excerpt":{"rendered":"<p>MISSION POLAR, ein Eintauchen in die Polarregionen 8. M\u00e4rz 2025 - M\u00e4rz 2026 Die Ausstellung Mission Polaire erforscht die Bedeutung der Erhaltung der Gletscher und der Artenvielfalt in den Polarregionen. Sie sensibilisiert die \u00d6ffentlichkeit f\u00fcr die globale Erw\u00e4rmung und ihre Auswirkungen auf diese extremen Umgebungen.Die Erfahrung verbindet wissenschaftliche und visuelle Ans\u00e4tze, um [...].<\/p>","protected":false},"author":3,"featured_media":0,"parent":326,"menu_order":0,"comment_status":"closed","ping_status":"closed","template":"template-partenaires.php","meta":{"_acf_changed":false,"footnotes":""},"class_list":["post-333","page","type-page","status-publish","hentry"],"acf":[],"yoast_head":"<!-- This site is optimized with the Yoast SEO plugin v25.9 - https:\/\/yoast.com\/wordpress\/plugins\/seo\/ -->\n<title>Expositions - Fondation Aquatis<\/title>\n<meta name=\"robots\" content=\"index, follow, max-snippet:-1, max-image-preview:large, max-video-preview:-1\" \/>\n<link rel=\"canonical\" href=\"https:\/\/www.aquatis-fondation.ch\/de\/conference-la-suisse-et-les-poles-quel-rapport\/evenements\/expositions\/\" \/>\n<meta property=\"og:locale\" content=\"de_DE\" \/>\n<meta property=\"og:type\" content=\"article\" \/>\n<meta property=\"og:title\" content=\"Expositions - Fondation Aquatis\" \/>\n<meta property=\"og:description\" content=\"MISSION POLAIRE, une immersion au coeur des r\u00e9gions polaires 8 mars 2025 &#8211; mars 2026 L\u2019exposition Mission Polaire explore l\u2019importance de la pr\u00e9servation des glaciers et de la biodiversit\u00e9 dans les r\u00e9gions polaires. Elle sensibilise le public au r\u00e9chauffement climatique et \u00e0 ses impacts sur ces environnements extr\u00eames.L\u2019exp\u00e9rience combine approche scientifique et visuelle pour mieux [&hellip;]\" \/>\n<meta property=\"og:url\" content=\"https:\/\/www.aquatis-fondation.ch\/de\/conference-la-suisse-et-les-poles-quel-rapport\/evenements\/expositions\/\" \/>\n<meta property=\"og:site_name\" content=\"Fondation Aquatis\" \/>\n<meta property=\"article:modified_time\" content=\"2025-09-10T16:31:30+00:00\" \/>\n<meta name=\"twitter:card\" content=\"summary_large_image\" \/>\n<meta name=\"twitter:label1\" content=\"Gesch\u00e4tzte Lesezeit\" \/>\n\t<meta name=\"twitter:data1\" content=\"3\u00a0Minuten\" \/>\n<script type=\"application\/ld+json\" class=\"yoast-schema-graph\">{\"@context\":\"https:\/\/schema.org\",\"@graph\":[{\"@type\":\"WebPage\",\"@id\":\"https:\/\/www.aquatis-fondation.ch\/conference-la-suisse-et-les-poles-quel-rapport\/evenements\/expositions\/\",\"url\":\"https:\/\/www.aquatis-fondation.ch\/conference-la-suisse-et-les-poles-quel-rapport\/evenements\/expositions\/\",\"name\":\"Expositions - Fondation Aquatis\",\"isPartOf\":{\"@id\":\"https:\/\/www.aquatis-fondation.ch\/#website\"},\"datePublished\":\"2019-09-07T11:06:41+00:00\",\"dateModified\":\"2025-09-10T16:31:30+00:00\",\"breadcrumb\":{\"@id\":\"https:\/\/www.aquatis-fondation.ch\/conference-la-suisse-et-les-poles-quel-rapport\/evenements\/expositions\/#breadcrumb\"},\"inLanguage\":\"de\",\"potentialAction\":[{\"@type\":\"ReadAction\",\"target\":[\"https:\/\/www.aquatis-fondation.ch\/conference-la-suisse-et-les-poles-quel-rapport\/evenements\/expositions\/\"]}]},{\"@type\":\"BreadcrumbList\",\"@id\":\"https:\/\/www.aquatis-fondation.ch\/conference-la-suisse-et-les-poles-quel-rapport\/evenements\/expositions\/#breadcrumb\",\"itemListElement\":[{\"@type\":\"ListItem\",\"position\":1,\"name\":\"Accueil\",\"item\":\"https:\/\/www.aquatis-fondation.ch\/\"},{\"@type\":\"ListItem\",\"position\":2,\"name\":\"CONF\u00c9RENCE &#8211; La Suisse et les P\u00f4les : quel rapport ?\",\"item\":\"https:\/\/www.aquatis-fondation.ch\/conference-la-suisse-et-les-poles-quel-rapport\/\"},{\"@type\":\"ListItem\",\"position\":3,\"name\":\"\u00c9v\u00e9nements\",\"item\":\"https:\/\/www.aquatis-fondation.ch\/conference-la-suisse-et-les-poles-quel-rapport\/evenements\/\"},{\"@type\":\"ListItem\",\"position\":4,\"name\":\"Expositions\"}]},{\"@type\":\"WebSite\",\"@id\":\"https:\/\/www.aquatis-fondation.ch\/#website\",\"url\":\"https:\/\/www.aquatis-fondation.ch\/\",\"name\":\"Fondation Aquatis\",\"description\":\"\",\"potentialAction\":[{\"@type\":\"SearchAction\",\"target\":{\"@type\":\"EntryPoint\",\"urlTemplate\":\"https:\/\/www.aquatis-fondation.ch\/?s={search_term_string}\"},\"query-input\":{\"@type\":\"PropertyValueSpecification\",\"valueRequired\":true,\"valueName\":\"search_term_string\"}}],\"inLanguage\":\"de\"}]}<\/script>\n<!-- \/ Yoast SEO plugin. -->","yoast_head_json":{"title":"Ausstellungen - Stiftung Aquatis","robots":{"index":"index","follow":"follow","max-snippet":"max-snippet:-1","max-image-preview":"max-image-preview:large","max-video-preview":"max-video-preview:-1"},"canonical":"https:\/\/www.aquatis-fondation.ch\/de\/conference-la-suisse-et-les-poles-quel-rapport\/evenements\/expositions\/","og_locale":"de_DE","og_type":"article","og_title":"Expositions - Fondation Aquatis","og_description":"MISSION POLAIRE, une immersion au coeur des r\u00e9gions polaires 8 mars 2025 &#8211; mars 2026 L\u2019exposition Mission Polaire explore l\u2019importance de la pr\u00e9servation des glaciers et de la biodiversit\u00e9 dans les r\u00e9gions polaires. Elle sensibilise le public au r\u00e9chauffement climatique et \u00e0 ses impacts sur ces environnements extr\u00eames.L\u2019exp\u00e9rience combine approche scientifique et visuelle pour mieux [&hellip;]","og_url":"https:\/\/www.aquatis-fondation.ch\/de\/conference-la-suisse-et-les-poles-quel-rapport\/evenements\/expositions\/","og_site_name":"Fondation Aquatis","article_modified_time":"2025-09-10T16:31:30+00:00","twitter_card":"summary_large_image","twitter_misc":{"Gesch\u00e4tzte Lesezeit":"3\u00a0Minuten"},"schema":{"@context":"https:\/\/schema.org","@graph":[{"@type":"WebPage","@id":"https:\/\/www.aquatis-fondation.ch\/conference-la-suisse-et-les-poles-quel-rapport\/evenements\/expositions\/","url":"https:\/\/www.aquatis-fondation.ch\/conference-la-suisse-et-les-poles-quel-rapport\/evenements\/expositions\/","name":"Ausstellungen - Stiftung Aquatis","isPartOf":{"@id":"https:\/\/www.aquatis-fondation.ch\/#website"},"datePublished":"2019-09-07T11:06:41+00:00","dateModified":"2025-09-10T16:31:30+00:00","breadcrumb":{"@id":"https:\/\/www.aquatis-fondation.ch\/conference-la-suisse-et-les-poles-quel-rapport\/evenements\/expositions\/#breadcrumb"},"inLanguage":"de","potentialAction":[{"@type":"ReadAction","target":["https:\/\/www.aquatis-fondation.ch\/conference-la-suisse-et-les-poles-quel-rapport\/evenements\/expositions\/"]}]},{"@type":"BreadcrumbList","@id":"https:\/\/www.aquatis-fondation.ch\/conference-la-suisse-et-les-poles-quel-rapport\/evenements\/expositions\/#breadcrumb","itemListElement":[{"@type":"ListItem","position":1,"name":"Accueil","item":"https:\/\/www.aquatis-fondation.ch\/"},{"@type":"ListItem","position":2,"name":"CONF\u00c9RENCE &#8211; La Suisse et les P\u00f4les : quel rapport ?","item":"https:\/\/www.aquatis-fondation.ch\/conference-la-suisse-et-les-poles-quel-rapport\/"},{"@type":"ListItem","position":3,"name":"\u00c9v\u00e9nements","item":"https:\/\/www.aquatis-fondation.ch\/conference-la-suisse-et-les-poles-quel-rapport\/evenements\/"},{"@type":"ListItem","position":4,"name":"Expositions"}]},{"@type":"WebSite","@id":"https:\/\/www.aquatis-fondation.ch\/#website","url":"https:\/\/www.aquatis-fondation.ch\/","name":"Stiftung Aquatis","description":"","potentialAction":[{"@type":"SearchAction","target":{"@type":"EntryPoint","urlTemplate":"https:\/\/www.aquatis-fondation.ch\/?s={search_term_string}"},"query-input":{"@type":"PropertyValueSpecification","valueRequired":true,"valueName":"search_term_string"}}],"inLanguage":"de"}]}},"_links":{"self":[{"href":"https:\/\/www.aquatis-fondation.ch\/de\/wp-json\/wp\/v2\/pages\/333","targetHints":{"allow":["GET"]}}],"collection":[{"href":"https:\/\/www.aquatis-fondation.ch\/de\/wp-json\/wp\/v2\/pages"}],"about":[{"href":"https:\/\/www.aquatis-fondation.ch\/de\/wp-json\/wp\/v2\/types\/page"}],"author":[{"embeddable":true,"href":"https:\/\/www.aquatis-fondation.ch\/de\/wp-json\/wp\/v2\/users\/3"}],"replies":[{"embeddable":true,"href":"https:\/\/www.aquatis-fondation.ch\/de\/wp-json\/wp\/v2\/comments?post=333"}],"version-history":[{"count":46,"href":"https:\/\/www.aquatis-fondation.ch\/de\/wp-json\/wp\/v2\/pages\/333\/revisions"}],"predecessor-version":[{"id":6598,"href":"https:\/\/www.aquatis-fondation.ch\/de\/wp-json\/wp\/v2\/pages\/333\/revisions\/6598"}],"up":[{"embeddable":true,"href":"https:\/\/www.aquatis-fondation.ch\/de\/wp-json\/wp\/v2\/pages\/326"}],"wp:attachment":[{"href":"https:\/\/www.aquatis-fondation.ch\/de\/wp-json\/wp\/v2\/media?parent=333"}],"curies":[{"name":"wp","href":"https:\/\/api.w.org\/{rel}","templated":true}]}}