{"id":5599,"date":"2024-11-08T13:47:44","date_gmt":"2024-11-08T12:47:44","guid":{"rendered":"https:\/\/www.aquatis-fondation.ch\/?page_id=5599"},"modified":"2024-12-02T07:46:35","modified_gmt":"2024-12-02T06:46:35","slug":"crocodile-sacre","status":"publish","type":"page","link":"https:\/\/www.aquatis-fondation.ch\/de\/crocodile-sacre\/","title":{"rendered":"Helfen Sie uns, das Heilige Krokodil wieder in die Wildnis zu bringen"},"content":{"rendered":"<p>Die AQUATIS Stiftung l\u00e4dt Sie ein, sich einer einzigartigen Naturschutzmission anzuschlie\u00dfen: der Wiederansiedlung des Heiligen Krokodils (<i>Crocodylus suchus<\/i>) in seinem angestammten Lebensraum in Marokko. Diese Art, die fr\u00fcher in der Region ausgestorben war, ist f\u00fcr das Gleichgewicht des \u00d6kosystems von entscheidender Bedeutung. Mit Ihrer Unterst\u00fctzung setzen wir uns f\u00fcr die R\u00fcckkehr dieser bemerkenswerten Kreaturen in die Natur ein und tragen so zum Erhalt der Artenvielfalt bei.<\/p>\n<p class=\"x_MsoNormal\"><span lang=\"en-CH\" data-olk-copy-source=\"MessageBody\">Im Juni 2024 traten sechzehn junge Krokodile ihre Reise von AQUATIS in der Schweiz nach Marokko an. Derzeit befinden sie sich in der Akklimatisierungsphase, die f\u00fcr ihre f\u00fcr 2025 geplante Auswilderung unerl\u00e4sslich ist. W\u00e4hrend dieser Zeit werden Wissenschaftler ihre Bewegungen und Verhaltensweisen verfolgen und wertvolle Informationen f\u00fcr die Naturschutzwissenschaft sammeln.<\/span><\/p>\n<p class=\"x_MsoNormal\"><span lang=\"en-CH\">Ihre Unterst\u00fctzung ist wertvoll<\/span><\/p>\n<p class=\"x_MsoNormal\"><span lang=\"en-CH\">Jede noch so kleine Spende finanziert wichtige Schritte des Projekts, wie die \u00dcberwachung vor Ort und Bildungsprogramme, die den Naturschutz von morgen inspirieren werden. Wenn Sie heute einen Beitrag leisten, beteiligen Sie sich aktiv an einem Projekt, das einer emblematischen Art wieder eine Zukunft geben soll.<\/span><\/p>\n<p class=\"x_MsoNormal\"><span lang=\"en-CH\">Klicken Sie unten, um eine Spende zu t\u00e4tigen. Lassen Sie uns gemeinsam das \u00dcberleben des heiligen Krokodils in seinem nat\u00fcrlichen Lebensraum sichern.<\/span><\/p>\n<p>&nbsp;<br \/>\n<a href=\"https:\/\/www.aquatis-fondation.ch\/wp-content\/uploads\/2024\/11\/CrocodileProject2025.pdf\" target=\"_blank\" rel=\"noopener\"> Entdecken Sie das Projekt<\/a><\/p>\n<div id=\"separator\" style=\"margin-bottom: 30px;\"><\/div>\n<p><a href=\"https:\/\/donate.raisenow.io\/rvnzt?lng=fr\" class=\"original-button\" style=\"margin:0 !important\"><i class=\"fa-solid fa-heart\"><\/i>  Eine Spende machen<\/a><\/p>\n<div id=\"separator\" style=\"margin-bottom: 200px;\"><\/div>\n\n\t\t\t<!-- START Slider 1 REVOLUTION SLIDER 6.7.17 --><p class=\"rs-p-wp-fix\"><\/p>\n\t\t\t<rs-module-wrap id=\"rev_slider_2_1_wrapper\" data-source=\"gallery\" style=\"visibility:hidden;background:transparent;padding:0;margin:0px auto;margin-top:0;margin-bottom:0;\">\n\t\t\t\t<rs-module id=\"rev_slider_2_1\" style=\"\" data-version=\"6.7.17\">\n\t\t\t\t\t<rs-slides style=\"overflow: hidden; position: absolute;\">\n\t\t\t\t\t\t<rs-slide style=\"position: absolute;\" data-key=\"rs-10\" data-title=\"Slide\" data-thumb=\"\/\/www.aquatis-fondation.ch\/wp-content\/uploads\/2024\/11\/crocodile1-50x100.jpg\" data-in=\"o:0;\" data-out=\"a:false;\" data-iratio=\"1.04348\">\n\t\t\t\t\t\t\t<img decoding=\"async\" src=\"\/\/www.aquatis-fondation.ch\/wp-content\/plugins\/revslider\/sr6\/assets\/assets\/dummy.png\" alt=\"\" title=\"Krokodil1\" width=\"1080\" height=\"1035\" class=\"rev-slidebg tp-rs-img rs-lazyload\" data-lazyload=\"\/\/www.aquatis-fondation.ch\/wp-content\/uploads\/2024\/11\/crocodile1.jpg\" data-bg=\"f:contain;\" data-no-retina>\n<!---->\t\t\t\t\t<\/rs-slide>\n\t\t\t\t\t\t<rs-slide style=\"position: absolute;\" data-key=\"rs-11\" data-title=\"Slide\" data-thumb=\"\/\/www.aquatis-fondation.ch\/wp-content\/uploads\/2024\/11\/crocodile2-50x100.jpg\" data-in=\"o:0;\" data-out=\"a:false;\" data-iratio=\"1.04348\">\n\t\t\t\t\t\t\t<img decoding=\"async\" src=\"\/\/www.aquatis-fondation.ch\/wp-content\/plugins\/revslider\/sr6\/assets\/assets\/dummy.png\" alt=\"\" title=\"Krokodil2\" width=\"1080\" height=\"1035\" class=\"rev-slidebg tp-rs-img rs-lazyload\" data-lazyload=\"\/\/www.aquatis-fondation.ch\/wp-content\/uploads\/2024\/11\/crocodile2.jpg\" data-bg=\"f:contain;\" data-no-retina>\n<!---->\t\t\t\t\t<\/rs-slide>\n\t\t\t\t\t\t<rs-slide style=\"position: absolute;\" data-key=\"rs-12\" data-title=\"Slide\" data-thumb=\"\/\/www.aquatis-fondation.ch\/wp-content\/uploads\/2024\/11\/crocodile3-50x100.jpg\" data-in=\"o:0;\" data-out=\"a:false;\" data-iratio=\"1.04348\">\n\t\t\t\t\t\t\t<img decoding=\"async\" src=\"\/\/www.aquatis-fondation.ch\/wp-content\/plugins\/revslider\/sr6\/assets\/assets\/dummy.png\" alt=\"\" title=\"Krokodil3\" width=\"1080\" height=\"1035\" class=\"rev-slidebg tp-rs-img rs-lazyload\" data-lazyload=\"\/\/www.aquatis-fondation.ch\/wp-content\/uploads\/2024\/11\/crocodile3.jpg\" data-bg=\"f:contain;\" data-no-retina>\n<!---->\t\t\t\t\t<\/rs-slide>\n\t\t\t\t\t\t<rs-slide style=\"position: absolute;\" data-key=\"rs-13\" data-title=\"Slide\" data-thumb=\"\/\/www.aquatis-fondation.ch\/wp-content\/uploads\/2024\/11\/crocodile4-50x100.jpg\" data-in=\"o:0;\" data-out=\"a:false;\" data-iratio=\"1.04348\">\n\t\t\t\t\t\t\t<img decoding=\"async\" src=\"\/\/www.aquatis-fondation.ch\/wp-content\/plugins\/revslider\/sr6\/assets\/assets\/dummy.png\" alt=\"\" title=\"Krokodil4\" width=\"1080\" height=\"1035\" class=\"rev-slidebg tp-rs-img rs-lazyload\" data-lazyload=\"\/\/www.aquatis-fondation.ch\/wp-content\/uploads\/2024\/11\/crocodile4.jpg\" data-bg=\"f:contain;\" data-no-retina>\n<!---->\t\t\t\t\t<\/rs-slide>\n\t\t\t\t\t\t<rs-slide style=\"position: absolute;\" data-key=\"rs-14\" data-title=\"Slide\" data-thumb=\"\/\/www.aquatis-fondation.ch\/wp-content\/uploads\/2024\/11\/crocodile5-50x100.jpg\" data-in=\"o:0;\" data-out=\"a:false;\" data-iratio=\"1.04348\">\n\t\t\t\t\t\t\t<img decoding=\"async\" src=\"\/\/www.aquatis-fondation.ch\/wp-content\/plugins\/revslider\/sr6\/assets\/assets\/dummy.png\" alt=\"\" title=\"Krokodil5\" width=\"1080\" height=\"1035\" class=\"rev-slidebg tp-rs-img rs-lazyload\" data-lazyload=\"\/\/www.aquatis-fondation.ch\/wp-content\/uploads\/2024\/11\/crocodile5.jpg\" data-bg=\"f:contain;\" data-no-retina>\n<!---->\t\t\t\t\t<\/rs-slide>\n\t\t\t\t\t\t<rs-slide style=\"position: absolute;\" data-key=\"rs-15\" data-title=\"Slide\" data-thumb=\"\/\/www.aquatis-fondation.ch\/wp-content\/uploads\/2024\/11\/crocodile6-50x100.jpg\" data-in=\"o:0;\" data-out=\"a:false;\" data-iratio=\"1.04348\">\n\t\t\t\t\t\t\t<img decoding=\"async\" src=\"\/\/www.aquatis-fondation.ch\/wp-content\/plugins\/revslider\/sr6\/assets\/assets\/dummy.png\" alt=\"\" title=\"Krokodil6\" width=\"1080\" height=\"1035\" class=\"rev-slidebg tp-rs-img rs-lazyload\" data-lazyload=\"\/\/www.aquatis-fondation.ch\/wp-content\/uploads\/2024\/11\/crocodile6.jpg\" data-bg=\"f:contain;\" data-no-retina>\n<!---->\t\t\t\t\t<\/rs-slide>\n\t\t\t\t\t\t<rs-slide style=\"position: absolute;\" data-key=\"rs-16\" data-title=\"Slide\" data-thumb=\"\/\/www.aquatis-fondation.ch\/wp-content\/uploads\/2024\/11\/crocodile7-50x100.jpg\" data-in=\"o:0;\" data-out=\"a:false;\" data-iratio=\"1.04348\">\n\t\t\t\t\t\t\t<img decoding=\"async\" src=\"\/\/www.aquatis-fondation.ch\/wp-content\/plugins\/revslider\/sr6\/assets\/assets\/dummy.png\" alt=\"\" title=\"crocodile7\" width=\"1080\" height=\"1035\" class=\"rev-slidebg tp-rs-img rs-lazyload\" data-lazyload=\"\/\/www.aquatis-fondation.ch\/wp-content\/uploads\/2024\/11\/crocodile7.jpg\" data-bg=\"f:contain;\" data-no-retina>\n<!---->\t\t\t\t\t<\/rs-slide>\n\t\t\t\t\t<\/rs-slides>\n\t\t\t\t<\/rs-module>\n\t\t\t\t<script>\n\t\t\t\t\tsetREVStartSize({c: 'rev_slider_2_1',rl:[1240,1024,778,480],el:[900,768,960,720],gw:[1240,1024,778,480],gh:[900,768,960,720],type:'carousel',justify:'true',layout:'fullwidth',mh:\"0\"});if (window.RS_MODULES!==undefined && window.RS_MODULES.modules!==undefined && window.RS_MODULES.modules[\"revslider21\"]!==undefined) {window.RS_MODULES.modules[\"revslider21\"].once = false;window.revapi2 = undefined;if (window.RS_MODULES.checkMinimal!==undefined) window.RS_MODULES.checkMinimal()}\n\t\t\t\t<\/script>\n\t\t\t<\/rs-module-wrap>\n\t\t\t<!-- END REVOLUTION SLIDER -->","protected":false},"excerpt":{"rendered":"<p>Die AQUATIS Foundation l\u00e4dt Sie ein, sich einer einzigartigen Naturschutzmission anzuschlie\u00dfen: der Wiederansiedlung des Heiligen Krokodils (Crocodylus suchus) in seinem angestammten Lebensraum in Marokko. Diese Art, die fr\u00fcher in der Region ausgestorben war, ist f\u00fcr das Gleichgewicht des \u00d6kosystems von entscheidender Bedeutung. Mit Ihrer Unterst\u00fctzung setzen wir uns f\u00fcr die R\u00fcckkehr dieser bemerkenswerten Kreaturen in die Natur ein und tragen damit [...].<\/p>","protected":false},"author":4,"featured_media":0,"parent":0,"menu_order":0,"comment_status":"closed","ping_status":"closed","template":"","meta":{"_acf_changed":false,"footnotes":""},"class_list":["post-5599","page","type-page","status-publish","hentry"],"acf":[],"yoast_head":"<!-- This site is optimized with the Yoast SEO plugin v25.9 - https:\/\/yoast.com\/wordpress\/plugins\/seo\/ -->\n<title>Aidez-nous \u00e0 ramener le Crocodile Sacr\u00e9 dans la nature - Fondation Aquatis<\/title>\n<meta name=\"robots\" content=\"index, follow, max-snippet:-1, max-image-preview:large, max-video-preview:-1\" \/>\n<link rel=\"canonical\" href=\"https:\/\/www.aquatis-fondation.ch\/de\/crocodile-sacre\/\" \/>\n<meta property=\"og:locale\" content=\"de_DE\" \/>\n<meta property=\"og:type\" content=\"article\" \/>\n<meta property=\"og:title\" content=\"Aidez-nous \u00e0 ramener le Crocodile Sacr\u00e9 dans la nature - Fondation Aquatis\" \/>\n<meta property=\"og:description\" content=\"La Fondation AQUATIS vous invite \u00e0 rejoindre une mission de conservation unique : la r\u00e9introduction du crocodile sacr\u00e9 (Crocodylus suchus) dans son habitat ancestral au Maroc. Cette esp\u00e8ce, autrefois disparue de la r\u00e9gion, est essentielle pour l&rsquo;\u00e9quilibre de l&rsquo;\u00e9cosyst\u00e8me. Avec votre soutien, nous \u0153uvrons pour le retour de ces remarquables cr\u00e9atures dans la nature, contribuant [&hellip;]\" \/>\n<meta property=\"og:url\" content=\"https:\/\/www.aquatis-fondation.ch\/de\/crocodile-sacre\/\" \/>\n<meta property=\"og:site_name\" content=\"Fondation Aquatis\" \/>\n<meta property=\"article:modified_time\" content=\"2024-12-02T06:46:35+00:00\" \/>\n<meta name=\"twitter:card\" content=\"summary_large_image\" \/>\n<meta name=\"twitter:label1\" content=\"Gesch\u00e4tzte Lesezeit\" \/>\n\t<meta name=\"twitter:data1\" content=\"1\u00a0Minute\" \/>\n<script type=\"application\/ld+json\" class=\"yoast-schema-graph\">{\"@context\":\"https:\/\/schema.org\",\"@graph\":[{\"@type\":\"WebPage\",\"@id\":\"https:\/\/www.aquatis-fondation.ch\/crocodile-sacre\/\",\"url\":\"https:\/\/www.aquatis-fondation.ch\/crocodile-sacre\/\",\"name\":\"Aidez-nous \u00e0 ramener le Crocodile Sacr\u00e9 dans la nature - Fondation Aquatis\",\"isPartOf\":{\"@id\":\"https:\/\/www.aquatis-fondation.ch\/#website\"},\"datePublished\":\"2024-11-08T12:47:44+00:00\",\"dateModified\":\"2024-12-02T06:46:35+00:00\",\"breadcrumb\":{\"@id\":\"https:\/\/www.aquatis-fondation.ch\/crocodile-sacre\/#breadcrumb\"},\"inLanguage\":\"de\",\"potentialAction\":[{\"@type\":\"ReadAction\",\"target\":[\"https:\/\/www.aquatis-fondation.ch\/crocodile-sacre\/\"]}]},{\"@type\":\"BreadcrumbList\",\"@id\":\"https:\/\/www.aquatis-fondation.ch\/crocodile-sacre\/#breadcrumb\",\"itemListElement\":[{\"@type\":\"ListItem\",\"position\":1,\"name\":\"Accueil\",\"item\":\"https:\/\/www.aquatis-fondation.ch\/\"},{\"@type\":\"ListItem\",\"position\":2,\"name\":\"Aidez-nous \u00e0 ramener le Crocodile Sacr\u00e9 dans la nature\"}]},{\"@type\":\"WebSite\",\"@id\":\"https:\/\/www.aquatis-fondation.ch\/#website\",\"url\":\"https:\/\/www.aquatis-fondation.ch\/\",\"name\":\"Fondation Aquatis\",\"description\":\"\",\"potentialAction\":[{\"@type\":\"SearchAction\",\"target\":{\"@type\":\"EntryPoint\",\"urlTemplate\":\"https:\/\/www.aquatis-fondation.ch\/?s={search_term_string}\"},\"query-input\":{\"@type\":\"PropertyValueSpecification\",\"valueRequired\":true,\"valueName\":\"search_term_string\"}}],\"inLanguage\":\"de\"}]}<\/script>\n<!-- \/ Yoast SEO plugin. -->","yoast_head_json":{"title":"Helfen Sie uns, das Heilige Krokodil wieder in die Wildnis zu bringen - Fondation Aquatis","robots":{"index":"index","follow":"follow","max-snippet":"max-snippet:-1","max-image-preview":"max-image-preview:large","max-video-preview":"max-video-preview:-1"},"canonical":"https:\/\/www.aquatis-fondation.ch\/de\/crocodile-sacre\/","og_locale":"de_DE","og_type":"article","og_title":"Aidez-nous \u00e0 ramener le Crocodile Sacr\u00e9 dans la nature - Fondation Aquatis","og_description":"La Fondation AQUATIS vous invite \u00e0 rejoindre une mission de conservation unique : la r\u00e9introduction du crocodile sacr\u00e9 (Crocodylus suchus) dans son habitat ancestral au Maroc. Cette esp\u00e8ce, autrefois disparue de la r\u00e9gion, est essentielle pour l&rsquo;\u00e9quilibre de l&rsquo;\u00e9cosyst\u00e8me. Avec votre soutien, nous \u0153uvrons pour le retour de ces remarquables cr\u00e9atures dans la nature, contribuant [&hellip;]","og_url":"https:\/\/www.aquatis-fondation.ch\/de\/crocodile-sacre\/","og_site_name":"Fondation Aquatis","article_modified_time":"2024-12-02T06:46:35+00:00","twitter_card":"summary_large_image","twitter_misc":{"Gesch\u00e4tzte Lesezeit":"1\u00a0Minute"},"schema":{"@context":"https:\/\/schema.org","@graph":[{"@type":"WebPage","@id":"https:\/\/www.aquatis-fondation.ch\/crocodile-sacre\/","url":"https:\/\/www.aquatis-fondation.ch\/crocodile-sacre\/","name":"Helfen Sie uns, das Heilige Krokodil wieder in die Wildnis zu bringen - Fondation Aquatis","isPartOf":{"@id":"https:\/\/www.aquatis-fondation.ch\/#website"},"datePublished":"2024-11-08T12:47:44+00:00","dateModified":"2024-12-02T06:46:35+00:00","breadcrumb":{"@id":"https:\/\/www.aquatis-fondation.ch\/crocodile-sacre\/#breadcrumb"},"inLanguage":"de","potentialAction":[{"@type":"ReadAction","target":["https:\/\/www.aquatis-fondation.ch\/crocodile-sacre\/"]}]},{"@type":"BreadcrumbList","@id":"https:\/\/www.aquatis-fondation.ch\/crocodile-sacre\/#breadcrumb","itemListElement":[{"@type":"ListItem","position":1,"name":"Accueil","item":"https:\/\/www.aquatis-fondation.ch\/"},{"@type":"ListItem","position":2,"name":"Aidez-nous \u00e0 ramener le Crocodile Sacr\u00e9 dans la nature"}]},{"@type":"WebSite","@id":"https:\/\/www.aquatis-fondation.ch\/#website","url":"https:\/\/www.aquatis-fondation.ch\/","name":"Stiftung Aquatis","description":"","potentialAction":[{"@type":"SearchAction","target":{"@type":"EntryPoint","urlTemplate":"https:\/\/www.aquatis-fondation.ch\/?s={search_term_string}"},"query-input":{"@type":"PropertyValueSpecification","valueRequired":true,"valueName":"search_term_string"}}],"inLanguage":"de"}]}},"_links":{"self":[{"href":"https:\/\/www.aquatis-fondation.ch\/de\/wp-json\/wp\/v2\/pages\/5599","targetHints":{"allow":["GET"]}}],"collection":[{"href":"https:\/\/www.aquatis-fondation.ch\/de\/wp-json\/wp\/v2\/pages"}],"about":[{"href":"https:\/\/www.aquatis-fondation.ch\/de\/wp-json\/wp\/v2\/types\/page"}],"author":[{"embeddable":true,"href":"https:\/\/www.aquatis-fondation.ch\/de\/wp-json\/wp\/v2\/users\/4"}],"replies":[{"embeddable":true,"href":"https:\/\/www.aquatis-fondation.ch\/de\/wp-json\/wp\/v2\/comments?post=5599"}],"version-history":[{"count":12,"href":"https:\/\/www.aquatis-fondation.ch\/de\/wp-json\/wp\/v2\/pages\/5599\/revisions"}],"predecessor-version":[{"id":5800,"href":"https:\/\/www.aquatis-fondation.ch\/de\/wp-json\/wp\/v2\/pages\/5599\/revisions\/5800"}],"wp:attachment":[{"href":"https:\/\/www.aquatis-fondation.ch\/de\/wp-json\/wp\/v2\/media?parent=5599"}],"curies":[{"name":"wp","href":"https:\/\/api.w.org\/{rel}","templated":true}]}}