{"id":6043,"date":"2025-01-31T11:51:58","date_gmt":"2025-01-31T10:51:58","guid":{"rendered":"https:\/\/www.aquatis-fondation.ch\/?page_id=6043"},"modified":"2025-09-10T15:01:18","modified_gmt":"2025-09-10T13:01:18","slug":"mission-polaire","status":"publish","type":"page","link":"https:\/\/www.aquatis-fondation.ch\/de\/mission-polaire\/","title":{"rendered":"Polare Mission"},"content":{"rendered":"<h2>AUSSTELLUNG POLARMISSION<\/h2>\n<div class=\"row justify-content\">\n<div class=\"col-lg-6\">\n<p><strong>Eine faszinierende Reise im AQUATIS Aquarium-Vivarium Lausanne zwischen M\u00e4rz 2025 und M\u00e4rz 2026!<\/strong><\/p>\n<ul>\n<li>Erforschen Sie die Pole wie nie zuvor :<\/li>\n<li>Treffen Sie die Entdecker von gestern und heute<\/li>\n<li>Entdecken Sie die Biodiversit\u00e4t extremer Lebensr\u00e4ume<\/li>\n<li>H\u00f6ren Sie den Menschen in diesen abgelegenen Regionen zu<\/li>\n<li>Verstehen Sie die Bedeutung der Pole f\u00fcr unseren Planeten<\/li>\n<\/ul>\n<p>Nach einem riesigen Erfolg im Ozeanographischen Museum in Monaco wird die Ausstellung <strong>POLARMISSION<\/strong> kommt zu <b>AQUATIS <\/b>ab dem <strong>8. M\u00e4rz 2025<\/strong>. Diese immersive Ausstellung erkundet die \u00f6kologischen, sozialen und wissenschaftlichen Herausforderungen der Polarregionen und die Folgen des Klimawandels.<\/p>\n<h3>Eine Reise ins Herz der Klimafragen<\/h3>\n<p>Die Ausstellung bietet einen Rundgang durch thematische R\u00e4ume, um das Bewusstsein f\u00fcr die Dringlichkeit der Polarproblematik zu sch\u00e4rfen. Sie entdecken dort :<\/p>\n<ul style=\"margin-bottom: 30px;\">\n<li>Entdecker und ihre Leistungen angesichts extremer Bedingungen<\/li>\n<li>Populationen und Arten, die in diesen lebensfeindlichen Regionen leben<\/li>\n<li>Zunehmende Bedrohungen f\u00fcr diese fragilen Umgebungen<\/li>\n<\/ul>\n<h3>Die \u00f6kologischen und menschlichen Herausforderungen der Pole<\/h3>\n<p>Die Ausstellung beleuchtet :<\/p>\n<ul>\n<li>Das Schmelzen der Gletscher und seine Auswirkungen auf die biologische Vielfalt<\/li>\n<li>Die globalen Folgen der globalen Erw\u00e4rmung<\/li>\n<li>Die Schwierigkeiten der Polarbev\u00f6lkerung mit diesen Ver\u00e4nderungen<\/li>\n<\/ul>\n<h3>Eine Ausstellung im Zusammenhang mit dem Internationalen Jahr zur Erhaltung der Gletscher<\/h3>\n<p>MISSION POLAIRE f\u00fcgt sich in die gro\u00dfen Umweltthemen von <strong>2025<\/strong>die von den Vereinten Nationen verk\u00fcndet wurden. Sie ist ein Echo auf :<\/p>\n<ul>\n<li>Das Internationale Jahr zur Erhaltung der Gletscher<\/li>\n<li>Die Aktionsdekade f\u00fcr die Kryosph\u00e4renwissenschaften (2025-2034)<\/li>\n<\/ul>\n<\/div>\n<\/div>\n<h3>Eine immersive und verantwortungsvolle Ausstellung<\/h3>\n<p>Weit mehr als nur ein Besuch <strong>POLARMISSION<\/strong> ist ein <strong>Aufruf zum Handeln<\/strong>. Dank der :<\/p>\n<ul>\n<li style=\"list-style-type: none;\">\n<ul>\n<li style=\"list-style-type: none;\">\n<ul>\n<li style=\"list-style-type: none;\">\n<ul>\n<li>Videos<\/li>\n<li>Erfahrungsberichte<\/li>\n<li>Interaktive Installationen<\/li>\n<li>Konferenzen<\/li>\n<\/ul>\n<\/li>\n<\/ul>\n<\/li>\n<\/ul>\n<\/li>\n<\/ul>\n<p><!-- Texte --><\/p>\n<div class=\"event-content\" style=\"flex: 2 1 300px;\">\n<h3><\/h3>\n<h3 style=\"margin-top: 0; color: #2a2a2a;\"><strong>Konferenz<\/strong> von <a href=\"https:\/\/www.linkedin.com\/in\/danielerod\/\">Dani\u00e8le Rod, <\/a>\u00a0<a href=\"https:\/\/swisspolar.ch\/\">Swiss Polar Institute<\/a>\u00a0 - Die Schweiz und die Pole: Was hat das miteinander zu tun?<\/h3>\n<p>Donnerstag, 11. September, 18.30 Uhr in <a href=\"https:\/\/www.aquatis.ch\/\">AQUATIS<\/a>. <a href=\"http:\/\/bit.ly\/426yTsR\">Freier Eintritt nach Anmeldung<\/a><\/p>\n<p>Im Rahmen der Ausstellung \"Mission Polaire\" erforscht dieses Treffen die Rolle der Polarregionen und der Kryosph\u00e4re als wahre Klimaw\u00e4chter. Dani\u00e8le Rod stellt die schweizerische und internationale Forschung vor, vom Monitoring<br \/>\nvom R\u00fcckgang der Gletscher bis hin zu l\u00e4nder\u00fcbergreifenden Kooperationen zur Antizipation von Klimarisiken.<\/p>\n<\/div>\n<p>&nbsp;<\/p>\n<p>&nbsp;<\/p>\n<p>&nbsp;<\/p>\n<p>&nbsp;<\/p>\n<p>&nbsp;<\/p>\n<p>&nbsp;<\/p>\n<ul>\n<li style=\"list-style-type: none;\">\n<div>\n\t\t\t<!-- START Mission polaire REVOLUTION SLIDER 6.7.17 --><p class=\"rs-p-wp-fix\"><\/p>\n\t\t\t<rs-module-wrap id=\"rev_slider_5_1_wrapper\" data-source=\"gallery\" style=\"visibility:hidden;background:transparent;padding:0;margin:0px auto;margin-top:0;margin-bottom:0;\">\n\t\t\t\t<rs-module id=\"rev_slider_5_1\" style=\"\" data-version=\"6.7.17\">\n\t\t\t\t\t<rs-slides style=\"overflow: hidden; position: absolute;\">\n\t\t\t\t\t\t<rs-slide style=\"position: absolute;\" data-key=\"rs-19\" data-title=\"Slide\" data-thumb=\"\/\/www.aquatis-fondation.ch\/wp-content\/uploads\/2025\/03\/mission_polaire_aquatis-50x100.jpg\" data-in=\"o:0;\" data-out=\"a:false;\">\n\t\t\t\t\t\t\t<img decoding=\"async\" src=\"\/\/www.aquatis-fondation.ch\/wp-content\/plugins\/revslider\/sr6\/assets\/assets\/dummy.png\" alt=\"\" title=\"mission_polaire_aquatis\" width=\"1920\" height=\"1280\" class=\"rev-slidebg tp-rs-img rs-lazyload\" data-lazyload=\"\/\/www.aquatis-fondation.ch\/wp-content\/uploads\/2025\/03\/mission_polaire_aquatis.jpg\" data-no-retina>\n<!--\n\t\t\t\t\t\t\t--><rs-layer\n\t\t\t\t\t\t\t\tid=\"slider-5-slide-19-layer-0\" \n\t\t\t\t\t\t\t\tdata-type=\"text\"\n\t\t\t\t\t\t\t\tdata-color=\"#ffffff\"\n\t\t\t\t\t\t\t\tdata-rsp_ch=\"on\"\n\t\t\t\t\t\t\t\tdata-xy=\"x:13px;y:842px;\"\n\t\t\t\t\t\t\t\tdata-text=\"w:normal;s:13;\"\n\t\t\t\t\t\t\t\tdata-dim=\"w:414px;\"\n\t\t\t\t\t\t\t\tdata-frame_999=\"o:0;st:w;\"\n\t\t\t\t\t\t\t\tstyle=\"z-index:5;font-family:'Roboto';\"\n\t\t\t\t\t\t\t>Tauchen unter dem Eis, Unterwasserfotografie. David Herraez Calzada \/ Shutterstock \n\t\t\t\t\t\t\t<\/rs-layer><!--\n-->\t\t\t\t\t<\/rs-slide>\n\t\t\t\t\t\t<rs-slide style=\"position: absolute;\" data-key=\"rs-20\" data-title=\"Slide\" data-thumb=\"\/\/www.aquatis-fondation.ch\/wp-content\/uploads\/2025\/03\/mission_polaire_aquatis2-50x100.jpg\" data-in=\"o:0;\" data-out=\"a:false;\">\n\t\t\t\t\t\t\t<img decoding=\"async\" src=\"\/\/www.aquatis-fondation.ch\/wp-content\/plugins\/revslider\/sr6\/assets\/assets\/dummy.png\" alt=\"\" title=\"mission_polaire_aquatis2\" width=\"1920\" height=\"1282\" class=\"rev-slidebg tp-rs-img rs-lazyload\" data-lazyload=\"\/\/www.aquatis-fondation.ch\/wp-content\/uploads\/2025\/03\/mission_polaire_aquatis2.jpg\" data-no-retina>\n<!--\n\t\t\t\t\t\t\t--><rs-layer\n\t\t\t\t\t\t\t\tid=\"slider-5-slide-20-layer-1\" \n\t\t\t\t\t\t\t\tdata-type=\"text\"\n\t\t\t\t\t\t\t\tdata-color=\"#ffffff\"\n\t\t\t\t\t\t\t\tdata-rsp_ch=\"on\"\n\t\t\t\t\t\t\t\tdata-xy=\"x:23px;y:862px;\"\n\t\t\t\t\t\t\t\tdata-text=\"w:normal;s:13;\"\n\t\t\t\t\t\t\t\tdata-frame_999=\"o:0;st:w;\"\n\t\t\t\t\t\t\t\tstyle=\"z-index:5;font-family:'Roboto';\"\n\t\t\t\t\t\t\t>Tauchen unter dem Eis, Unterwasserfotografie. David Herraez Calzada \/ Shutterstock \n\t\t\t\t\t\t\t<\/rs-layer><!--\n-->\t\t\t\t\t<\/rs-slide>\n\t\t\t\t\t\t<rs-slide style=\"position: absolute;\" data-key=\"rs-21\" data-title=\"Slide\" data-thumb=\"\/\/www.aquatis-fondation.ch\/wp-content\/uploads\/2025\/03\/Glacier_Affiche-scaled-50x100.jpg\" data-in=\"o:0;\" data-out=\"a:false;\">\n\t\t\t\t\t\t\t<img decoding=\"async\" src=\"\/\/www.aquatis-fondation.ch\/wp-content\/plugins\/revslider\/sr6\/assets\/assets\/dummy.png\" alt=\"\" title=\"Arctic Icebergs Greenland North Pole\" width=\"2560\" height=\"1920\" class=\"rev-slidebg tp-rs-img rs-lazyload\" data-lazyload=\"\/\/www.aquatis-fondation.ch\/wp-content\/uploads\/2025\/03\/Glacier_Affiche-scaled.jpg\" data-no-retina>\n<!--\n\t\t\t\t\t\t\t--><rs-layer\n\t\t\t\t\t\t\t\tid=\"slider-5-slide-21-layer-3\" \n\t\t\t\t\t\t\t\tdata-type=\"text\"\n\t\t\t\t\t\t\t\tdata-color=\"#ffffff\"\n\t\t\t\t\t\t\t\tdata-rsp_ch=\"on\"\n\t\t\t\t\t\t\t\tdata-xy=\"x:27px;y:862px;\"\n\t\t\t\t\t\t\t\tdata-text=\"w:normal;s:13;\"\n\t\t\t\t\t\t\t\tdata-frame_999=\"o:0;st:w;\"\n\t\t\t\t\t\t\t\tstyle=\"z-index:6;font-family:'Roboto';\"\n\t\t\t\t\t\t\t>Mlenny\/Arctic Icebergs Gr\u00f6nland Nordpol \/Getty Images \n\t\t\t\t\t\t\t<\/rs-layer><!--\n-->\t\t\t\t\t<\/rs-slide>\n\t\t\t\t\t\t<rs-slide style=\"position: absolute;\" data-key=\"rs-22\" data-title=\"Slide\" data-thumb=\"\/\/www.aquatis-fondation.ch\/wp-content\/uploads\/2025\/03\/mission_polaire_aquatis4-50x100.jpg\" data-in=\"o:0;\" data-out=\"a:false;\">\n\t\t\t\t\t\t\t<img decoding=\"async\" src=\"\/\/www.aquatis-fondation.ch\/wp-content\/plugins\/revslider\/sr6\/assets\/assets\/dummy.png\" alt=\"\" title=\"mission_polaire_aquatis4\" width=\"1920\" height=\"1114\" class=\"rev-slidebg tp-rs-img rs-lazyload\" data-lazyload=\"\/\/www.aquatis-fondation.ch\/wp-content\/uploads\/2025\/03\/mission_polaire_aquatis4.jpg\" data-no-retina>\n<!---->\t\t\t\t\t<\/rs-slide>\n\t\t\t\t\t<\/rs-slides>\n\t\t\t\t<\/rs-module>\n\t\t\t\t<script>\n\t\t\t\t\tsetREVStartSize({c: 'rev_slider_5_1',rl:[1240,1024,778,480],el:[900],gw:[1240],gh:[900],type:'carousel',justify:'',layout:'fullwidth',mh:\"0\"});if (window.RS_MODULES!==undefined && window.RS_MODULES.modules!==undefined && window.RS_MODULES.modules[\"revslider51\"]!==undefined) {window.RS_MODULES.modules[\"revslider51\"].once = false;window.revapi5 = undefined;if (window.RS_MODULES.checkMinimal!==undefined) window.RS_MODULES.checkMinimal()}\n\t\t\t\t<\/script>\n\t\t\t<\/rs-module-wrap>\n\t\t\t<!-- END REVOLUTION SLIDER -->\n<\/div>\n<div id=\"separatorMission\" style=\"margin-bottom: 40px;\"><\/div>\n<h3>Ausstellung erstellt von :<\/h3>\n<div class=\"row justify-content text-center\">\n<div class=\"col-12\"><a href=\"https:\/\/www.oceano.org\/\" target=\"_blank\" rel=\"noopener\"><img decoding=\"async\" src=\"https:\/\/www.aquatis-fondation.ch\/wp-content\/uploads\/2025\/02\/LogoOCEANOInstitut_BLUE_LIGHT_Horizontal-min-scaled.jpg\" width=\"400\" \/><\/a><\/div>\n<\/div>\n<h3>Ein gro\u00dfes Dankesch\u00f6n an unsere Partner f\u00fcr ihre Unterst\u00fctzung<\/h3>\n<div class=\"row justify-content-center text-center\">\n<div class=\"col-lg-4 col-sm-6 col-12 mb-4\"><a href=\"https:\/\/fondation-gelbert.ch\/\" target=\"_blank\" rel=\"noopener\"><br \/>\n<img decoding=\"async\" class=\"img-fluid\" src=\"https:\/\/www.aquatis-fondation.ch\/wp-content\/uploads\/2025\/02\/Logo-Fondation-Gelbert.jpg\" width=\"250\" \/><br \/>\n<\/a><\/div>\n<div class=\"col-lg-4 col-sm-6 col-12 mb-4\"><a href=\"https:\/\/www.ferring.com\/\" target=\"_blank\" rel=\"noopener\"><br \/>\n<img decoding=\"async\" class=\"img-fluid\" src=\"https:\/\/www.aquatis-fondation.ch\/wp-content\/uploads\/2025\/02\/Logo-Ferring-petit.jpg\" width=\"250\" \/><br \/>\n<\/a><\/div>\n<div class=\"col-lg-4 col-sm-6 col-12 mb-4\"><a href=\"https:\/\/www.boas-swiss-hotels.ch\/hotels\" target=\"_blank\" rel=\"noopener\"><br \/>\n<img decoding=\"async\" class=\"img-fluid\" src=\"https:\/\/www.aquatis-fondation.ch\/wp-content\/uploads\/2025\/03\/Fichier-2-1.png\" width=\"250\" \/><br \/>\n<\/a><\/div>\n<\/div>\n<div class=\"row justify-content text-center mt-4 gap-4\" style=\"margin-top: 40px;\">\n<div class=\"col-lg-2 col-sm-4 col-6 mb-4 d-flex justify-content-center\"><a href=\"https:\/\/daxtachem.com\/fr\"><br \/>\n<img decoding=\"async\" class=\"img-fluid\" src=\"https:\/\/www.aquatis-fondation.ch\/wp-content\/uploads\/2025\/03\/Logo-Daxtachem-Fond-Blanc.png\" width=\"150\" \/><br \/>\n<\/a><\/div>\n<div class=\"col-lg-2 col-sm-4 col-6 mb-4 d-flex justify-content-center\"><a href=\"https:\/\/www.tibio.ch\/fr\"><br \/>\n<img decoding=\"async\" class=\"img-fluid\" src=\"https:\/\/www.aquatis-fondation.ch\/wp-content\/uploads\/2025\/03\/tibiodoc.png\" width=\"150\" \/><br \/>\n<\/a><\/div>\n<div class=\"col-lg-2 col-sm-4 col-6 mb-4 d-flex justify-content-center\"><a href=\"https:\/\/swisspolar.ch\/\"><br \/>\n<img decoding=\"async\" class=\"img-fluid\" src=\"https:\/\/www.aquatis-fondation.ch\/wp-content\/uploads\/2025\/03\/Logo-Swiss-Polar-Institute-HD-300x90-1.png\" width=\"150\" \/><br \/>\n<\/a><\/div>\n<div class=\"col-lg-2 col-sm-4 col-6 mb-4 d-flex justify-content-center\"><a href=\"https:\/\/nousprod.ch\/\"><br \/>\n<img decoding=\"async\" class=\"img-fluid\" src=\"https:\/\/www.aquatis-fondation.ch\/wp-content\/uploads\/2025\/03\/nous_logos_rvb.gif\" width=\"150\" \/><br \/>\n<\/a><\/div>\n<div class=\"col-lg-2 col-sm-4 col-6 mb-4 d-flex justify-content-center\"><a href=\"https:\/\/www.friderici.com\/\"><br \/>\n<img decoding=\"async\" class=\"img-fluid\" src=\"https:\/\/www.aquatis-fondation.ch\/wp-content\/uploads\/2025\/03\/Fichier-2.png\" width=\"150\" \/><br \/>\n<\/a><\/div>\n<div class=\"col-lg-2 col-sm-4 col-6 mb-4 d-flex justify-content-center\"><a href=\"https:\/\/altiqa.group\/fr\"><br \/>\n<img decoding=\"async\" class=\"img-fluid\" src=\"https:\/\/www.aquatis-fondation.ch\/wp-content\/uploads\/2025\/03\/1338-2.jpg\" width=\"150\" \/><br \/>\n<\/a><\/div>\n<\/div>\n<\/li>\n<\/ul>\n<p>&nbsp;<\/p>","protected":false},"excerpt":{"rendered":"<p>AUSSTELLUNG MISSION POLAR Eine faszinierende Reise im AQUATIS Aquarium-Vivarium Lausanne zwischen M\u00e4rz 2025 und M\u00e4rz 2026! Erforschen Sie die Pole wie nie zuvor : Treffen Sie die Entdecker von gestern und heute Entdecken Sie die Artenvielfalt extremer Lebensr\u00e4ume H\u00f6ren Sie den Bewohnern dieser entlegenen Regionen zu Verstehen Sie die Bedeutung der Pole f\u00fcr unseren Planeten Nach einem riesigen Erfolg im [...].<\/p>","protected":false},"author":4,"featured_media":0,"parent":0,"menu_order":0,"comment_status":"closed","ping_status":"closed","template":"","meta":{"_acf_changed":false,"footnotes":""},"class_list":["post-6043","page","type-page","status-publish","hentry"],"acf":[],"yoast_head":"<!-- This site is optimized with the Yoast SEO plugin v25.9 - https:\/\/yoast.com\/wordpress\/plugins\/seo\/ -->\n<title>Mission polaire - Fondation Aquatis<\/title>\n<meta name=\"robots\" content=\"index, follow, max-snippet:-1, max-image-preview:large, max-video-preview:-1\" \/>\n<link rel=\"canonical\" href=\"https:\/\/www.aquatis-fondation.ch\/de\/mission-polaire\/\" \/>\n<meta property=\"og:locale\" content=\"de_DE\" \/>\n<meta property=\"og:type\" content=\"article\" \/>\n<meta property=\"og:title\" content=\"Mission polaire - Fondation Aquatis\" \/>\n<meta property=\"og:description\" content=\"EXPOSITION MISSION POLAIRE Un voyage fascinant \u00e0 AQUATIS Aquarium-Vivarium Lausanne entre mars 2025 et mars 2026 ! Explorez les p\u00f4les comme jamais auparavant : Rencontrez les explorateurs d&rsquo;hier et d\u2019aujourd\u2019hui D\u00e9couvrez la biodiversit\u00e9 des milieux extr\u00eames \u00c9coutez les habitants de ces r\u00e9gions recul\u00e9es Comprenez l&rsquo;importance des p\u00f4les pour notre plan\u00e8te Apr\u00e8s un immense succ\u00e8s au [&hellip;]\" \/>\n<meta property=\"og:url\" content=\"https:\/\/www.aquatis-fondation.ch\/de\/mission-polaire\/\" \/>\n<meta property=\"og:site_name\" content=\"Fondation Aquatis\" \/>\n<meta property=\"article:modified_time\" content=\"2025-09-10T13:01:18+00:00\" \/>\n<meta property=\"og:image\" content=\"https:\/\/www.aquatis-fondation.ch\/wp-content\/uploads\/2025\/02\/LogoOCEANOInstitut_BLUE_LIGHT_Horizontal-min-scaled.jpg\" \/>\n<meta name=\"twitter:card\" content=\"summary_large_image\" \/>\n<meta name=\"twitter:label1\" content=\"Gesch\u00e4tzte Lesezeit\" \/>\n\t<meta name=\"twitter:data1\" content=\"4\u00a0Minuten\" \/>\n<script type=\"application\/ld+json\" class=\"yoast-schema-graph\">{\"@context\":\"https:\/\/schema.org\",\"@graph\":[{\"@type\":\"WebPage\",\"@id\":\"https:\/\/www.aquatis-fondation.ch\/mission-polaire\/\",\"url\":\"https:\/\/www.aquatis-fondation.ch\/mission-polaire\/\",\"name\":\"Mission polaire - Fondation Aquatis\",\"isPartOf\":{\"@id\":\"https:\/\/www.aquatis-fondation.ch\/#website\"},\"primaryImageOfPage\":{\"@id\":\"https:\/\/www.aquatis-fondation.ch\/mission-polaire\/#primaryimage\"},\"image\":{\"@id\":\"https:\/\/www.aquatis-fondation.ch\/mission-polaire\/#primaryimage\"},\"thumbnailUrl\":\"https:\/\/www.aquatis-fondation.ch\/wp-content\/uploads\/2025\/02\/LogoOCEANOInstitut_BLUE_LIGHT_Horizontal-min-scaled.jpg\",\"datePublished\":\"2025-01-31T10:51:58+00:00\",\"dateModified\":\"2025-09-10T13:01:18+00:00\",\"breadcrumb\":{\"@id\":\"https:\/\/www.aquatis-fondation.ch\/mission-polaire\/#breadcrumb\"},\"inLanguage\":\"de\",\"potentialAction\":[{\"@type\":\"ReadAction\",\"target\":[\"https:\/\/www.aquatis-fondation.ch\/mission-polaire\/\"]}]},{\"@type\":\"ImageObject\",\"inLanguage\":\"de\",\"@id\":\"https:\/\/www.aquatis-fondation.ch\/mission-polaire\/#primaryimage\",\"url\":\"https:\/\/www.aquatis-fondation.ch\/wp-content\/uploads\/2025\/02\/LogoOCEANOInstitut_BLUE_LIGHT_Horizontal-min-scaled.jpg\",\"contentUrl\":\"https:\/\/www.aquatis-fondation.ch\/wp-content\/uploads\/2025\/02\/LogoOCEANOInstitut_BLUE_LIGHT_Horizontal-min-scaled.jpg\"},{\"@type\":\"BreadcrumbList\",\"@id\":\"https:\/\/www.aquatis-fondation.ch\/mission-polaire\/#breadcrumb\",\"itemListElement\":[{\"@type\":\"ListItem\",\"position\":1,\"name\":\"Accueil\",\"item\":\"https:\/\/www.aquatis-fondation.ch\/\"},{\"@type\":\"ListItem\",\"position\":2,\"name\":\"Mission polaire\"}]},{\"@type\":\"WebSite\",\"@id\":\"https:\/\/www.aquatis-fondation.ch\/#website\",\"url\":\"https:\/\/www.aquatis-fondation.ch\/\",\"name\":\"Fondation Aquatis\",\"description\":\"\",\"potentialAction\":[{\"@type\":\"SearchAction\",\"target\":{\"@type\":\"EntryPoint\",\"urlTemplate\":\"https:\/\/www.aquatis-fondation.ch\/?s={search_term_string}\"},\"query-input\":{\"@type\":\"PropertyValueSpecification\",\"valueRequired\":true,\"valueName\":\"search_term_string\"}}],\"inLanguage\":\"de\"}]}<\/script>\n<!-- \/ Yoast SEO plugin. -->","yoast_head_json":{"title":"Mission polaire - Fondation Aquatis","robots":{"index":"index","follow":"follow","max-snippet":"max-snippet:-1","max-image-preview":"max-image-preview:large","max-video-preview":"max-video-preview:-1"},"canonical":"https:\/\/www.aquatis-fondation.ch\/de\/mission-polaire\/","og_locale":"de_DE","og_type":"article","og_title":"Mission polaire - Fondation Aquatis","og_description":"EXPOSITION MISSION POLAIRE Un voyage fascinant \u00e0 AQUATIS Aquarium-Vivarium Lausanne entre mars 2025 et mars 2026 ! Explorez les p\u00f4les comme jamais auparavant : Rencontrez les explorateurs d&rsquo;hier et d\u2019aujourd\u2019hui D\u00e9couvrez la biodiversit\u00e9 des milieux extr\u00eames \u00c9coutez les habitants de ces r\u00e9gions recul\u00e9es Comprenez l&rsquo;importance des p\u00f4les pour notre plan\u00e8te Apr\u00e8s un immense succ\u00e8s au [&hellip;]","og_url":"https:\/\/www.aquatis-fondation.ch\/de\/mission-polaire\/","og_site_name":"Fondation Aquatis","article_modified_time":"2025-09-10T13:01:18+00:00","og_image":[{"url":"https:\/\/www.aquatis-fondation.ch\/wp-content\/uploads\/2025\/02\/LogoOCEANOInstitut_BLUE_LIGHT_Horizontal-min-scaled.jpg","type":"","width":"","height":""}],"twitter_card":"summary_large_image","twitter_misc":{"Gesch\u00e4tzte Lesezeit":"4\u00a0Minuten"},"schema":{"@context":"https:\/\/schema.org","@graph":[{"@type":"WebPage","@id":"https:\/\/www.aquatis-fondation.ch\/mission-polaire\/","url":"https:\/\/www.aquatis-fondation.ch\/mission-polaire\/","name":"Mission polaire - Fondation Aquatis","isPartOf":{"@id":"https:\/\/www.aquatis-fondation.ch\/#website"},"primaryImageOfPage":{"@id":"https:\/\/www.aquatis-fondation.ch\/mission-polaire\/#primaryimage"},"image":{"@id":"https:\/\/www.aquatis-fondation.ch\/mission-polaire\/#primaryimage"},"thumbnailUrl":"https:\/\/www.aquatis-fondation.ch\/wp-content\/uploads\/2025\/02\/LogoOCEANOInstitut_BLUE_LIGHT_Horizontal-min-scaled.jpg","datePublished":"2025-01-31T10:51:58+00:00","dateModified":"2025-09-10T13:01:18+00:00","breadcrumb":{"@id":"https:\/\/www.aquatis-fondation.ch\/mission-polaire\/#breadcrumb"},"inLanguage":"de","potentialAction":[{"@type":"ReadAction","target":["https:\/\/www.aquatis-fondation.ch\/mission-polaire\/"]}]},{"@type":"ImageObject","inLanguage":"de","@id":"https:\/\/www.aquatis-fondation.ch\/mission-polaire\/#primaryimage","url":"https:\/\/www.aquatis-fondation.ch\/wp-content\/uploads\/2025\/02\/LogoOCEANOInstitut_BLUE_LIGHT_Horizontal-min-scaled.jpg","contentUrl":"https:\/\/www.aquatis-fondation.ch\/wp-content\/uploads\/2025\/02\/LogoOCEANOInstitut_BLUE_LIGHT_Horizontal-min-scaled.jpg"},{"@type":"BreadcrumbList","@id":"https:\/\/www.aquatis-fondation.ch\/mission-polaire\/#breadcrumb","itemListElement":[{"@type":"ListItem","position":1,"name":"Accueil","item":"https:\/\/www.aquatis-fondation.ch\/"},{"@type":"ListItem","position":2,"name":"Mission polaire"}]},{"@type":"WebSite","@id":"https:\/\/www.aquatis-fondation.ch\/#website","url":"https:\/\/www.aquatis-fondation.ch\/","name":"Stiftung Aquatis","description":"","potentialAction":[{"@type":"SearchAction","target":{"@type":"EntryPoint","urlTemplate":"https:\/\/www.aquatis-fondation.ch\/?s={search_term_string}"},"query-input":{"@type":"PropertyValueSpecification","valueRequired":true,"valueName":"search_term_string"}}],"inLanguage":"de"}]}},"_links":{"self":[{"href":"https:\/\/www.aquatis-fondation.ch\/de\/wp-json\/wp\/v2\/pages\/6043","targetHints":{"allow":["GET"]}}],"collection":[{"href":"https:\/\/www.aquatis-fondation.ch\/de\/wp-json\/wp\/v2\/pages"}],"about":[{"href":"https:\/\/www.aquatis-fondation.ch\/de\/wp-json\/wp\/v2\/types\/page"}],"author":[{"embeddable":true,"href":"https:\/\/www.aquatis-fondation.ch\/de\/wp-json\/wp\/v2\/users\/4"}],"replies":[{"embeddable":true,"href":"https:\/\/www.aquatis-fondation.ch\/de\/wp-json\/wp\/v2\/comments?post=6043"}],"version-history":[{"count":68,"href":"https:\/\/www.aquatis-fondation.ch\/de\/wp-json\/wp\/v2\/pages\/6043\/revisions"}],"predecessor-version":[{"id":6584,"href":"https:\/\/www.aquatis-fondation.ch\/de\/wp-json\/wp\/v2\/pages\/6043\/revisions\/6584"}],"wp:attachment":[{"href":"https:\/\/www.aquatis-fondation.ch\/de\/wp-json\/wp\/v2\/media?parent=6043"}],"curies":[{"name":"wp","href":"https:\/\/api.w.org\/{rel}","templated":true}]}}