{"id":65,"date":"2017-07-31T23:13:03","date_gmt":"2017-07-31T21:13:03","guid":{"rendered":"https:\/\/aquatis-fondation.ch\/?page_id=65"},"modified":"2024-11-12T17:04:45","modified_gmt":"2024-11-12T16:04:45","slug":"partenaires","status":"publish","type":"page","link":"https:\/\/www.aquatis-fondation.ch\/de\/partenaires\/","title":{"rendered":"Partner"},"content":{"rendered":"<p>In ihrem Auftrag, die Menschen zur nachhaltigen Entwicklung zu erziehen, findet die Stiftung Aquatis Unterst\u00fctzung bei Partnern, die sich aktiv f\u00fcr den Erhalt, die Erforschung der Biodiversit\u00e4t und die nachhaltige Entwicklung einsetzen.<\/p>\n<p>Um von zuverl\u00e4ssigen und aktuellen wissenschaftlichen Inhalten innerhalb des Besuchsparcours von AQUATIS Aquarium-Vivarium Lausanne zu profitieren und die Verbindungen zwischen der wissenschaftlichen Gemeinschaft und der breiten \u00d6ffentlichkeit zu st\u00e4rken, entwickelt die Stiftung Aquatis Partnerschaften mit Nichtregierungsorganisationen, Universit\u00e4ten und Forschungszentren :<\/p>","protected":false},"excerpt":{"rendered":"<p>In ihrem Auftrag, die Menschen zur nachhaltigen Entwicklung zu erziehen, findet die Stiftung Aquatis Unterst\u00fctzung bei Partnern, die sich aktiv f\u00fcr den Erhalt, die Erforschung der Biodiversit\u00e4t und die nachhaltige Entwicklung einsetzen. Um von zuverl\u00e4ssigen und aktuellen wissenschaftlichen Inhalten innerhalb des Besuchsparcours von AQUATIS Aquarium-Vivarium Lausanne zu profitieren und die Verbindungen zwischen der wissenschaftlichen Gemeinschaft [...] zu st\u00e4rken, [...].<\/p>","protected":false},"author":2,"featured_media":0,"parent":0,"menu_order":0,"comment_status":"closed","ping_status":"closed","template":"template-partenaires.php","meta":{"_acf_changed":false,"footnotes":""},"class_list":["post-65","page","type-page","status-publish","hentry"],"acf":[],"yoast_head":"<!-- This site is optimized with the Yoast SEO plugin v25.9 - https:\/\/yoast.com\/wordpress\/plugins\/seo\/ -->\n<title>Partenaires - Fondation Aquatis<\/title>\n<meta name=\"robots\" content=\"index, follow, max-snippet:-1, max-image-preview:large, max-video-preview:-1\" \/>\n<link rel=\"canonical\" href=\"https:\/\/www.aquatis-fondation.ch\/de\/partenaires\/\" \/>\n<meta property=\"og:locale\" content=\"de_DE\" \/>\n<meta property=\"og:type\" content=\"article\" \/>\n<meta property=\"og:title\" content=\"Partenaires - Fondation Aquatis\" \/>\n<meta property=\"og:description\" content=\"Dans sa mission d\u2019\u00e9ducation au d\u00e9veloppement durable, la Fondation Aquatis trouve appui aupr\u00e8s de partenaires engag\u00e9s activement dans la conservation, l\u2019\u00e9tude de la biodiversit\u00e9 et le d\u00e9veloppement durable. Afin de b\u00e9n\u00e9ficier de contenus scientifiques fiables et actuels au sein du parcours de visite d\u2019AQUATIS Aquarium-Vivarium Lausanne et de renforcer les liens entre la communaut\u00e9 scientifique [&hellip;]\" \/>\n<meta property=\"og:url\" content=\"https:\/\/www.aquatis-fondation.ch\/de\/partenaires\/\" \/>\n<meta property=\"og:site_name\" content=\"Fondation Aquatis\" \/>\n<meta property=\"article:modified_time\" content=\"2024-11-12T16:04:45+00:00\" \/>\n<meta name=\"twitter:card\" content=\"summary_large_image\" \/>\n<meta name=\"twitter:label1\" content=\"Gesch\u00e4tzte Lesezeit\" \/>\n\t<meta name=\"twitter:data1\" content=\"1\u00a0Minute\" \/>\n<script type=\"application\/ld+json\" class=\"yoast-schema-graph\">{\"@context\":\"https:\/\/schema.org\",\"@graph\":[{\"@type\":\"WebPage\",\"@id\":\"https:\/\/www.aquatis-fondation.ch\/partenaires\/\",\"url\":\"https:\/\/www.aquatis-fondation.ch\/partenaires\/\",\"name\":\"Partenaires - Fondation Aquatis\",\"isPartOf\":{\"@id\":\"https:\/\/www.aquatis-fondation.ch\/#website\"},\"datePublished\":\"2017-07-31T21:13:03+00:00\",\"dateModified\":\"2024-11-12T16:04:45+00:00\",\"breadcrumb\":{\"@id\":\"https:\/\/www.aquatis-fondation.ch\/partenaires\/#breadcrumb\"},\"inLanguage\":\"de\",\"potentialAction\":[{\"@type\":\"ReadAction\",\"target\":[\"https:\/\/www.aquatis-fondation.ch\/partenaires\/\"]}]},{\"@type\":\"BreadcrumbList\",\"@id\":\"https:\/\/www.aquatis-fondation.ch\/partenaires\/#breadcrumb\",\"itemListElement\":[{\"@type\":\"ListItem\",\"position\":1,\"name\":\"Accueil\",\"item\":\"https:\/\/www.aquatis-fondation.ch\/\"},{\"@type\":\"ListItem\",\"position\":2,\"name\":\"Partenaires\"}]},{\"@type\":\"WebSite\",\"@id\":\"https:\/\/www.aquatis-fondation.ch\/#website\",\"url\":\"https:\/\/www.aquatis-fondation.ch\/\",\"name\":\"Fondation Aquatis\",\"description\":\"\",\"potentialAction\":[{\"@type\":\"SearchAction\",\"target\":{\"@type\":\"EntryPoint\",\"urlTemplate\":\"https:\/\/www.aquatis-fondation.ch\/?s={search_term_string}\"},\"query-input\":{\"@type\":\"PropertyValueSpecification\",\"valueRequired\":true,\"valueName\":\"search_term_string\"}}],\"inLanguage\":\"de\"}]}<\/script>\n<!-- \/ Yoast SEO plugin. -->","yoast_head_json":{"title":"Partenaires - Fondation Aquatis","robots":{"index":"index","follow":"follow","max-snippet":"max-snippet:-1","max-image-preview":"max-image-preview:large","max-video-preview":"max-video-preview:-1"},"canonical":"https:\/\/www.aquatis-fondation.ch\/de\/partenaires\/","og_locale":"de_DE","og_type":"article","og_title":"Partenaires - Fondation Aquatis","og_description":"Dans sa mission d\u2019\u00e9ducation au d\u00e9veloppement durable, la Fondation Aquatis trouve appui aupr\u00e8s de partenaires engag\u00e9s activement dans la conservation, l\u2019\u00e9tude de la biodiversit\u00e9 et le d\u00e9veloppement durable. Afin de b\u00e9n\u00e9ficier de contenus scientifiques fiables et actuels au sein du parcours de visite d\u2019AQUATIS Aquarium-Vivarium Lausanne et de renforcer les liens entre la communaut\u00e9 scientifique [&hellip;]","og_url":"https:\/\/www.aquatis-fondation.ch\/de\/partenaires\/","og_site_name":"Fondation Aquatis","article_modified_time":"2024-11-12T16:04:45+00:00","twitter_card":"summary_large_image","twitter_misc":{"Gesch\u00e4tzte Lesezeit":"1\u00a0Minute"},"schema":{"@context":"https:\/\/schema.org","@graph":[{"@type":"WebPage","@id":"https:\/\/www.aquatis-fondation.ch\/partenaires\/","url":"https:\/\/www.aquatis-fondation.ch\/partenaires\/","name":"Partenaires - Fondation Aquatis","isPartOf":{"@id":"https:\/\/www.aquatis-fondation.ch\/#website"},"datePublished":"2017-07-31T21:13:03+00:00","dateModified":"2024-11-12T16:04:45+00:00","breadcrumb":{"@id":"https:\/\/www.aquatis-fondation.ch\/partenaires\/#breadcrumb"},"inLanguage":"de","potentialAction":[{"@type":"ReadAction","target":["https:\/\/www.aquatis-fondation.ch\/partenaires\/"]}]},{"@type":"BreadcrumbList","@id":"https:\/\/www.aquatis-fondation.ch\/partenaires\/#breadcrumb","itemListElement":[{"@type":"ListItem","position":1,"name":"Accueil","item":"https:\/\/www.aquatis-fondation.ch\/"},{"@type":"ListItem","position":2,"name":"Partenaires"}]},{"@type":"WebSite","@id":"https:\/\/www.aquatis-fondation.ch\/#website","url":"https:\/\/www.aquatis-fondation.ch\/","name":"Stiftung Aquatis","description":"","potentialAction":[{"@type":"SearchAction","target":{"@type":"EntryPoint","urlTemplate":"https:\/\/www.aquatis-fondation.ch\/?s={search_term_string}"},"query-input":{"@type":"PropertyValueSpecification","valueRequired":true,"valueName":"search_term_string"}}],"inLanguage":"de"}]}},"_links":{"self":[{"href":"https:\/\/www.aquatis-fondation.ch\/de\/wp-json\/wp\/v2\/pages\/65","targetHints":{"allow":["GET"]}}],"collection":[{"href":"https:\/\/www.aquatis-fondation.ch\/de\/wp-json\/wp\/v2\/pages"}],"about":[{"href":"https:\/\/www.aquatis-fondation.ch\/de\/wp-json\/wp\/v2\/types\/page"}],"author":[{"embeddable":true,"href":"https:\/\/www.aquatis-fondation.ch\/de\/wp-json\/wp\/v2\/users\/2"}],"replies":[{"embeddable":true,"href":"https:\/\/www.aquatis-fondation.ch\/de\/wp-json\/wp\/v2\/comments?post=65"}],"version-history":[{"count":17,"href":"https:\/\/www.aquatis-fondation.ch\/de\/wp-json\/wp\/v2\/pages\/65\/revisions"}],"predecessor-version":[{"id":5722,"href":"https:\/\/www.aquatis-fondation.ch\/de\/wp-json\/wp\/v2\/pages\/65\/revisions\/5722"}],"wp:attachment":[{"href":"https:\/\/www.aquatis-fondation.ch\/de\/wp-json\/wp\/v2\/media?parent=65"}],"curies":[{"name":"wp","href":"https:\/\/api.w.org\/{rel}","templated":true}]}}