{"id":90,"date":"2017-08-01T11:07:34","date_gmt":"2017-08-01T09:07:34","guid":{"rendered":"https:\/\/aquatis-fondation.ch\/?page_id=90"},"modified":"2024-12-02T07:47:25","modified_gmt":"2024-12-02T06:47:25","slug":"nous-soutenir","status":"publish","type":"page","link":"https:\/\/www.aquatis-fondation.ch\/de\/nous-soutenir\/","title":{"rendered":"Uns unterst\u00fctzen"},"content":{"rendered":"<p>Durch die Unterst\u00fctzung der Aquatis-Stiftung tragen Sie aktiv zur F\u00f6rderung der Umwelterziehung und der nachhaltigen Entwicklung bei. Diese Initiative st\u00fctzt sich auf die drei mit dem Wasser verbundenen Dimensionen: Umwelt, Energie und soziale Herausforderungen, und bringt gleichzeitig die oft verkannten aquatischen Lebensr\u00e4ume zur Geltung.<\/p>\n<p style=\"text-align: left;\"><strong>Privatpersonen<\/strong><\/p>\n<p style=\"text-align: left;\">Wenn Sie eine Privatperson sind, sollten Sie wissen, dass die Stiftung Aquatis als gemeinn\u00fctzig anerkannt ist und dass Ihre Spenden steuerlich absetzbar sind. Sie k\u00f6nnen unsere Projekte unterst\u00fctzen, indem Sie eine Spende auf das Konto der Credit Suisse, Lausanne, \u00fcberweisen.<\/p>\n<p style=\"text-align: left;\">IBAN: CH46 0483 5098 8406 9100 0<\/p>\n<p style=\"text-align: left;\"><strong>Oder \u00fcber unser Online-Formular<\/strong><\/p>\n<p><a href=\"https:\/\/donate.raisenow.io\/rvnzt?lng=fr\" class=\"original-button\"><i class=\"fa-solid fa-heart\"><\/i>  Eine Spende machen<\/a><\/p>\n<p style=\"text-align: left;\"><strong>Unternehmen und Stiftungen<\/strong><\/p>\n<p style=\"text-align: left;\">Wenn Sie ein Unternehmen oder eine Stiftung sind, w\u00fcrden wir uns freuen, Sie zu treffen, um einen individuellen Vorschlag f\u00fcr Sie zu entwickeln.<\/p>\n<p style=\"text-align: left;\">F\u00fcr weitere Informationen k\u00f6nnen Sie sich gerne an uns wenden. Wir danken Ihnen im Voraus f\u00fcr Ihre Unterst\u00fctzung.<\/p>","protected":false},"excerpt":{"rendered":"<p>Durch die Unterst\u00fctzung der Aquatis-Stiftung tragen Sie aktiv zur F\u00f6rderung der Umwelterziehung und der nachhaltigen Entwicklung bei. Diese Initiative st\u00fctzt sich auf die drei mit dem Wasser verbundenen Dimensionen: Umwelt, Energie und soziale Herausforderungen, und bringt gleichzeitig die oft verkannten aquatischen Lebensr\u00e4ume zur Geltung. Privatpersonen Wenn Sie eine Privatperson sind, sollten Sie wissen, dass die Stiftung [...].<\/p>","protected":false},"author":2,"featured_media":0,"parent":0,"menu_order":0,"comment_status":"closed","ping_status":"closed","template":"template-donation.php","meta":{"_acf_changed":false,"footnotes":""},"class_list":["post-90","page","type-page","status-publish","hentry"],"acf":[],"yoast_head":"<!-- This site is optimized with the Yoast SEO plugin v25.9 - https:\/\/yoast.com\/wordpress\/plugins\/seo\/ -->\n<title>Nous soutenir - Fondation Aquatis<\/title>\n<meta name=\"robots\" content=\"index, follow, max-snippet:-1, max-image-preview:large, max-video-preview:-1\" \/>\n<link rel=\"canonical\" href=\"https:\/\/www.aquatis-fondation.ch\/de\/nous-soutenir\/\" \/>\n<meta property=\"og:locale\" content=\"de_DE\" \/>\n<meta property=\"og:type\" content=\"article\" \/>\n<meta property=\"og:title\" content=\"Nous soutenir - Fondation Aquatis\" \/>\n<meta property=\"og:description\" content=\"En soutenant la Fondation Aquatis, vous participez activement \u00e0 la promotion de l&rsquo;\u00e9ducation environnementale et du d\u00e9veloppement durable. Cette initiative s&rsquo;appuie sur les trois dimensions li\u00e9es \u00e0 l&rsquo;eau : l&rsquo;environnement, l&rsquo;\u00e9nergie et les enjeux sociaux, tout en mettant en valeur des milieux aquatiques souvent m\u00e9connus. Particuliers Si vous \u00eates un particulier, sachez que la Fondation [&hellip;]\" \/>\n<meta property=\"og:url\" content=\"https:\/\/www.aquatis-fondation.ch\/de\/nous-soutenir\/\" \/>\n<meta property=\"og:site_name\" content=\"Fondation Aquatis\" \/>\n<meta property=\"article:modified_time\" content=\"2024-12-02T06:47:25+00:00\" \/>\n<meta name=\"twitter:card\" content=\"summary_large_image\" \/>\n<meta name=\"twitter:label1\" content=\"Gesch\u00e4tzte Lesezeit\" \/>\n\t<meta name=\"twitter:data1\" content=\"1\u00a0Minute\" \/>\n<script type=\"application\/ld+json\" class=\"yoast-schema-graph\">{\"@context\":\"https:\/\/schema.org\",\"@graph\":[{\"@type\":\"WebPage\",\"@id\":\"https:\/\/www.aquatis-fondation.ch\/nous-soutenir\/\",\"url\":\"https:\/\/www.aquatis-fondation.ch\/nous-soutenir\/\",\"name\":\"Nous soutenir - Fondation Aquatis\",\"isPartOf\":{\"@id\":\"https:\/\/www.aquatis-fondation.ch\/#website\"},\"datePublished\":\"2017-08-01T09:07:34+00:00\",\"dateModified\":\"2024-12-02T06:47:25+00:00\",\"breadcrumb\":{\"@id\":\"https:\/\/www.aquatis-fondation.ch\/nous-soutenir\/#breadcrumb\"},\"inLanguage\":\"de\",\"potentialAction\":[{\"@type\":\"ReadAction\",\"target\":[\"https:\/\/www.aquatis-fondation.ch\/nous-soutenir\/\"]}]},{\"@type\":\"BreadcrumbList\",\"@id\":\"https:\/\/www.aquatis-fondation.ch\/nous-soutenir\/#breadcrumb\",\"itemListElement\":[{\"@type\":\"ListItem\",\"position\":1,\"name\":\"Accueil\",\"item\":\"https:\/\/www.aquatis-fondation.ch\/\"},{\"@type\":\"ListItem\",\"position\":2,\"name\":\"Nous soutenir\"}]},{\"@type\":\"WebSite\",\"@id\":\"https:\/\/www.aquatis-fondation.ch\/#website\",\"url\":\"https:\/\/www.aquatis-fondation.ch\/\",\"name\":\"Fondation Aquatis\",\"description\":\"\",\"potentialAction\":[{\"@type\":\"SearchAction\",\"target\":{\"@type\":\"EntryPoint\",\"urlTemplate\":\"https:\/\/www.aquatis-fondation.ch\/?s={search_term_string}\"},\"query-input\":{\"@type\":\"PropertyValueSpecification\",\"valueRequired\":true,\"valueName\":\"search_term_string\"}}],\"inLanguage\":\"de\"}]}<\/script>\n<!-- \/ Yoast SEO plugin. -->","yoast_head_json":{"title":"Nous soutenir - Fondation Aquatis","robots":{"index":"index","follow":"follow","max-snippet":"max-snippet:-1","max-image-preview":"max-image-preview:large","max-video-preview":"max-video-preview:-1"},"canonical":"https:\/\/www.aquatis-fondation.ch\/de\/nous-soutenir\/","og_locale":"de_DE","og_type":"article","og_title":"Nous soutenir - Fondation Aquatis","og_description":"En soutenant la Fondation Aquatis, vous participez activement \u00e0 la promotion de l&rsquo;\u00e9ducation environnementale et du d\u00e9veloppement durable. Cette initiative s&rsquo;appuie sur les trois dimensions li\u00e9es \u00e0 l&rsquo;eau : l&rsquo;environnement, l&rsquo;\u00e9nergie et les enjeux sociaux, tout en mettant en valeur des milieux aquatiques souvent m\u00e9connus. Particuliers Si vous \u00eates un particulier, sachez que la Fondation [&hellip;]","og_url":"https:\/\/www.aquatis-fondation.ch\/de\/nous-soutenir\/","og_site_name":"Fondation Aquatis","article_modified_time":"2024-12-02T06:47:25+00:00","twitter_card":"summary_large_image","twitter_misc":{"Gesch\u00e4tzte Lesezeit":"1\u00a0Minute"},"schema":{"@context":"https:\/\/schema.org","@graph":[{"@type":"WebPage","@id":"https:\/\/www.aquatis-fondation.ch\/nous-soutenir\/","url":"https:\/\/www.aquatis-fondation.ch\/nous-soutenir\/","name":"Nous soutenir - Fondation Aquatis","isPartOf":{"@id":"https:\/\/www.aquatis-fondation.ch\/#website"},"datePublished":"2017-08-01T09:07:34+00:00","dateModified":"2024-12-02T06:47:25+00:00","breadcrumb":{"@id":"https:\/\/www.aquatis-fondation.ch\/nous-soutenir\/#breadcrumb"},"inLanguage":"de","potentialAction":[{"@type":"ReadAction","target":["https:\/\/www.aquatis-fondation.ch\/nous-soutenir\/"]}]},{"@type":"BreadcrumbList","@id":"https:\/\/www.aquatis-fondation.ch\/nous-soutenir\/#breadcrumb","itemListElement":[{"@type":"ListItem","position":1,"name":"Accueil","item":"https:\/\/www.aquatis-fondation.ch\/"},{"@type":"ListItem","position":2,"name":"Nous soutenir"}]},{"@type":"WebSite","@id":"https:\/\/www.aquatis-fondation.ch\/#website","url":"https:\/\/www.aquatis-fondation.ch\/","name":"Stiftung Aquatis","description":"","potentialAction":[{"@type":"SearchAction","target":{"@type":"EntryPoint","urlTemplate":"https:\/\/www.aquatis-fondation.ch\/?s={search_term_string}"},"query-input":{"@type":"PropertyValueSpecification","valueRequired":true,"valueName":"search_term_string"}}],"inLanguage":"de"}]}},"_links":{"self":[{"href":"https:\/\/www.aquatis-fondation.ch\/de\/wp-json\/wp\/v2\/pages\/90","targetHints":{"allow":["GET"]}}],"collection":[{"href":"https:\/\/www.aquatis-fondation.ch\/de\/wp-json\/wp\/v2\/pages"}],"about":[{"href":"https:\/\/www.aquatis-fondation.ch\/de\/wp-json\/wp\/v2\/types\/page"}],"author":[{"embeddable":true,"href":"https:\/\/www.aquatis-fondation.ch\/de\/wp-json\/wp\/v2\/users\/2"}],"replies":[{"embeddable":true,"href":"https:\/\/www.aquatis-fondation.ch\/de\/wp-json\/wp\/v2\/comments?post=90"}],"version-history":[{"count":14,"href":"https:\/\/www.aquatis-fondation.ch\/de\/wp-json\/wp\/v2\/pages\/90\/revisions"}],"predecessor-version":[{"id":5802,"href":"https:\/\/www.aquatis-fondation.ch\/de\/wp-json\/wp\/v2\/pages\/90\/revisions\/5802"}],"wp:attachment":[{"href":"https:\/\/www.aquatis-fondation.ch\/de\/wp-json\/wp\/v2\/media?parent=90"}],"curies":[{"name":"wp","href":"https:\/\/api.w.org\/{rel}","templated":true}]}}