{"id":191,"date":"2017-08-14T13:29:50","date_gmt":"2017-08-14T11:29:50","guid":{"rendered":"https:\/\/www.aquatis-fondation.ch\/?page_id=191"},"modified":"2025-10-22T13:06:52","modified_gmt":"2025-10-22T11:06:52","slug":"accueil","status":"publish","type":"page","link":"https:\/\/www.aquatis-fondation.ch\/en\/","title":{"rendered":"Home"},"content":{"rendered":"<!-- START accueil REVOLUTION SLIDER 6.7.17 --><p class=\"rs-p-wp-fix\"><\/p>\n\t\t\t<rs-module-wrap id=\"rev_slider_1_1_wrapper\" data-source=\"gallery\" style=\"visibility:hidden;background:transparent;padding:0;margin:0px auto;margin-top:0;margin-bottom:0;\">\n\t\t\t\t<rs-module id=\"rev_slider_1_1\" style=\"\" data-version=\"6.7.17\">\n\t\t\t\t\t<rs-slides style=\"overflow: hidden; position: absolute;\">\n\t\t\t\t\t\t<rs-slide style=\"position: absolute;\" data-key=\"rs-1\" data-title=\"Slide\" data-thumb=\"\/\/www.aquatis-fondation.ch\/wp-content\/uploads\/2017\/07\/U10-014-100x50.jpg\" data-anim=\"adpr:false;\">\n\t\t\t\t\t\t\t<img decoding=\"async\" src=\"\/\/www.aquatis-fondation.ch\/wp-content\/plugins\/revslider\/sr6\/assets\/assets\/dummy.png\" alt=\"\" title=\"Home\" class=\"rev-slidebg tp-rs-img rs-lazyload\" data-lazyload=\"\/\/www.aquatis-fondation.ch\/wp-content\/uploads\/2017\/07\/U10-014.jpg\" data-no-retina>\n<!---->\t\t\t\t\t<\/rs-slide>\n\t\t\t\t\t\t<rs-slide style=\"position: absolute;\" data-key=\"rs-2\" data-title=\"Slide\" data-thumb=\"\/\/www.aquatis-fondation.ch\/wp-content\/uploads\/2017\/08\/DSC_4463-e1567854256872-100x50.jpg\" data-anim=\"adpr:false;\">\n\t\t\t\t\t\t\t<img decoding=\"async\" src=\"\/\/www.aquatis-fondation.ch\/wp-content\/plugins\/revslider\/sr6\/assets\/assets\/dummy.png\" alt=\"\" title=\"Home\" class=\"rev-slidebg tp-rs-img rs-lazyload\" data-lazyload=\"\/\/www.aquatis-fondation.ch\/wp-content\/uploads\/2017\/08\/DSC_4463-e1567854256872.jpg\" data-no-retina>\n<!---->\t\t\t\t\t<\/rs-slide>\n\t\t\t\t\t\t<rs-slide style=\"position: absolute;\" data-key=\"rs-3\" data-title=\"Slide\" data-thumb=\"\/\/www.aquatis-fondation.ch\/wp-content\/uploads\/2017\/08\/IMG_2943-100x50.jpg\" data-anim=\"adpr:false;\">\n\t\t\t\t\t\t\t<img decoding=\"async\" src=\"\/\/www.aquatis-fondation.ch\/wp-content\/plugins\/revslider\/sr6\/assets\/assets\/dummy.png\" alt=\"\" title=\"Home\" class=\"rev-slidebg tp-rs-img rs-lazyload\" data-lazyload=\"\/\/www.aquatis-fondation.ch\/wp-content\/uploads\/2017\/08\/IMG_2943.jpg\" data-no-retina>\n<!---->\t\t\t\t\t<\/rs-slide>\n\t\t\t\t\t\t<rs-slide style=\"position: absolute;\" data-key=\"rs-4\" data-title=\"Slide\" data-thumb=\"\/\/www.aquatis-fondation.ch\/wp-content\/uploads\/2017\/08\/U06-069-100x50.jpg\" data-anim=\"adpr:false;\">\n\t\t\t\t\t\t\t<img decoding=\"async\" src=\"\/\/www.aquatis-fondation.ch\/wp-content\/plugins\/revslider\/sr6\/assets\/assets\/dummy.png\" alt=\"\" title=\"Home\" class=\"rev-slidebg tp-rs-img rs-lazyload\" data-lazyload=\"\/\/www.aquatis-fondation.ch\/wp-content\/uploads\/2017\/08\/U06-069.jpg\" data-no-retina>\n<!---->\t\t\t\t\t<\/rs-slide>\n\t\t\t\t\t\t<rs-slide style=\"position: absolute;\" data-key=\"rs-9\" data-title=\"Slide\" data-thumb=\"\/\/www.aquatis-fondation.ch\/wp-content\/uploads\/2019\/09\/affiche-F12_back_2-e1567853988618-100x50.jpg\" data-anim=\"adpr:false;\">\n\t\t\t\t\t\t\t<img decoding=\"async\" src=\"\/\/www.aquatis-fondation.ch\/wp-content\/plugins\/revslider\/sr6\/assets\/assets\/dummy.png\" alt=\"\" title=\"Home\" class=\"rev-slidebg tp-rs-img rs-lazyload\" data-lazyload=\"\/\/www.aquatis-fondation.ch\/wp-content\/uploads\/2019\/09\/affiche-F12_back_2-e1567853988618.jpg\" data-no-retina>\n<!---->\t\t\t\t\t<\/rs-slide>\n\t\t\t\t\t<\/rs-slides>\n\t\t\t\t\t<rs-static-layers class=\"rs-stl-visible\"><!--\n\n\t\t\t\t\t\t\t--><rs-layer\n\t\t\t\t\t\t\t\tid=\"slider-1-slide-1-layer-0\" \n\t\t\t\t\t\t\t\tclass=\"rs-layer-static\"\n\t\t\t\t\t\t\t\tdata-type=\"text\"\n\t\t\t\t\t\t\t\tdata-rsp_ch=\"on\"\n\t\t\t\t\t\t\t\tdata-xy=\"xo:388px,388px,388px,149px;yo:294px,294px,294px,112px;\"\n\t\t\t\t\t\t\t\tdata-text=\"w:normal;s:24,24,24,8;l:30,30,30,11;\"\n\t\t\t\t\t\t\t\tdata-dim=\"w:780,780,780,301;\"\n\t\t\t\t\t\t\t\tdata-onslides=\"s:1;\"\n\t\t\t\t\t\t\t\tdata-frame_999=\"o:0;st:w;\"\n\t\t\t\t\t\t\t\tstyle=\"z-index:7;font-family:'Roboto';\"\n\t\t\t\t\t\t\t> \n\t\t\t\t\t\t\t<\/rs-layer><!--\n\n\t\t\t\t\t\t\t--><a\n\t\t\t\t\t\t\t\tid=\"slider-1-slide-1-layer-1\" \n\t\t\t\t\t\t\t\tclass=\"rs-layer rev-btn rs-layer-static\"\n\t\t\t\t\t\t\t\thref=\"https:\/\/donate.raisenow.io\/rvnzt?lng=fr\" target=\"_blank\" rel=\"noopener\"\n\t\t\t\t\t\t\t\tdata-type=\"button\"\n\t\t\t\t\t\t\t\tdata-rsp_ch=\"on\"\n\t\t\t\t\t\t\t\tdata-xy=\"x:c;xo:0,0,0,-4px;yo:329px,329px,329px,451px;\"\n\t\t\t\t\t\t\t\tdata-text=\"w:normal;s:18,18,18,16;l:50;fw:500;\"\n\t\t\t\t\t\t\t\tdata-dim=\"minh:0px,0px,0px,none;\"\n\t\t\t\t\t\t\t\tdata-onslides=\"s:1;\"\n\t\t\t\t\t\t\t\tdata-padding=\"r:40,40,40,39;l:40,40,40,39;\"\n\t\t\t\t\t\t\t\tdata-border=\"bor:10px,10px,10px,10px;\"\n\t\t\t\t\t\t\t\tdata-frame_0=\"x:0,0,0,0px;y:0,0,0,0px;\"\n\t\t\t\t\t\t\t\tdata-frame_1=\"x:0,0,0,0px;y:0,0,0,0px;\"\n\t\t\t\t\t\t\t\tdata-frame_999=\"o:0;st:w;\"\n\t\t\t\t\t\t\t\tdata-frame_hover=\"bgc:#007aff;bor:10px,10px,10px,10px;sp:100;e:power1.inOut;bri:120%;\"\n\t\t\t\t\t\t\t\tstyle=\"z-index:8;background-color:#0077b7;font-family:'Roboto';\"\n\t\t\t\t\t\t\t><i class=\"fa-thin fa-heart\"><\/i> Make a donation \n\t\t\t\t\t\t\t<\/a><!--\n\n\t\t\t\t\t\t\t--><h3\n\t\t\t\t\t\t\t\tid=\"slider-1-slide-1-layer-7\" \n\t\t\t\t\t\t\t\tclass=\"rs-layer rs-layer-static\"\n\t\t\t\t\t\t\t\tdata-type=\"text\"\n\t\t\t\t\t\t\t\tdata-rsp_ch=\"on\"\n\t\t\t\t\t\t\t\tdata-xy=\"x:c;xo:0,0,0,-1px;y:m;\"\n\t\t\t\t\t\t\t\tdata-text=\"w:normal;s:35;l:30;a:center;\"\n\t\t\t\t\t\t\t\tdata-dim=\"w:1064px,1064px,1064px,481px;h:65px,65px,65px,92px;\"\n\t\t\t\t\t\t\t\tdata-onslides=\"s:1;\"\n\t\t\t\t\t\t\t\tdata-frame_999=\"o:0;st:w;sR:3700;\"\n\t\t\t\t\t\t\t\tstyle=\"z-index:6;font-family:'Lato';font-style:italic;\"\n\t\t\t\t\t\t\t>Contribute to environmental education and sustainable development \n\t\t\t\t\t\t\t<\/h3><!--\n\t\t\t\t\t--><\/rs-static-layers>\n\t\t\t\t<\/rs-module>\n\t\t\t\t<script>\n\t\t\t\t\tsetREVStartSize({c: 'rev_slider_1_1',rl:[1240,1240,1240,480],el:[580,580,580,720],gw:[1240,1240,1240,480],gh:[580,580,580,720],type:'standard',justify:'',layout:'fullwidth',mh:\"0\"});if (window.RS_MODULES!==undefined && window.RS_MODULES.modules!==undefined && window.RS_MODULES.modules[\"revslider11\"]!==undefined) {window.RS_MODULES.modules[\"revslider11\"].once = false;window.revapi1 = undefined;if (window.RS_MODULES.checkMinimal!==undefined) window.RS_MODULES.checkMinimal()}\n\t\t\t\t<\/script>\n\t\t\t<\/rs-module-wrap>\n\t\t\t<!-- END REVOLUTION SLIDER -->\n\n<h3 style=\"margin-top: -50px; margin-bottom: 20px;\"> <\/a><\/p>\n<p>The Aquatis Foundation supports the promotion of environmental education and sustainable development. As guarantor of the scientific and cultural project of AQUATIS Aquarium-Vivarium Lausanne, it proposes and finances educational activities, conservation and preservation of freshwater aquatic environments, temporary exhibition projects and lecture series.<\/p>\n<h3 style=\"color: #000000;\"><i>Preserve the environment and water, the planet's most vital resource!<\/i><\/h3>","protected":false},"excerpt":{"rendered":"<p>The Aquatis Foundation supports the promotion of environmental education and sustainable development. As guarantor of the scientific and cultural project of AQUATIS Aquarium-Vivarium Lausanne, it proposes and finances educational activities, conservation and preservation of freshwater aquatic environments, temporary exhibition projects and lecture series. Preserving the environment and water, [...]<\/p>","protected":false},"author":2,"featured_media":0,"parent":0,"menu_order":0,"comment_status":"closed","ping_status":"closed","template":"template-bedford.php","meta":{"_acf_changed":false,"footnotes":""},"class_list":["post-191","page","type-page","status-publish","hentry"],"acf":[],"yoast_head":"<!-- This site is optimized with the Yoast SEO plugin v25.9 - https:\/\/yoast.com\/wordpress\/plugins\/seo\/ -->\n<title>Accueil - Fondation Aquatis<\/title>\n<meta name=\"robots\" content=\"index, follow, max-snippet:-1, max-image-preview:large, max-video-preview:-1\" \/>\n<link rel=\"canonical\" href=\"https:\/\/www.aquatis-fondation.ch\/en\/\" \/>\n<meta property=\"og:locale\" content=\"en_US\" \/>\n<meta property=\"og:type\" content=\"article\" \/>\n<meta property=\"og:title\" content=\"Accueil - Fondation Aquatis\" \/>\n<meta property=\"og:description\" content=\"La Fondation Aquatis soutient la promotion de l\u2019\u00e9ducation \u00e0 l\u2019environnement et au d\u00e9veloppement durable. Garante du projet scientifique et culturel d\u2019AQUATIS Aquarium-Vivarium Lausanne, elle propose et finance des activit\u00e9s p\u00e9dagogiques, des actions de conservation et de pr\u00e9servation des milieux aquatiques d&rsquo;eau douce, des projets d\u2019expositions temporaires et des cycles de conf\u00e9rences. Pr\u00e9server l\u2019environnement et l\u2019eau, [&hellip;]\" \/>\n<meta property=\"og:url\" content=\"https:\/\/www.aquatis-fondation.ch\/en\/\" \/>\n<meta property=\"og:site_name\" content=\"Fondation Aquatis\" \/>\n<meta property=\"article:modified_time\" content=\"2025-10-22T11:06:52+00:00\" \/>\n<meta name=\"twitter:card\" content=\"summary_large_image\" \/>\n<meta name=\"twitter:label1\" content=\"Est. reading time\" \/>\n\t<meta name=\"twitter:data1\" content=\"1 minute\" \/>\n<script type=\"application\/ld+json\" class=\"yoast-schema-graph\">{\"@context\":\"https:\/\/schema.org\",\"@graph\":[{\"@type\":\"WebPage\",\"@id\":\"https:\/\/www.aquatis-fondation.ch\/\",\"url\":\"https:\/\/www.aquatis-fondation.ch\/\",\"name\":\"Accueil - Fondation Aquatis\",\"isPartOf\":{\"@id\":\"https:\/\/www.aquatis-fondation.ch\/#website\"},\"datePublished\":\"2017-08-14T11:29:50+00:00\",\"dateModified\":\"2025-10-22T11:06:52+00:00\",\"breadcrumb\":{\"@id\":\"https:\/\/www.aquatis-fondation.ch\/#breadcrumb\"},\"inLanguage\":\"en-US\",\"potentialAction\":[{\"@type\":\"ReadAction\",\"target\":[\"https:\/\/www.aquatis-fondation.ch\/\"]}]},{\"@type\":\"BreadcrumbList\",\"@id\":\"https:\/\/www.aquatis-fondation.ch\/#breadcrumb\",\"itemListElement\":[{\"@type\":\"ListItem\",\"position\":1,\"name\":\"Accueil\",\"item\":\"https:\/\/www.aquatis-fondation.ch\/\"},{\"@type\":\"ListItem\",\"position\":2,\"name\":\"Accueil\"}]},{\"@type\":\"WebSite\",\"@id\":\"https:\/\/www.aquatis-fondation.ch\/#website\",\"url\":\"https:\/\/www.aquatis-fondation.ch\/\",\"name\":\"Fondation Aquatis\",\"description\":\"\",\"potentialAction\":[{\"@type\":\"SearchAction\",\"target\":{\"@type\":\"EntryPoint\",\"urlTemplate\":\"https:\/\/www.aquatis-fondation.ch\/?s={search_term_string}\"},\"query-input\":{\"@type\":\"PropertyValueSpecification\",\"valueRequired\":true,\"valueName\":\"search_term_string\"}}],\"inLanguage\":\"en-US\"}]}<\/script>\n<!-- \/ Yoast SEO plugin. -->","yoast_head_json":{"title":"Home - Fondation Aquatis","robots":{"index":"index","follow":"follow","max-snippet":"max-snippet:-1","max-image-preview":"max-image-preview:large","max-video-preview":"max-video-preview:-1"},"canonical":"https:\/\/www.aquatis-fondation.ch\/en\/","og_locale":"en_US","og_type":"article","og_title":"Accueil - Fondation Aquatis","og_description":"La Fondation Aquatis soutient la promotion de l\u2019\u00e9ducation \u00e0 l\u2019environnement et au d\u00e9veloppement durable. Garante du projet scientifique et culturel d\u2019AQUATIS Aquarium-Vivarium Lausanne, elle propose et finance des activit\u00e9s p\u00e9dagogiques, des actions de conservation et de pr\u00e9servation des milieux aquatiques d&rsquo;eau douce, des projets d\u2019expositions temporaires et des cycles de conf\u00e9rences. Pr\u00e9server l\u2019environnement et l\u2019eau, [&hellip;]","og_url":"https:\/\/www.aquatis-fondation.ch\/en\/","og_site_name":"Fondation Aquatis","article_modified_time":"2025-10-22T11:06:52+00:00","twitter_card":"summary_large_image","twitter_misc":{"Est. reading time":"1 minute"},"schema":{"@context":"https:\/\/schema.org","@graph":[{"@type":"WebPage","@id":"https:\/\/www.aquatis-fondation.ch\/","url":"https:\/\/www.aquatis-fondation.ch\/","name":"Home - Fondation Aquatis","isPartOf":{"@id":"https:\/\/www.aquatis-fondation.ch\/#website"},"datePublished":"2017-08-14T11:29:50+00:00","dateModified":"2025-10-22T11:06:52+00:00","breadcrumb":{"@id":"https:\/\/www.aquatis-fondation.ch\/#breadcrumb"},"inLanguage":"en-US","potentialAction":[{"@type":"ReadAction","target":["https:\/\/www.aquatis-fondation.ch\/"]}]},{"@type":"BreadcrumbList","@id":"https:\/\/www.aquatis-fondation.ch\/#breadcrumb","itemListElement":[{"@type":"ListItem","position":1,"name":"Accueil","item":"https:\/\/www.aquatis-fondation.ch\/"},{"@type":"ListItem","position":2,"name":"Accueil"}]},{"@type":"WebSite","@id":"https:\/\/www.aquatis-fondation.ch\/#website","url":"https:\/\/www.aquatis-fondation.ch\/","name":"Aquatis Foundation","description":"","potentialAction":[{"@type":"SearchAction","target":{"@type":"EntryPoint","urlTemplate":"https:\/\/www.aquatis-fondation.ch\/?s={search_term_string}"},"query-input":{"@type":"PropertyValueSpecification","valueRequired":true,"valueName":"search_term_string"}}],"inLanguage":"en-US"}]}},"_links":{"self":[{"href":"https:\/\/www.aquatis-fondation.ch\/en\/wp-json\/wp\/v2\/pages\/191","targetHints":{"allow":["GET"]}}],"collection":[{"href":"https:\/\/www.aquatis-fondation.ch\/en\/wp-json\/wp\/v2\/pages"}],"about":[{"href":"https:\/\/www.aquatis-fondation.ch\/en\/wp-json\/wp\/v2\/types\/page"}],"author":[{"embeddable":true,"href":"https:\/\/www.aquatis-fondation.ch\/en\/wp-json\/wp\/v2\/users\/2"}],"replies":[{"embeddable":true,"href":"https:\/\/www.aquatis-fondation.ch\/en\/wp-json\/wp\/v2\/comments?post=191"}],"version-history":[{"count":20,"href":"https:\/\/www.aquatis-fondation.ch\/en\/wp-json\/wp\/v2\/pages\/191\/revisions"}],"predecessor-version":[{"id":6680,"href":"https:\/\/www.aquatis-fondation.ch\/en\/wp-json\/wp\/v2\/pages\/191\/revisions\/6680"}],"wp:attachment":[{"href":"https:\/\/www.aquatis-fondation.ch\/en\/wp-json\/wp\/v2\/media?parent=191"}],"curies":[{"name":"wp","href":"https:\/\/api.w.org\/{rel}","templated":true}]}}