{"id":333,"date":"2019-09-07T13:06:41","date_gmt":"2019-09-07T11:06:41","guid":{"rendered":"https:\/\/www.aquatis-fondation.ch\/?page_id=333"},"modified":"2025-09-10T18:31:30","modified_gmt":"2025-09-10T16:31:30","slug":"expositions","status":"publish","type":"page","link":"https:\/\/www.aquatis-fondation.ch\/en\/conference-la-suisse-et-les-poles-quel-rapport\/evenements\/expositions\/","title":{"rendered":"Exhibitions"},"content":{"rendered":"<p><b>MISSION POLAIRE, an immersion in the heart of the polar regions<\/b><\/p>\r\n<p><strong>March 8, 2025 - March 2026<\/strong><\/p>\r\n<p data-start=\"152\" data-end=\"630\">The exhibition <em data-start=\"165\" data-end=\"182\">Polar Mission<\/em> explores the importance of preserving glaciers and biodiversity in the polar regions. It raises public awareness of global warming and its impact on these extreme environments.<br data-start=\"391\" data-end=\"394\" \/>The experience combines a scientific and visual approach to better understand global issues. Three main themes structure the exhibition: polar explorers, Inuit culture and Arctic and Antarctic biodiversity.<\/p>\r\n<p data-start=\"632\" data-end=\"899\"><strong data-start=\"632\" data-end=\"678\">Space 1 - Meet the explorers<\/strong><br data-start=\"678\" data-end=\"681\" \/>Discover the adventures of Jean Malaurie, Jean-Louis \u00c9tienne, Jean-Baptiste Charcot and Matthew Henson.<br data-start=\"783\" data-end=\"786\" \/>Historical objects and personal accounts bring to life their discoveries and contributions to the study of the poles.<\/p>\r\n<p data-start=\"901\" data-end=\"1138\"><strong data-start=\"901\" data-end=\"935\">Space 2 - The world of the Inuit<\/strong><br data-start=\"935\" data-end=\"938\" \/>Immerse yourself in the world of the Inuit with a recreation of an igloo and an icy environment.<br data-start=\"1032\" data-end=\"1035\" \/>This space illustrates traditions, lifestyles and the challenges of climate change and modernity.<\/p>\r\n<p data-start=\"1140\" data-end=\"1369\"><strong data-start=\"1140\" data-end=\"1194\">Space 3 - The secrets of the North and South Poles<\/strong><br data-start=\"1194\" data-end=\"1197\" \/>Explore iconic wildlife: polar bears, penguins and other species.<br data-start=\"1269\" data-end=\"1272\" \/>Understand the fragile interactions of these ecosystems and the impact of global warming.<\/p>\r\n<p data-start=\"1371\" data-end=\"1563\">Since 2022, more than 1.7 million visitors have been reached by this exhibition in Monaco. It has now moved to Lausanne with the support of the Aquatis Foundation and committed partners.<\/p>\r\n<p data-start=\"1371\" data-end=\"1563\">\u00a0<\/p>\r\n<p class=\"p1\" style=\"text-align: left;\"><b>GLOBAL HAPPINESS: what do we need to be happy?<\/b><\/p>\r\n<p class=\"p1\" style=\"text-align: left;\"><strong>November 2, 2021 - May 1, 2022<\/strong><\/p>\r\n<p class=\"p1\" style=\"text-align: left;\">A Helvetas exhibition on the trail of sustainable happiness.\u00a0<\/p>\r\n<p class=\"p1\" style=\"text-align: left;\">The \"GLOBAL HAPPINESS\" traveling exhibition stopped off at Aquatis from November 2, 2021 to May 1, 2022 to present an exploration of different notions of happiness around the world. The exhibition looked at the fundamental question of what makes us happy, and whether this notion is universal or varies according to culture. The exhibition also explored the possibility of \"sustainable happiness\", a state of being happy that is \"sustainable\".<span class=\"Apple-converted-space\">\u00a0 <\/span>that doesn't harm the environment, other people or future generations: a way of questioning our lifestyle that encourages us to think about what we really need to be happy.<\/p>\r\n<p>&nbsp;<\/p>\r\n<p style=\"text-align: left;\"><strong>FLYING RIVERS<\/strong><\/p>\r\n<p style=\"text-align: left;\"><strong>October 12, 2019 - June 28, 2020<\/strong><\/p>\r\n<p style=\"text-align: left;\">The \"Flying Rivers\" exhibition by explorers G\u00e9rard and Margi Moss gave the public an opportunity to discover a little-known facet of the Amazon rainforest's essential role in climate regulation and water production.<\/p>\r\n<p style=\"text-align: left;\">This immersive exhibition offered a unique experience to explore the world of the Amazon and learn more about the fascinating phenomenon of flying rivers, the moisture-laden air currents that help regulate the climate and produce water in this part of the world. It was an opportunity to understand how forests can help combat climate change. The Fondation Gelbert and the Fondation Philanthropique Famille Sandoz were the event's main partners.<\/p>\r\n<p style=\"text-align: left;\">Around the exhibition, a number of events were organized for all ages, including workshops, film screenings and conferences, enabling visitors to deepen their experience and knowledge of the Amazon and its fragile ecosystem in a more comprehensive and immersive way.<\/p>\r\n<p><a href=\"https:\/\/www.aquatis-fondation.ch\/en\/evenements\/conferences\/#riviere\">Further information<\/a><\/p>","protected":false},"excerpt":{"rendered":"<p>MISSION POLAIRE, an immersion in the heart of the polar regions March 8, 2025 - March 2026 The Mission Polaire exhibition explores the importance of preserving glaciers and biodiversity in the polar regions, and raises public awareness of global warming and its impact on these extreme environments. It raises public awareness of global warming and its impact on these extreme environments, and combines a scientific and visual approach to [...].<\/p>","protected":false},"author":3,"featured_media":0,"parent":326,"menu_order":0,"comment_status":"closed","ping_status":"closed","template":"template-partenaires.php","meta":{"_acf_changed":false,"footnotes":""},"class_list":["post-333","page","type-page","status-publish","hentry"],"acf":[],"yoast_head":"<!-- This site is optimized with the Yoast SEO plugin v25.9 - https:\/\/yoast.com\/wordpress\/plugins\/seo\/ -->\n<title>Expositions - Fondation Aquatis<\/title>\n<meta name=\"robots\" content=\"index, follow, max-snippet:-1, max-image-preview:large, max-video-preview:-1\" \/>\n<link rel=\"canonical\" href=\"https:\/\/www.aquatis-fondation.ch\/en\/conference-la-suisse-et-les-poles-quel-rapport\/evenements\/expositions\/\" \/>\n<meta property=\"og:locale\" content=\"en_US\" \/>\n<meta property=\"og:type\" content=\"article\" \/>\n<meta property=\"og:title\" content=\"Expositions - Fondation Aquatis\" \/>\n<meta property=\"og:description\" content=\"MISSION POLAIRE, une immersion au coeur des r\u00e9gions polaires 8 mars 2025 &#8211; mars 2026 L\u2019exposition Mission Polaire explore l\u2019importance de la pr\u00e9servation des glaciers et de la biodiversit\u00e9 dans les r\u00e9gions polaires. Elle sensibilise le public au r\u00e9chauffement climatique et \u00e0 ses impacts sur ces environnements extr\u00eames.L\u2019exp\u00e9rience combine approche scientifique et visuelle pour mieux [&hellip;]\" \/>\n<meta property=\"og:url\" content=\"https:\/\/www.aquatis-fondation.ch\/en\/conference-la-suisse-et-les-poles-quel-rapport\/evenements\/expositions\/\" \/>\n<meta property=\"og:site_name\" content=\"Fondation Aquatis\" \/>\n<meta property=\"article:modified_time\" content=\"2025-09-10T16:31:30+00:00\" \/>\n<meta name=\"twitter:card\" content=\"summary_large_image\" \/>\n<meta name=\"twitter:label1\" content=\"Est. reading time\" \/>\n\t<meta name=\"twitter:data1\" content=\"3 minutes\" \/>\n<script type=\"application\/ld+json\" class=\"yoast-schema-graph\">{\"@context\":\"https:\/\/schema.org\",\"@graph\":[{\"@type\":\"WebPage\",\"@id\":\"https:\/\/www.aquatis-fondation.ch\/conference-la-suisse-et-les-poles-quel-rapport\/evenements\/expositions\/\",\"url\":\"https:\/\/www.aquatis-fondation.ch\/conference-la-suisse-et-les-poles-quel-rapport\/evenements\/expositions\/\",\"name\":\"Expositions - Fondation Aquatis\",\"isPartOf\":{\"@id\":\"https:\/\/www.aquatis-fondation.ch\/#website\"},\"datePublished\":\"2019-09-07T11:06:41+00:00\",\"dateModified\":\"2025-09-10T16:31:30+00:00\",\"breadcrumb\":{\"@id\":\"https:\/\/www.aquatis-fondation.ch\/conference-la-suisse-et-les-poles-quel-rapport\/evenements\/expositions\/#breadcrumb\"},\"inLanguage\":\"en-US\",\"potentialAction\":[{\"@type\":\"ReadAction\",\"target\":[\"https:\/\/www.aquatis-fondation.ch\/conference-la-suisse-et-les-poles-quel-rapport\/evenements\/expositions\/\"]}]},{\"@type\":\"BreadcrumbList\",\"@id\":\"https:\/\/www.aquatis-fondation.ch\/conference-la-suisse-et-les-poles-quel-rapport\/evenements\/expositions\/#breadcrumb\",\"itemListElement\":[{\"@type\":\"ListItem\",\"position\":1,\"name\":\"Accueil\",\"item\":\"https:\/\/www.aquatis-fondation.ch\/\"},{\"@type\":\"ListItem\",\"position\":2,\"name\":\"CONF\u00c9RENCE &#8211; La Suisse et les P\u00f4les : quel rapport ?\",\"item\":\"https:\/\/www.aquatis-fondation.ch\/conference-la-suisse-et-les-poles-quel-rapport\/\"},{\"@type\":\"ListItem\",\"position\":3,\"name\":\"\u00c9v\u00e9nements\",\"item\":\"https:\/\/www.aquatis-fondation.ch\/conference-la-suisse-et-les-poles-quel-rapport\/evenements\/\"},{\"@type\":\"ListItem\",\"position\":4,\"name\":\"Expositions\"}]},{\"@type\":\"WebSite\",\"@id\":\"https:\/\/www.aquatis-fondation.ch\/#website\",\"url\":\"https:\/\/www.aquatis-fondation.ch\/\",\"name\":\"Fondation Aquatis\",\"description\":\"\",\"potentialAction\":[{\"@type\":\"SearchAction\",\"target\":{\"@type\":\"EntryPoint\",\"urlTemplate\":\"https:\/\/www.aquatis-fondation.ch\/?s={search_term_string}\"},\"query-input\":{\"@type\":\"PropertyValueSpecification\",\"valueRequired\":true,\"valueName\":\"search_term_string\"}}],\"inLanguage\":\"en-US\"}]}<\/script>\n<!-- \/ Yoast SEO plugin. -->","yoast_head_json":{"title":"Expositions - Fondation Aquatis","robots":{"index":"index","follow":"follow","max-snippet":"max-snippet:-1","max-image-preview":"max-image-preview:large","max-video-preview":"max-video-preview:-1"},"canonical":"https:\/\/www.aquatis-fondation.ch\/en\/conference-la-suisse-et-les-poles-quel-rapport\/evenements\/expositions\/","og_locale":"en_US","og_type":"article","og_title":"Expositions - Fondation Aquatis","og_description":"MISSION POLAIRE, une immersion au coeur des r\u00e9gions polaires 8 mars 2025 &#8211; mars 2026 L\u2019exposition Mission Polaire explore l\u2019importance de la pr\u00e9servation des glaciers et de la biodiversit\u00e9 dans les r\u00e9gions polaires. Elle sensibilise le public au r\u00e9chauffement climatique et \u00e0 ses impacts sur ces environnements extr\u00eames.L\u2019exp\u00e9rience combine approche scientifique et visuelle pour mieux [&hellip;]","og_url":"https:\/\/www.aquatis-fondation.ch\/en\/conference-la-suisse-et-les-poles-quel-rapport\/evenements\/expositions\/","og_site_name":"Fondation Aquatis","article_modified_time":"2025-09-10T16:31:30+00:00","twitter_card":"summary_large_image","twitter_misc":{"Est. reading time":"3 minutes"},"schema":{"@context":"https:\/\/schema.org","@graph":[{"@type":"WebPage","@id":"https:\/\/www.aquatis-fondation.ch\/conference-la-suisse-et-les-poles-quel-rapport\/evenements\/expositions\/","url":"https:\/\/www.aquatis-fondation.ch\/conference-la-suisse-et-les-poles-quel-rapport\/evenements\/expositions\/","name":"Expositions - Fondation Aquatis","isPartOf":{"@id":"https:\/\/www.aquatis-fondation.ch\/#website"},"datePublished":"2019-09-07T11:06:41+00:00","dateModified":"2025-09-10T16:31:30+00:00","breadcrumb":{"@id":"https:\/\/www.aquatis-fondation.ch\/conference-la-suisse-et-les-poles-quel-rapport\/evenements\/expositions\/#breadcrumb"},"inLanguage":"en-US","potentialAction":[{"@type":"ReadAction","target":["https:\/\/www.aquatis-fondation.ch\/conference-la-suisse-et-les-poles-quel-rapport\/evenements\/expositions\/"]}]},{"@type":"BreadcrumbList","@id":"https:\/\/www.aquatis-fondation.ch\/conference-la-suisse-et-les-poles-quel-rapport\/evenements\/expositions\/#breadcrumb","itemListElement":[{"@type":"ListItem","position":1,"name":"Accueil","item":"https:\/\/www.aquatis-fondation.ch\/"},{"@type":"ListItem","position":2,"name":"CONF\u00c9RENCE &#8211; La Suisse et les P\u00f4les : quel rapport ?","item":"https:\/\/www.aquatis-fondation.ch\/conference-la-suisse-et-les-poles-quel-rapport\/"},{"@type":"ListItem","position":3,"name":"\u00c9v\u00e9nements","item":"https:\/\/www.aquatis-fondation.ch\/conference-la-suisse-et-les-poles-quel-rapport\/evenements\/"},{"@type":"ListItem","position":4,"name":"Expositions"}]},{"@type":"WebSite","@id":"https:\/\/www.aquatis-fondation.ch\/#website","url":"https:\/\/www.aquatis-fondation.ch\/","name":"Aquatis Foundation","description":"","potentialAction":[{"@type":"SearchAction","target":{"@type":"EntryPoint","urlTemplate":"https:\/\/www.aquatis-fondation.ch\/?s={search_term_string}"},"query-input":{"@type":"PropertyValueSpecification","valueRequired":true,"valueName":"search_term_string"}}],"inLanguage":"en-US"}]}},"_links":{"self":[{"href":"https:\/\/www.aquatis-fondation.ch\/en\/wp-json\/wp\/v2\/pages\/333","targetHints":{"allow":["GET"]}}],"collection":[{"href":"https:\/\/www.aquatis-fondation.ch\/en\/wp-json\/wp\/v2\/pages"}],"about":[{"href":"https:\/\/www.aquatis-fondation.ch\/en\/wp-json\/wp\/v2\/types\/page"}],"author":[{"embeddable":true,"href":"https:\/\/www.aquatis-fondation.ch\/en\/wp-json\/wp\/v2\/users\/3"}],"replies":[{"embeddable":true,"href":"https:\/\/www.aquatis-fondation.ch\/en\/wp-json\/wp\/v2\/comments?post=333"}],"version-history":[{"count":46,"href":"https:\/\/www.aquatis-fondation.ch\/en\/wp-json\/wp\/v2\/pages\/333\/revisions"}],"predecessor-version":[{"id":6598,"href":"https:\/\/www.aquatis-fondation.ch\/en\/wp-json\/wp\/v2\/pages\/333\/revisions\/6598"}],"up":[{"embeddable":true,"href":"https:\/\/www.aquatis-fondation.ch\/en\/wp-json\/wp\/v2\/pages\/326"}],"wp:attachment":[{"href":"https:\/\/www.aquatis-fondation.ch\/en\/wp-json\/wp\/v2\/media?parent=333"}],"curies":[{"name":"wp","href":"https:\/\/api.w.org\/{rel}","templated":true}]}}