{"id":5599,"date":"2024-11-08T13:47:44","date_gmt":"2024-11-08T12:47:44","guid":{"rendered":"https:\/\/www.aquatis-fondation.ch\/?page_id=5599"},"modified":"2024-12-02T07:46:35","modified_gmt":"2024-12-02T06:46:35","slug":"crocodile-sacre","status":"publish","type":"page","link":"https:\/\/www.aquatis-fondation.ch\/en\/crocodile-sacre\/","title":{"rendered":"Help us return the Sacred Crocodile to the wild"},"content":{"rendered":"<p>The AQUATIS Foundation invites you to join a unique conservation mission: the reintroduction of the sacred crocodile (<i>Crocodylus suchus<\/i>) in its ancestral habitat in Morocco. This species, once extinct in the region, is essential to the balance of the ecosystem. With your support, we are working to bring these remarkable creatures back into the wild, helping to preserve biodiversity.<\/p>\n<p class=\"x_MsoNormal\"><span lang=\"en-CH\" data-olk-copy-source=\"MessageBody\">In June 2024, sixteen young crocodiles began their journey from AQUATIS in Switzerland to Morocco. They are currently in the acclimatization phase, which is essential before their reintroduction, scheduled for 2025. Throughout this period, scientists will monitor their movements and behavior, gathering valuable information for conservation science.<\/span><\/p>\n<p class=\"x_MsoNormal\"><span lang=\"en-CH\">Your support is invaluable<\/span><\/p>\n<p class=\"x_MsoNormal\"><span lang=\"en-CH\">Every donation, however modest, funds essential stages of the project, such as field monitoring and educational programs that will inspire tomorrow's conservation. By making a contribution today, you are actively participating in a project that aims to give an emblematic species a future.<\/span><\/p>\n<p class=\"x_MsoNormal\"><span lang=\"en-CH\">Click below to make a donation. Together, let's ensure the survival of the sacred crocodile in its natural habitat.<\/span><\/p>\n<p>&nbsp;<br \/>\n<a href=\"https:\/\/www.aquatis-fondation.ch\/wp-content\/uploads\/2024\/11\/CrocodileProject2025.pdf\" target=\"_blank\" rel=\"noopener\"> Discover the project<\/a><\/p>\n<div id=\"separator\" style=\"margin-bottom: 30px;\"><\/div>\n<p><a href=\"https:\/\/donate.raisenow.io\/rvnzt?lng=fr\" class=\"original-button\" style=\"margin:0 !important\"><i class=\"fa-solid fa-heart\"><\/i>  Make a donation<\/a><\/p>\n<div id=\"separator\" style=\"margin-bottom: 200px;\"><\/div>\n\n\t\t\t<!-- START Slider 1 REVOLUTION SLIDER 6.7.17 --><p class=\"rs-p-wp-fix\"><\/p>\n\t\t\t<rs-module-wrap id=\"rev_slider_2_1_wrapper\" data-source=\"gallery\" style=\"visibility:hidden;background:transparent;padding:0;margin:0px auto;margin-top:0;margin-bottom:0;\">\n\t\t\t\t<rs-module id=\"rev_slider_2_1\" style=\"\" data-version=\"6.7.17\">\n\t\t\t\t\t<rs-slides style=\"overflow: hidden; position: absolute;\">\n\t\t\t\t\t\t<rs-slide style=\"position: absolute;\" data-key=\"rs-10\" data-title=\"Slide\" data-thumb=\"\/\/www.aquatis-fondation.ch\/wp-content\/uploads\/2024\/11\/crocodile1-50x100.jpg\" data-in=\"o:0;\" data-out=\"a:false;\" data-iratio=\"1.04348\">\n\t\t\t\t\t\t\t<img decoding=\"async\" src=\"\/\/www.aquatis-fondation.ch\/wp-content\/plugins\/revslider\/sr6\/assets\/assets\/dummy.png\" alt=\"\" title=\"crocodile1\" width=\"1080\" height=\"1035\" class=\"rev-slidebg tp-rs-img rs-lazyload\" data-lazyload=\"\/\/www.aquatis-fondation.ch\/wp-content\/uploads\/2024\/11\/crocodile1.jpg\" data-bg=\"f:contain;\" data-no-retina>\n<!---->\t\t\t\t\t<\/rs-slide>\n\t\t\t\t\t\t<rs-slide style=\"position: absolute;\" data-key=\"rs-11\" data-title=\"Slide\" data-thumb=\"\/\/www.aquatis-fondation.ch\/wp-content\/uploads\/2024\/11\/crocodile2-50x100.jpg\" data-in=\"o:0;\" data-out=\"a:false;\" data-iratio=\"1.04348\">\n\t\t\t\t\t\t\t<img decoding=\"async\" src=\"\/\/www.aquatis-fondation.ch\/wp-content\/plugins\/revslider\/sr6\/assets\/assets\/dummy.png\" alt=\"\" title=\"crocodile2\" width=\"1080\" height=\"1035\" class=\"rev-slidebg tp-rs-img rs-lazyload\" data-lazyload=\"\/\/www.aquatis-fondation.ch\/wp-content\/uploads\/2024\/11\/crocodile2.jpg\" data-bg=\"f:contain;\" data-no-retina>\n<!---->\t\t\t\t\t<\/rs-slide>\n\t\t\t\t\t\t<rs-slide style=\"position: absolute;\" data-key=\"rs-12\" data-title=\"Slide\" data-thumb=\"\/\/www.aquatis-fondation.ch\/wp-content\/uploads\/2024\/11\/crocodile3-50x100.jpg\" data-in=\"o:0;\" data-out=\"a:false;\" data-iratio=\"1.04348\">\n\t\t\t\t\t\t\t<img decoding=\"async\" src=\"\/\/www.aquatis-fondation.ch\/wp-content\/plugins\/revslider\/sr6\/assets\/assets\/dummy.png\" alt=\"\" title=\"crocodile3\" width=\"1080\" height=\"1035\" class=\"rev-slidebg tp-rs-img rs-lazyload\" data-lazyload=\"\/\/www.aquatis-fondation.ch\/wp-content\/uploads\/2024\/11\/crocodile3.jpg\" data-bg=\"f:contain;\" data-no-retina>\n<!---->\t\t\t\t\t<\/rs-slide>\n\t\t\t\t\t\t<rs-slide style=\"position: absolute;\" data-key=\"rs-13\" data-title=\"Slide\" data-thumb=\"\/\/www.aquatis-fondation.ch\/wp-content\/uploads\/2024\/11\/crocodile4-50x100.jpg\" data-in=\"o:0;\" data-out=\"a:false;\" data-iratio=\"1.04348\">\n\t\t\t\t\t\t\t<img decoding=\"async\" src=\"\/\/www.aquatis-fondation.ch\/wp-content\/plugins\/revslider\/sr6\/assets\/assets\/dummy.png\" alt=\"\" title=\"crocodile4\" width=\"1080\" height=\"1035\" class=\"rev-slidebg tp-rs-img rs-lazyload\" data-lazyload=\"\/\/www.aquatis-fondation.ch\/wp-content\/uploads\/2024\/11\/crocodile4.jpg\" data-bg=\"f:contain;\" data-no-retina>\n<!---->\t\t\t\t\t<\/rs-slide>\n\t\t\t\t\t\t<rs-slide style=\"position: absolute;\" data-key=\"rs-14\" data-title=\"Slide\" data-thumb=\"\/\/www.aquatis-fondation.ch\/wp-content\/uploads\/2024\/11\/crocodile5-50x100.jpg\" data-in=\"o:0;\" data-out=\"a:false;\" data-iratio=\"1.04348\">\n\t\t\t\t\t\t\t<img decoding=\"async\" src=\"\/\/www.aquatis-fondation.ch\/wp-content\/plugins\/revslider\/sr6\/assets\/assets\/dummy.png\" alt=\"\" title=\"crocodile5\" width=\"1080\" height=\"1035\" class=\"rev-slidebg tp-rs-img rs-lazyload\" data-lazyload=\"\/\/www.aquatis-fondation.ch\/wp-content\/uploads\/2024\/11\/crocodile5.jpg\" data-bg=\"f:contain;\" data-no-retina>\n<!---->\t\t\t\t\t<\/rs-slide>\n\t\t\t\t\t\t<rs-slide style=\"position: absolute;\" data-key=\"rs-15\" data-title=\"Slide\" data-thumb=\"\/\/www.aquatis-fondation.ch\/wp-content\/uploads\/2024\/11\/crocodile6-50x100.jpg\" data-in=\"o:0;\" data-out=\"a:false;\" data-iratio=\"1.04348\">\n\t\t\t\t\t\t\t<img decoding=\"async\" src=\"\/\/www.aquatis-fondation.ch\/wp-content\/plugins\/revslider\/sr6\/assets\/assets\/dummy.png\" alt=\"\" title=\"crocodile6\" width=\"1080\" height=\"1035\" class=\"rev-slidebg tp-rs-img rs-lazyload\" data-lazyload=\"\/\/www.aquatis-fondation.ch\/wp-content\/uploads\/2024\/11\/crocodile6.jpg\" data-bg=\"f:contain;\" data-no-retina>\n<!---->\t\t\t\t\t<\/rs-slide>\n\t\t\t\t\t\t<rs-slide style=\"position: absolute;\" data-key=\"rs-16\" data-title=\"Slide\" data-thumb=\"\/\/www.aquatis-fondation.ch\/wp-content\/uploads\/2024\/11\/crocodile7-50x100.jpg\" data-in=\"o:0;\" data-out=\"a:false;\" data-iratio=\"1.04348\">\n\t\t\t\t\t\t\t<img decoding=\"async\" src=\"\/\/www.aquatis-fondation.ch\/wp-content\/plugins\/revslider\/sr6\/assets\/assets\/dummy.png\" alt=\"\" title=\"crocodile7\" width=\"1080\" height=\"1035\" class=\"rev-slidebg tp-rs-img rs-lazyload\" data-lazyload=\"\/\/www.aquatis-fondation.ch\/wp-content\/uploads\/2024\/11\/crocodile7.jpg\" data-bg=\"f:contain;\" data-no-retina>\n<!---->\t\t\t\t\t<\/rs-slide>\n\t\t\t\t\t<\/rs-slides>\n\t\t\t\t<\/rs-module>\n\t\t\t\t<script>\n\t\t\t\t\tsetREVStartSize({c: 'rev_slider_2_1',rl:[1240,1024,778,480],el:[900,768,960,720],gw:[1240,1024,778,480],gh:[900,768,960,720],type:'carousel',justify:'true',layout:'fullwidth',mh:\"0\"});if (window.RS_MODULES!==undefined && window.RS_MODULES.modules!==undefined && window.RS_MODULES.modules[\"revslider21\"]!==undefined) {window.RS_MODULES.modules[\"revslider21\"].once = false;window.revapi2 = undefined;if (window.RS_MODULES.checkMinimal!==undefined) window.RS_MODULES.checkMinimal()}\n\t\t\t\t<\/script>\n\t\t\t<\/rs-module-wrap>\n\t\t\t<!-- END REVOLUTION SLIDER -->","protected":false},"excerpt":{"rendered":"<p>The AQUATIS Foundation invites you to join a unique conservation mission: the reintroduction of the sacred crocodile (Crocodylus suchus) to its ancestral habitat in Morocco. This species, once extinct in the region, is essential to the balance of the ecosystem. With your support, we are working to bring these remarkable creatures back into the wild, contributing to the [...]<\/p>","protected":false},"author":4,"featured_media":0,"parent":0,"menu_order":0,"comment_status":"closed","ping_status":"closed","template":"","meta":{"_acf_changed":false,"footnotes":""},"class_list":["post-5599","page","type-page","status-publish","hentry"],"acf":[],"yoast_head":"<!-- This site is optimized with the Yoast SEO plugin v25.9 - https:\/\/yoast.com\/wordpress\/plugins\/seo\/ -->\n<title>Aidez-nous \u00e0 ramener le Crocodile Sacr\u00e9 dans la nature - Fondation Aquatis<\/title>\n<meta name=\"robots\" content=\"index, follow, max-snippet:-1, max-image-preview:large, max-video-preview:-1\" \/>\n<link rel=\"canonical\" href=\"https:\/\/www.aquatis-fondation.ch\/en\/crocodile-sacre\/\" \/>\n<meta property=\"og:locale\" content=\"en_US\" \/>\n<meta property=\"og:type\" content=\"article\" \/>\n<meta property=\"og:title\" content=\"Aidez-nous \u00e0 ramener le Crocodile Sacr\u00e9 dans la nature - Fondation Aquatis\" \/>\n<meta property=\"og:description\" content=\"La Fondation AQUATIS vous invite \u00e0 rejoindre une mission de conservation unique : la r\u00e9introduction du crocodile sacr\u00e9 (Crocodylus suchus) dans son habitat ancestral au Maroc. Cette esp\u00e8ce, autrefois disparue de la r\u00e9gion, est essentielle pour l&rsquo;\u00e9quilibre de l&rsquo;\u00e9cosyst\u00e8me. Avec votre soutien, nous \u0153uvrons pour le retour de ces remarquables cr\u00e9atures dans la nature, contribuant [&hellip;]\" \/>\n<meta property=\"og:url\" content=\"https:\/\/www.aquatis-fondation.ch\/en\/crocodile-sacre\/\" \/>\n<meta property=\"og:site_name\" content=\"Fondation Aquatis\" \/>\n<meta property=\"article:modified_time\" content=\"2024-12-02T06:46:35+00:00\" \/>\n<meta name=\"twitter:card\" content=\"summary_large_image\" \/>\n<meta name=\"twitter:label1\" content=\"Est. reading time\" \/>\n\t<meta name=\"twitter:data1\" content=\"1 minute\" \/>\n<script type=\"application\/ld+json\" class=\"yoast-schema-graph\">{\"@context\":\"https:\/\/schema.org\",\"@graph\":[{\"@type\":\"WebPage\",\"@id\":\"https:\/\/www.aquatis-fondation.ch\/crocodile-sacre\/\",\"url\":\"https:\/\/www.aquatis-fondation.ch\/crocodile-sacre\/\",\"name\":\"Aidez-nous \u00e0 ramener le Crocodile Sacr\u00e9 dans la nature - Fondation Aquatis\",\"isPartOf\":{\"@id\":\"https:\/\/www.aquatis-fondation.ch\/#website\"},\"datePublished\":\"2024-11-08T12:47:44+00:00\",\"dateModified\":\"2024-12-02T06:46:35+00:00\",\"breadcrumb\":{\"@id\":\"https:\/\/www.aquatis-fondation.ch\/crocodile-sacre\/#breadcrumb\"},\"inLanguage\":\"en-US\",\"potentialAction\":[{\"@type\":\"ReadAction\",\"target\":[\"https:\/\/www.aquatis-fondation.ch\/crocodile-sacre\/\"]}]},{\"@type\":\"BreadcrumbList\",\"@id\":\"https:\/\/www.aquatis-fondation.ch\/crocodile-sacre\/#breadcrumb\",\"itemListElement\":[{\"@type\":\"ListItem\",\"position\":1,\"name\":\"Accueil\",\"item\":\"https:\/\/www.aquatis-fondation.ch\/\"},{\"@type\":\"ListItem\",\"position\":2,\"name\":\"Aidez-nous \u00e0 ramener le Crocodile Sacr\u00e9 dans la nature\"}]},{\"@type\":\"WebSite\",\"@id\":\"https:\/\/www.aquatis-fondation.ch\/#website\",\"url\":\"https:\/\/www.aquatis-fondation.ch\/\",\"name\":\"Fondation Aquatis\",\"description\":\"\",\"potentialAction\":[{\"@type\":\"SearchAction\",\"target\":{\"@type\":\"EntryPoint\",\"urlTemplate\":\"https:\/\/www.aquatis-fondation.ch\/?s={search_term_string}\"},\"query-input\":{\"@type\":\"PropertyValueSpecification\",\"valueRequired\":true,\"valueName\":\"search_term_string\"}}],\"inLanguage\":\"en-US\"}]}<\/script>\n<!-- \/ Yoast SEO plugin. -->","yoast_head_json":{"title":"Help us return the Sacred Crocodile to the wild - Fondation Aquatis","robots":{"index":"index","follow":"follow","max-snippet":"max-snippet:-1","max-image-preview":"max-image-preview:large","max-video-preview":"max-video-preview:-1"},"canonical":"https:\/\/www.aquatis-fondation.ch\/en\/crocodile-sacre\/","og_locale":"en_US","og_type":"article","og_title":"Aidez-nous \u00e0 ramener le Crocodile Sacr\u00e9 dans la nature - Fondation Aquatis","og_description":"La Fondation AQUATIS vous invite \u00e0 rejoindre une mission de conservation unique : la r\u00e9introduction du crocodile sacr\u00e9 (Crocodylus suchus) dans son habitat ancestral au Maroc. Cette esp\u00e8ce, autrefois disparue de la r\u00e9gion, est essentielle pour l&rsquo;\u00e9quilibre de l&rsquo;\u00e9cosyst\u00e8me. Avec votre soutien, nous \u0153uvrons pour le retour de ces remarquables cr\u00e9atures dans la nature, contribuant [&hellip;]","og_url":"https:\/\/www.aquatis-fondation.ch\/en\/crocodile-sacre\/","og_site_name":"Fondation Aquatis","article_modified_time":"2024-12-02T06:46:35+00:00","twitter_card":"summary_large_image","twitter_misc":{"Est. reading time":"1 minute"},"schema":{"@context":"https:\/\/schema.org","@graph":[{"@type":"WebPage","@id":"https:\/\/www.aquatis-fondation.ch\/crocodile-sacre\/","url":"https:\/\/www.aquatis-fondation.ch\/crocodile-sacre\/","name":"Help us return the Sacred Crocodile to the wild - Fondation Aquatis","isPartOf":{"@id":"https:\/\/www.aquatis-fondation.ch\/#website"},"datePublished":"2024-11-08T12:47:44+00:00","dateModified":"2024-12-02T06:46:35+00:00","breadcrumb":{"@id":"https:\/\/www.aquatis-fondation.ch\/crocodile-sacre\/#breadcrumb"},"inLanguage":"en-US","potentialAction":[{"@type":"ReadAction","target":["https:\/\/www.aquatis-fondation.ch\/crocodile-sacre\/"]}]},{"@type":"BreadcrumbList","@id":"https:\/\/www.aquatis-fondation.ch\/crocodile-sacre\/#breadcrumb","itemListElement":[{"@type":"ListItem","position":1,"name":"Accueil","item":"https:\/\/www.aquatis-fondation.ch\/"},{"@type":"ListItem","position":2,"name":"Aidez-nous \u00e0 ramener le Crocodile Sacr\u00e9 dans la nature"}]},{"@type":"WebSite","@id":"https:\/\/www.aquatis-fondation.ch\/#website","url":"https:\/\/www.aquatis-fondation.ch\/","name":"Aquatis Foundation","description":"","potentialAction":[{"@type":"SearchAction","target":{"@type":"EntryPoint","urlTemplate":"https:\/\/www.aquatis-fondation.ch\/?s={search_term_string}"},"query-input":{"@type":"PropertyValueSpecification","valueRequired":true,"valueName":"search_term_string"}}],"inLanguage":"en-US"}]}},"_links":{"self":[{"href":"https:\/\/www.aquatis-fondation.ch\/en\/wp-json\/wp\/v2\/pages\/5599","targetHints":{"allow":["GET"]}}],"collection":[{"href":"https:\/\/www.aquatis-fondation.ch\/en\/wp-json\/wp\/v2\/pages"}],"about":[{"href":"https:\/\/www.aquatis-fondation.ch\/en\/wp-json\/wp\/v2\/types\/page"}],"author":[{"embeddable":true,"href":"https:\/\/www.aquatis-fondation.ch\/en\/wp-json\/wp\/v2\/users\/4"}],"replies":[{"embeddable":true,"href":"https:\/\/www.aquatis-fondation.ch\/en\/wp-json\/wp\/v2\/comments?post=5599"}],"version-history":[{"count":12,"href":"https:\/\/www.aquatis-fondation.ch\/en\/wp-json\/wp\/v2\/pages\/5599\/revisions"}],"predecessor-version":[{"id":5800,"href":"https:\/\/www.aquatis-fondation.ch\/en\/wp-json\/wp\/v2\/pages\/5599\/revisions\/5800"}],"wp:attachment":[{"href":"https:\/\/www.aquatis-fondation.ch\/en\/wp-json\/wp\/v2\/media?parent=5599"}],"curies":[{"name":"wp","href":"https:\/\/api.w.org\/{rel}","templated":true}]}}