{"id":6043,"date":"2025-01-31T11:51:58","date_gmt":"2025-01-31T10:51:58","guid":{"rendered":"https:\/\/www.aquatis-fondation.ch\/?page_id=6043"},"modified":"2025-09-10T15:01:18","modified_gmt":"2025-09-10T13:01:18","slug":"mission-polaire","status":"publish","type":"page","link":"https:\/\/www.aquatis-fondation.ch\/en\/mission-polaire\/","title":{"rendered":"Polar mission"},"content":{"rendered":"<h2>POLAR MISSION EXHIBITION<\/h2>\n<div class=\"row justify-content\">\n<div class=\"col-lg-6\">\n<p><strong>A fascinating journey at AQUATIS Aquarium-Vivarium Lausanne between March 2025 and March 2026!<\/strong><\/p>\n<ul>\n<li>Explore the poles like never before:<\/li>\n<li>Meet explorers past and present<\/li>\n<li>Discover the biodiversity of extreme environments<\/li>\n<li>Listen to the inhabitants of these remote regions<\/li>\n<li>Understand the importance of the poles for our planet<\/li>\n<\/ul>\n<p>After a huge success at Monaco's Oceanographic Museum, the exhibition <strong>POLAR MISSION<\/strong> arrives at <b>AQUATIS <\/b>from <strong>March 8, 2025<\/strong>. This immersive exhibition explores the environmental, social and scientific challenges of the polar regions and the consequences of climate change.<\/p>\n<h3>A journey to the heart of climate issues<\/h3>\n<p>The exhibition takes you on a journey through themed areas to raise awareness of the urgency of polar issues. You'll discover :<\/p>\n<ul style=\"margin-bottom: 30px;\">\n<li>Explorers and their exploits in extreme conditions<\/li>\n<li>Populations and species living in these hostile regions<\/li>\n<li>Growing threats to these fragile environments<\/li>\n<\/ul>\n<h3>The ecological and human challenges of the poles<\/h3>\n<p>The exhibition highlights :<\/p>\n<ul>\n<li>Melting glaciers and their impact on biodiversity<\/li>\n<li>The global consequences of global warming<\/li>\n<li>The difficulties faced by polar populations in the face of these changes<\/li>\n<\/ul>\n<h3>An exhibition to mark the International Year of Glacier Preservation<\/h3>\n<p>MISSION POLAIRE is in line with the major environmental themes of <strong>2025<\/strong>proclaimed by the UN. It echoes :<\/p>\n<ul>\n<li>International Year of Glacier Preservation<\/li>\n<li>The Decade of Action for Cryospheric Sciences (2025-2034)<\/li>\n<\/ul>\n<\/div>\n<\/div>\n<h3>An immersive and responsible exhibition<\/h3>\n<p>More than just a visit, <strong>POLAR MISSION<\/strong> is a <strong>call to action<\/strong>. Thanks to :<\/p>\n<ul>\n<li style=\"list-style-type: none;\">\n<ul>\n<li style=\"list-style-type: none;\">\n<ul>\n<li style=\"list-style-type: none;\">\n<ul>\n<li>Videos<\/li>\n<li>Testimonials<\/li>\n<li>Interactive installations<\/li>\n<li>Conferences<\/li>\n<\/ul>\n<\/li>\n<\/ul>\n<\/li>\n<\/ul>\n<\/li>\n<\/ul>\n<p><!-- Texte --><\/p>\n<div class=\"event-content\" style=\"flex: 2 1 300px;\">\n<h3><\/h3>\n<h3 style=\"margin-top: 0; color: #2a2a2a;\"><strong>Conference<\/strong> from <a href=\"https:\/\/www.linkedin.com\/in\/danielerod\/\">Dani\u00e8le Rod, <\/a>\u00a0<a href=\"https:\/\/swisspolar.ch\/\">Swiss Polar Institute<\/a>\u00a0 - Switzerland and the poles: what's the connection?<\/h3>\n<p>Thursday, September 11, 6:30 p.m. at <a href=\"https:\/\/www.aquatis.ch\/\">AQUATIS<\/a>. <a href=\"http:\/\/bit.ly\/426yTsR\">Free admission with registration<\/a><\/p>\n<p>As part of the \"Mission Polaire\" exhibition, this meeting explores the role of the polar regions and cryosphere as climate sentinels. Dani\u00e8le Rod presents Swiss and international research, from monitoring<br \/>\nfrom glacier retreat to transnational collaboration to anticipate climate risks.<\/p>\n<\/div>\n<p>&nbsp;<\/p>\n<p>&nbsp;<\/p>\n<p>&nbsp;<\/p>\n<p>&nbsp;<\/p>\n<p>&nbsp;<\/p>\n<p>&nbsp;<\/p>\n<ul>\n<li style=\"list-style-type: none;\">\n<div>\n\t\t\t<!-- START Mission polaire REVOLUTION SLIDER 6.7.17 --><p class=\"rs-p-wp-fix\"><\/p>\n\t\t\t<rs-module-wrap id=\"rev_slider_5_1_wrapper\" data-source=\"gallery\" style=\"visibility:hidden;background:transparent;padding:0;margin:0px auto;margin-top:0;margin-bottom:0;\">\n\t\t\t\t<rs-module id=\"rev_slider_5_1\" style=\"\" data-version=\"6.7.17\">\n\t\t\t\t\t<rs-slides style=\"overflow: hidden; position: absolute;\">\n\t\t\t\t\t\t<rs-slide style=\"position: absolute;\" data-key=\"rs-19\" data-title=\"Slide\" data-thumb=\"\/\/www.aquatis-fondation.ch\/wp-content\/uploads\/2025\/03\/mission_polaire_aquatis-50x100.jpg\" data-in=\"o:0;\" data-out=\"a:false;\">\n\t\t\t\t\t\t\t<img decoding=\"async\" src=\"\/\/www.aquatis-fondation.ch\/wp-content\/plugins\/revslider\/sr6\/assets\/assets\/dummy.png\" alt=\"\" title=\"mission_polaire_aquatis\" width=\"1920\" height=\"1280\" class=\"rev-slidebg tp-rs-img rs-lazyload\" data-lazyload=\"\/\/www.aquatis-fondation.ch\/wp-content\/uploads\/2025\/03\/mission_polaire_aquatis.jpg\" data-no-retina>\n<!--\n\t\t\t\t\t\t\t--><rs-layer\n\t\t\t\t\t\t\t\tid=\"slider-5-slide-19-layer-0\" \n\t\t\t\t\t\t\t\tdata-type=\"text\"\n\t\t\t\t\t\t\t\tdata-color=\"#ffffff\"\n\t\t\t\t\t\t\t\tdata-rsp_ch=\"on\"\n\t\t\t\t\t\t\t\tdata-xy=\"x:13px;y:842px;\"\n\t\t\t\t\t\t\t\tdata-text=\"w:normal;s:13;\"\n\t\t\t\t\t\t\t\tdata-dim=\"w:414px;\"\n\t\t\t\t\t\t\t\tdata-frame_999=\"o:0;st:w;\"\n\t\t\t\t\t\t\t\tstyle=\"z-index:5;font-family:'Roboto';\"\n\t\t\t\t\t\t\t>Ice diving, underwater photography. David Herraez Calzada \/ Shutterstock \n\t\t\t\t\t\t\t<\/rs-layer><!--\n-->\t\t\t\t\t<\/rs-slide>\n\t\t\t\t\t\t<rs-slide style=\"position: absolute;\" data-key=\"rs-20\" data-title=\"Slide\" data-thumb=\"\/\/www.aquatis-fondation.ch\/wp-content\/uploads\/2025\/03\/mission_polaire_aquatis2-50x100.jpg\" data-in=\"o:0;\" data-out=\"a:false;\">\n\t\t\t\t\t\t\t<img decoding=\"async\" src=\"\/\/www.aquatis-fondation.ch\/wp-content\/plugins\/revslider\/sr6\/assets\/assets\/dummy.png\" alt=\"\" title=\"mission_polaire_aquatis2\" width=\"1920\" height=\"1282\" class=\"rev-slidebg tp-rs-img rs-lazyload\" data-lazyload=\"\/\/www.aquatis-fondation.ch\/wp-content\/uploads\/2025\/03\/mission_polaire_aquatis2.jpg\" data-no-retina>\n<!--\n\t\t\t\t\t\t\t--><rs-layer\n\t\t\t\t\t\t\t\tid=\"slider-5-slide-20-layer-1\" \n\t\t\t\t\t\t\t\tdata-type=\"text\"\n\t\t\t\t\t\t\t\tdata-color=\"#ffffff\"\n\t\t\t\t\t\t\t\tdata-rsp_ch=\"on\"\n\t\t\t\t\t\t\t\tdata-xy=\"x:23px;y:862px;\"\n\t\t\t\t\t\t\t\tdata-text=\"w:normal;s:13;\"\n\t\t\t\t\t\t\t\tdata-frame_999=\"o:0;st:w;\"\n\t\t\t\t\t\t\t\tstyle=\"z-index:5;font-family:'Roboto';\"\n\t\t\t\t\t\t\t>Ice diving, underwater photography. David Herraez Calzada \/ Shutterstock \n\t\t\t\t\t\t\t<\/rs-layer><!--\n-->\t\t\t\t\t<\/rs-slide>\n\t\t\t\t\t\t<rs-slide style=\"position: absolute;\" data-key=\"rs-21\" data-title=\"Slide\" data-thumb=\"\/\/www.aquatis-fondation.ch\/wp-content\/uploads\/2025\/03\/Glacier_Affiche-scaled-50x100.jpg\" data-in=\"o:0;\" data-out=\"a:false;\">\n\t\t\t\t\t\t\t<img decoding=\"async\" src=\"\/\/www.aquatis-fondation.ch\/wp-content\/plugins\/revslider\/sr6\/assets\/assets\/dummy.png\" alt=\"\" title=\"Arctic Icebergs Greenland North Pole\" width=\"2560\" height=\"1920\" class=\"rev-slidebg tp-rs-img rs-lazyload\" data-lazyload=\"\/\/www.aquatis-fondation.ch\/wp-content\/uploads\/2025\/03\/Glacier_Affiche-scaled.jpg\" data-no-retina>\n<!--\n\t\t\t\t\t\t\t--><rs-layer\n\t\t\t\t\t\t\t\tid=\"slider-5-slide-21-layer-3\" \n\t\t\t\t\t\t\t\tdata-type=\"text\"\n\t\t\t\t\t\t\t\tdata-color=\"#ffffff\"\n\t\t\t\t\t\t\t\tdata-rsp_ch=\"on\"\n\t\t\t\t\t\t\t\tdata-xy=\"x:27px;y:862px;\"\n\t\t\t\t\t\t\t\tdata-text=\"w:normal;s:13;\"\n\t\t\t\t\t\t\t\tdata-frame_999=\"o:0;st:w;\"\n\t\t\t\t\t\t\t\tstyle=\"z-index:6;font-family:'Roboto';\"\n\t\t\t\t\t\t\t>Mlenny\/Arctic Icebergs Greenland North Pole\/Getty Images \n\t\t\t\t\t\t\t<\/rs-layer><!--\n-->\t\t\t\t\t<\/rs-slide>\n\t\t\t\t\t\t<rs-slide style=\"position: absolute;\" data-key=\"rs-22\" data-title=\"Slide\" data-thumb=\"\/\/www.aquatis-fondation.ch\/wp-content\/uploads\/2025\/03\/mission_polaire_aquatis4-50x100.jpg\" data-in=\"o:0;\" data-out=\"a:false;\">\n\t\t\t\t\t\t\t<img decoding=\"async\" src=\"\/\/www.aquatis-fondation.ch\/wp-content\/plugins\/revslider\/sr6\/assets\/assets\/dummy.png\" alt=\"\" title=\"mission_polaire_aquatis4\" width=\"1920\" height=\"1114\" class=\"rev-slidebg tp-rs-img rs-lazyload\" data-lazyload=\"\/\/www.aquatis-fondation.ch\/wp-content\/uploads\/2025\/03\/mission_polaire_aquatis4.jpg\" data-no-retina>\n<!---->\t\t\t\t\t<\/rs-slide>\n\t\t\t\t\t<\/rs-slides>\n\t\t\t\t<\/rs-module>\n\t\t\t\t<script>\n\t\t\t\t\tsetREVStartSize({c: 'rev_slider_5_1',rl:[1240,1024,778,480],el:[900],gw:[1240],gh:[900],type:'carousel',justify:'',layout:'fullwidth',mh:\"0\"});if (window.RS_MODULES!==undefined && window.RS_MODULES.modules!==undefined && window.RS_MODULES.modules[\"revslider51\"]!==undefined) {window.RS_MODULES.modules[\"revslider51\"].once = false;window.revapi5 = undefined;if (window.RS_MODULES.checkMinimal!==undefined) window.RS_MODULES.checkMinimal()}\n\t\t\t\t<\/script>\n\t\t\t<\/rs-module-wrap>\n\t\t\t<!-- END REVOLUTION SLIDER -->\n<\/div>\n<div id=\"separatorMission\" style=\"margin-bottom: 40px;\"><\/div>\n<h3>Exhibition created by :<\/h3>\n<div class=\"row justify-content text-center\">\n<div class=\"col-12\"><a href=\"https:\/\/www.oceano.org\/\" target=\"_blank\" rel=\"noopener\"><img decoding=\"async\" src=\"https:\/\/www.aquatis-fondation.ch\/wp-content\/uploads\/2025\/02\/LogoOCEANOInstitut_BLUE_LIGHT_Horizontal-min-scaled.jpg\" width=\"400\" \/><\/a><\/div>\n<\/div>\n<h3>Many thanks to our partners for their support<\/h3>\n<div class=\"row justify-content-center text-center\">\n<div class=\"col-lg-4 col-sm-6 col-12 mb-4\"><a href=\"https:\/\/fondation-gelbert.ch\/\" target=\"_blank\" rel=\"noopener\"><br \/>\n<img decoding=\"async\" class=\"img-fluid\" src=\"https:\/\/www.aquatis-fondation.ch\/wp-content\/uploads\/2025\/02\/Logo-Fondation-Gelbert.jpg\" width=\"250\" \/><br \/>\n<\/a><\/div>\n<div class=\"col-lg-4 col-sm-6 col-12 mb-4\"><a href=\"https:\/\/www.ferring.com\/\" target=\"_blank\" rel=\"noopener\"><br \/>\n<img decoding=\"async\" class=\"img-fluid\" src=\"https:\/\/www.aquatis-fondation.ch\/wp-content\/uploads\/2025\/02\/Logo-Ferring-petit.jpg\" width=\"250\" \/><br \/>\n<\/a><\/div>\n<div class=\"col-lg-4 col-sm-6 col-12 mb-4\"><a href=\"https:\/\/www.boas-swiss-hotels.ch\/hotels\" target=\"_blank\" rel=\"noopener\"><br \/>\n<img decoding=\"async\" class=\"img-fluid\" src=\"https:\/\/www.aquatis-fondation.ch\/wp-content\/uploads\/2025\/03\/Fichier-2-1.png\" width=\"250\" \/><br \/>\n<\/a><\/div>\n<\/div>\n<div class=\"row justify-content text-center mt-4 gap-4\" style=\"margin-top: 40px;\">\n<div class=\"col-lg-2 col-sm-4 col-6 mb-4 d-flex justify-content-center\"><a href=\"https:\/\/daxtachem.com\/fr\"><br \/>\n<img decoding=\"async\" class=\"img-fluid\" src=\"https:\/\/www.aquatis-fondation.ch\/wp-content\/uploads\/2025\/03\/Logo-Daxtachem-Fond-Blanc.png\" width=\"150\" \/><br \/>\n<\/a><\/div>\n<div class=\"col-lg-2 col-sm-4 col-6 mb-4 d-flex justify-content-center\"><a href=\"https:\/\/www.tibio.ch\/fr\"><br \/>\n<img decoding=\"async\" class=\"img-fluid\" src=\"https:\/\/www.aquatis-fondation.ch\/wp-content\/uploads\/2025\/03\/tibiodoc.png\" width=\"150\" \/><br \/>\n<\/a><\/div>\n<div class=\"col-lg-2 col-sm-4 col-6 mb-4 d-flex justify-content-center\"><a href=\"https:\/\/swisspolar.ch\/\"><br \/>\n<img decoding=\"async\" class=\"img-fluid\" src=\"https:\/\/www.aquatis-fondation.ch\/wp-content\/uploads\/2025\/03\/Logo-Swiss-Polar-Institute-HD-300x90-1.png\" width=\"150\" \/><br \/>\n<\/a><\/div>\n<div class=\"col-lg-2 col-sm-4 col-6 mb-4 d-flex justify-content-center\"><a href=\"https:\/\/nousprod.ch\/\"><br \/>\n<img decoding=\"async\" class=\"img-fluid\" src=\"https:\/\/www.aquatis-fondation.ch\/wp-content\/uploads\/2025\/03\/nous_logos_rvb.gif\" width=\"150\" \/><br \/>\n<\/a><\/div>\n<div class=\"col-lg-2 col-sm-4 col-6 mb-4 d-flex justify-content-center\"><a href=\"https:\/\/www.friderici.com\/\"><br \/>\n<img decoding=\"async\" class=\"img-fluid\" src=\"https:\/\/www.aquatis-fondation.ch\/wp-content\/uploads\/2025\/03\/Fichier-2.png\" width=\"150\" \/><br \/>\n<\/a><\/div>\n<div class=\"col-lg-2 col-sm-4 col-6 mb-4 d-flex justify-content-center\"><a href=\"https:\/\/altiqa.group\/fr\"><br \/>\n<img decoding=\"async\" class=\"img-fluid\" src=\"https:\/\/www.aquatis-fondation.ch\/wp-content\/uploads\/2025\/03\/1338-2.jpg\" width=\"150\" \/><br \/>\n<\/a><\/div>\n<\/div>\n<\/li>\n<\/ul>\n<p>&nbsp;<\/p>","protected":false},"excerpt":{"rendered":"<p>A fascinating journey at AQUATIS Aquarium-Vivarium Lausanne between March 2025 and March 2026! Explore the poles like never before: Meet explorers past and present Discover the biodiversity of extreme environments Listen to the inhabitants of these remote regions Understand the importance of the poles for our planet After a huge success at the [...]<\/p>","protected":false},"author":4,"featured_media":0,"parent":0,"menu_order":0,"comment_status":"closed","ping_status":"closed","template":"","meta":{"_acf_changed":false,"footnotes":""},"class_list":["post-6043","page","type-page","status-publish","hentry"],"acf":[],"yoast_head":"<!-- This site is optimized with the Yoast SEO plugin v25.9 - https:\/\/yoast.com\/wordpress\/plugins\/seo\/ -->\n<title>Mission polaire - Fondation Aquatis<\/title>\n<meta name=\"robots\" content=\"index, follow, max-snippet:-1, max-image-preview:large, max-video-preview:-1\" \/>\n<link rel=\"canonical\" href=\"https:\/\/www.aquatis-fondation.ch\/en\/mission-polaire\/\" \/>\n<meta property=\"og:locale\" content=\"en_US\" \/>\n<meta property=\"og:type\" content=\"article\" \/>\n<meta property=\"og:title\" content=\"Mission polaire - Fondation Aquatis\" \/>\n<meta property=\"og:description\" content=\"EXPOSITION MISSION POLAIRE Un voyage fascinant \u00e0 AQUATIS Aquarium-Vivarium Lausanne entre mars 2025 et mars 2026 ! Explorez les p\u00f4les comme jamais auparavant : Rencontrez les explorateurs d&rsquo;hier et d\u2019aujourd\u2019hui D\u00e9couvrez la biodiversit\u00e9 des milieux extr\u00eames \u00c9coutez les habitants de ces r\u00e9gions recul\u00e9es Comprenez l&rsquo;importance des p\u00f4les pour notre plan\u00e8te Apr\u00e8s un immense succ\u00e8s au [&hellip;]\" \/>\n<meta property=\"og:url\" content=\"https:\/\/www.aquatis-fondation.ch\/en\/mission-polaire\/\" \/>\n<meta property=\"og:site_name\" content=\"Fondation Aquatis\" \/>\n<meta property=\"article:modified_time\" content=\"2025-09-10T13:01:18+00:00\" \/>\n<meta property=\"og:image\" content=\"https:\/\/www.aquatis-fondation.ch\/wp-content\/uploads\/2025\/02\/LogoOCEANOInstitut_BLUE_LIGHT_Horizontal-min-scaled.jpg\" \/>\n<meta name=\"twitter:card\" content=\"summary_large_image\" \/>\n<meta name=\"twitter:label1\" content=\"Est. reading time\" \/>\n\t<meta name=\"twitter:data1\" content=\"4 minutes\" \/>\n<script type=\"application\/ld+json\" class=\"yoast-schema-graph\">{\"@context\":\"https:\/\/schema.org\",\"@graph\":[{\"@type\":\"WebPage\",\"@id\":\"https:\/\/www.aquatis-fondation.ch\/mission-polaire\/\",\"url\":\"https:\/\/www.aquatis-fondation.ch\/mission-polaire\/\",\"name\":\"Mission polaire - Fondation Aquatis\",\"isPartOf\":{\"@id\":\"https:\/\/www.aquatis-fondation.ch\/#website\"},\"primaryImageOfPage\":{\"@id\":\"https:\/\/www.aquatis-fondation.ch\/mission-polaire\/#primaryimage\"},\"image\":{\"@id\":\"https:\/\/www.aquatis-fondation.ch\/mission-polaire\/#primaryimage\"},\"thumbnailUrl\":\"https:\/\/www.aquatis-fondation.ch\/wp-content\/uploads\/2025\/02\/LogoOCEANOInstitut_BLUE_LIGHT_Horizontal-min-scaled.jpg\",\"datePublished\":\"2025-01-31T10:51:58+00:00\",\"dateModified\":\"2025-09-10T13:01:18+00:00\",\"breadcrumb\":{\"@id\":\"https:\/\/www.aquatis-fondation.ch\/mission-polaire\/#breadcrumb\"},\"inLanguage\":\"en-US\",\"potentialAction\":[{\"@type\":\"ReadAction\",\"target\":[\"https:\/\/www.aquatis-fondation.ch\/mission-polaire\/\"]}]},{\"@type\":\"ImageObject\",\"inLanguage\":\"en-US\",\"@id\":\"https:\/\/www.aquatis-fondation.ch\/mission-polaire\/#primaryimage\",\"url\":\"https:\/\/www.aquatis-fondation.ch\/wp-content\/uploads\/2025\/02\/LogoOCEANOInstitut_BLUE_LIGHT_Horizontal-min-scaled.jpg\",\"contentUrl\":\"https:\/\/www.aquatis-fondation.ch\/wp-content\/uploads\/2025\/02\/LogoOCEANOInstitut_BLUE_LIGHT_Horizontal-min-scaled.jpg\"},{\"@type\":\"BreadcrumbList\",\"@id\":\"https:\/\/www.aquatis-fondation.ch\/mission-polaire\/#breadcrumb\",\"itemListElement\":[{\"@type\":\"ListItem\",\"position\":1,\"name\":\"Accueil\",\"item\":\"https:\/\/www.aquatis-fondation.ch\/\"},{\"@type\":\"ListItem\",\"position\":2,\"name\":\"Mission polaire\"}]},{\"@type\":\"WebSite\",\"@id\":\"https:\/\/www.aquatis-fondation.ch\/#website\",\"url\":\"https:\/\/www.aquatis-fondation.ch\/\",\"name\":\"Fondation Aquatis\",\"description\":\"\",\"potentialAction\":[{\"@type\":\"SearchAction\",\"target\":{\"@type\":\"EntryPoint\",\"urlTemplate\":\"https:\/\/www.aquatis-fondation.ch\/?s={search_term_string}\"},\"query-input\":{\"@type\":\"PropertyValueSpecification\",\"valueRequired\":true,\"valueName\":\"search_term_string\"}}],\"inLanguage\":\"en-US\"}]}<\/script>\n<!-- \/ Yoast SEO plugin. -->","yoast_head_json":{"title":"Mission polaire - Fondation Aquatis","robots":{"index":"index","follow":"follow","max-snippet":"max-snippet:-1","max-image-preview":"max-image-preview:large","max-video-preview":"max-video-preview:-1"},"canonical":"https:\/\/www.aquatis-fondation.ch\/en\/mission-polaire\/","og_locale":"en_US","og_type":"article","og_title":"Mission polaire - Fondation Aquatis","og_description":"EXPOSITION MISSION POLAIRE Un voyage fascinant \u00e0 AQUATIS Aquarium-Vivarium Lausanne entre mars 2025 et mars 2026 ! Explorez les p\u00f4les comme jamais auparavant : Rencontrez les explorateurs d&rsquo;hier et d\u2019aujourd\u2019hui D\u00e9couvrez la biodiversit\u00e9 des milieux extr\u00eames \u00c9coutez les habitants de ces r\u00e9gions recul\u00e9es Comprenez l&rsquo;importance des p\u00f4les pour notre plan\u00e8te Apr\u00e8s un immense succ\u00e8s au [&hellip;]","og_url":"https:\/\/www.aquatis-fondation.ch\/en\/mission-polaire\/","og_site_name":"Fondation Aquatis","article_modified_time":"2025-09-10T13:01:18+00:00","og_image":[{"url":"https:\/\/www.aquatis-fondation.ch\/wp-content\/uploads\/2025\/02\/LogoOCEANOInstitut_BLUE_LIGHT_Horizontal-min-scaled.jpg","type":"","width":"","height":""}],"twitter_card":"summary_large_image","twitter_misc":{"Est. reading time":"4 minutes"},"schema":{"@context":"https:\/\/schema.org","@graph":[{"@type":"WebPage","@id":"https:\/\/www.aquatis-fondation.ch\/mission-polaire\/","url":"https:\/\/www.aquatis-fondation.ch\/mission-polaire\/","name":"Mission polaire - Fondation Aquatis","isPartOf":{"@id":"https:\/\/www.aquatis-fondation.ch\/#website"},"primaryImageOfPage":{"@id":"https:\/\/www.aquatis-fondation.ch\/mission-polaire\/#primaryimage"},"image":{"@id":"https:\/\/www.aquatis-fondation.ch\/mission-polaire\/#primaryimage"},"thumbnailUrl":"https:\/\/www.aquatis-fondation.ch\/wp-content\/uploads\/2025\/02\/LogoOCEANOInstitut_BLUE_LIGHT_Horizontal-min-scaled.jpg","datePublished":"2025-01-31T10:51:58+00:00","dateModified":"2025-09-10T13:01:18+00:00","breadcrumb":{"@id":"https:\/\/www.aquatis-fondation.ch\/mission-polaire\/#breadcrumb"},"inLanguage":"en-US","potentialAction":[{"@type":"ReadAction","target":["https:\/\/www.aquatis-fondation.ch\/mission-polaire\/"]}]},{"@type":"ImageObject","inLanguage":"en-US","@id":"https:\/\/www.aquatis-fondation.ch\/mission-polaire\/#primaryimage","url":"https:\/\/www.aquatis-fondation.ch\/wp-content\/uploads\/2025\/02\/LogoOCEANOInstitut_BLUE_LIGHT_Horizontal-min-scaled.jpg","contentUrl":"https:\/\/www.aquatis-fondation.ch\/wp-content\/uploads\/2025\/02\/LogoOCEANOInstitut_BLUE_LIGHT_Horizontal-min-scaled.jpg"},{"@type":"BreadcrumbList","@id":"https:\/\/www.aquatis-fondation.ch\/mission-polaire\/#breadcrumb","itemListElement":[{"@type":"ListItem","position":1,"name":"Accueil","item":"https:\/\/www.aquatis-fondation.ch\/"},{"@type":"ListItem","position":2,"name":"Mission polaire"}]},{"@type":"WebSite","@id":"https:\/\/www.aquatis-fondation.ch\/#website","url":"https:\/\/www.aquatis-fondation.ch\/","name":"Aquatis Foundation","description":"","potentialAction":[{"@type":"SearchAction","target":{"@type":"EntryPoint","urlTemplate":"https:\/\/www.aquatis-fondation.ch\/?s={search_term_string}"},"query-input":{"@type":"PropertyValueSpecification","valueRequired":true,"valueName":"search_term_string"}}],"inLanguage":"en-US"}]}},"_links":{"self":[{"href":"https:\/\/www.aquatis-fondation.ch\/en\/wp-json\/wp\/v2\/pages\/6043","targetHints":{"allow":["GET"]}}],"collection":[{"href":"https:\/\/www.aquatis-fondation.ch\/en\/wp-json\/wp\/v2\/pages"}],"about":[{"href":"https:\/\/www.aquatis-fondation.ch\/en\/wp-json\/wp\/v2\/types\/page"}],"author":[{"embeddable":true,"href":"https:\/\/www.aquatis-fondation.ch\/en\/wp-json\/wp\/v2\/users\/4"}],"replies":[{"embeddable":true,"href":"https:\/\/www.aquatis-fondation.ch\/en\/wp-json\/wp\/v2\/comments?post=6043"}],"version-history":[{"count":68,"href":"https:\/\/www.aquatis-fondation.ch\/en\/wp-json\/wp\/v2\/pages\/6043\/revisions"}],"predecessor-version":[{"id":6584,"href":"https:\/\/www.aquatis-fondation.ch\/en\/wp-json\/wp\/v2\/pages\/6043\/revisions\/6584"}],"wp:attachment":[{"href":"https:\/\/www.aquatis-fondation.ch\/en\/wp-json\/wp\/v2\/media?parent=6043"}],"curies":[{"name":"wp","href":"https:\/\/api.w.org\/{rel}","templated":true}]}}