{"id":90,"date":"2017-08-01T11:07:34","date_gmt":"2017-08-01T09:07:34","guid":{"rendered":"https:\/\/aquatis-fondation.ch\/?page_id=90"},"modified":"2024-12-02T07:47:25","modified_gmt":"2024-12-02T06:47:25","slug":"nous-soutenir","status":"publish","type":"page","link":"https:\/\/www.aquatis-fondation.ch\/en\/nous-soutenir\/","title":{"rendered":"Support us"},"content":{"rendered":"<p>By supporting the Aquatis Foundation, you are playing an active role in promoting environmental education and sustainable development. This initiative focuses on the three dimensions of water: the environment, energy and social issues, while highlighting aquatic environments that are often little-known.<\/p>\n<p style=\"text-align: left;\"><strong>Individuals<\/strong><\/p>\n<p style=\"text-align: left;\">If you are an individual, you should know that the Aquatis Foundation is recognized as a charitable organization and that your donations are tax-deductible. You can support our projects by making a donation to the following account at Cr\u00e9dit Suisse, Lausanne<\/p>\n<p style=\"text-align: left;\">IBAN: CH46 0483 5098 8406 9100 0<\/p>\n<p style=\"text-align: left;\"><strong>Or use our online form<\/strong><\/p>\n<p><a href=\"https:\/\/donate.raisenow.io\/rvnzt?lng=fr\" class=\"original-button\"><i class=\"fa-solid fa-heart\"><\/i>  Make a donation<\/a><\/p>\n<p style=\"text-align: left;\"><strong>Companies and foundations<\/strong><\/p>\n<p style=\"text-align: left;\">If you're a company or a foundation, we'd be delighted to meet with you to develop a customized proposal.<\/p>\n<p style=\"text-align: left;\">For further information, please do not hesitate to contact us. We thank you in advance for your support.<\/p>","protected":false},"excerpt":{"rendered":"<p>By supporting the Aquatis Foundation, you are playing an active role in promoting environmental education and sustainable development. This initiative focuses on the three dimensions of water: the environment, energy and social issues, while highlighting aquatic environments that are often little-known. Individuals If you are an individual, you should know that the Fondation [...]<\/p>","protected":false},"author":2,"featured_media":0,"parent":0,"menu_order":0,"comment_status":"closed","ping_status":"closed","template":"template-donation.php","meta":{"_acf_changed":false,"footnotes":""},"class_list":["post-90","page","type-page","status-publish","hentry"],"acf":[],"yoast_head":"<!-- This site is optimized with the Yoast SEO plugin v25.9 - https:\/\/yoast.com\/wordpress\/plugins\/seo\/ -->\n<title>Nous soutenir - Fondation Aquatis<\/title>\n<meta name=\"robots\" content=\"index, follow, max-snippet:-1, max-image-preview:large, max-video-preview:-1\" \/>\n<link rel=\"canonical\" href=\"https:\/\/www.aquatis-fondation.ch\/en\/nous-soutenir\/\" \/>\n<meta property=\"og:locale\" content=\"en_US\" \/>\n<meta property=\"og:type\" content=\"article\" \/>\n<meta property=\"og:title\" content=\"Nous soutenir - Fondation Aquatis\" \/>\n<meta property=\"og:description\" content=\"En soutenant la Fondation Aquatis, vous participez activement \u00e0 la promotion de l&rsquo;\u00e9ducation environnementale et du d\u00e9veloppement durable. Cette initiative s&rsquo;appuie sur les trois dimensions li\u00e9es \u00e0 l&rsquo;eau : l&rsquo;environnement, l&rsquo;\u00e9nergie et les enjeux sociaux, tout en mettant en valeur des milieux aquatiques souvent m\u00e9connus. Particuliers Si vous \u00eates un particulier, sachez que la Fondation [&hellip;]\" \/>\n<meta property=\"og:url\" content=\"https:\/\/www.aquatis-fondation.ch\/en\/nous-soutenir\/\" \/>\n<meta property=\"og:site_name\" content=\"Fondation Aquatis\" \/>\n<meta property=\"article:modified_time\" content=\"2024-12-02T06:47:25+00:00\" \/>\n<meta name=\"twitter:card\" content=\"summary_large_image\" \/>\n<meta name=\"twitter:label1\" content=\"Est. reading time\" \/>\n\t<meta name=\"twitter:data1\" content=\"1 minute\" \/>\n<script type=\"application\/ld+json\" class=\"yoast-schema-graph\">{\"@context\":\"https:\/\/schema.org\",\"@graph\":[{\"@type\":\"WebPage\",\"@id\":\"https:\/\/www.aquatis-fondation.ch\/nous-soutenir\/\",\"url\":\"https:\/\/www.aquatis-fondation.ch\/nous-soutenir\/\",\"name\":\"Nous soutenir - Fondation Aquatis\",\"isPartOf\":{\"@id\":\"https:\/\/www.aquatis-fondation.ch\/#website\"},\"datePublished\":\"2017-08-01T09:07:34+00:00\",\"dateModified\":\"2024-12-02T06:47:25+00:00\",\"breadcrumb\":{\"@id\":\"https:\/\/www.aquatis-fondation.ch\/nous-soutenir\/#breadcrumb\"},\"inLanguage\":\"en-US\",\"potentialAction\":[{\"@type\":\"ReadAction\",\"target\":[\"https:\/\/www.aquatis-fondation.ch\/nous-soutenir\/\"]}]},{\"@type\":\"BreadcrumbList\",\"@id\":\"https:\/\/www.aquatis-fondation.ch\/nous-soutenir\/#breadcrumb\",\"itemListElement\":[{\"@type\":\"ListItem\",\"position\":1,\"name\":\"Accueil\",\"item\":\"https:\/\/www.aquatis-fondation.ch\/\"},{\"@type\":\"ListItem\",\"position\":2,\"name\":\"Nous soutenir\"}]},{\"@type\":\"WebSite\",\"@id\":\"https:\/\/www.aquatis-fondation.ch\/#website\",\"url\":\"https:\/\/www.aquatis-fondation.ch\/\",\"name\":\"Fondation Aquatis\",\"description\":\"\",\"potentialAction\":[{\"@type\":\"SearchAction\",\"target\":{\"@type\":\"EntryPoint\",\"urlTemplate\":\"https:\/\/www.aquatis-fondation.ch\/?s={search_term_string}\"},\"query-input\":{\"@type\":\"PropertyValueSpecification\",\"valueRequired\":true,\"valueName\":\"search_term_string\"}}],\"inLanguage\":\"en-US\"}]}<\/script>\n<!-- \/ Yoast SEO plugin. -->","yoast_head_json":{"title":"Support us - Fondation Aquatis","robots":{"index":"index","follow":"follow","max-snippet":"max-snippet:-1","max-image-preview":"max-image-preview:large","max-video-preview":"max-video-preview:-1"},"canonical":"https:\/\/www.aquatis-fondation.ch\/en\/nous-soutenir\/","og_locale":"en_US","og_type":"article","og_title":"Nous soutenir - Fondation Aquatis","og_description":"En soutenant la Fondation Aquatis, vous participez activement \u00e0 la promotion de l&rsquo;\u00e9ducation environnementale et du d\u00e9veloppement durable. Cette initiative s&rsquo;appuie sur les trois dimensions li\u00e9es \u00e0 l&rsquo;eau : l&rsquo;environnement, l&rsquo;\u00e9nergie et les enjeux sociaux, tout en mettant en valeur des milieux aquatiques souvent m\u00e9connus. Particuliers Si vous \u00eates un particulier, sachez que la Fondation [&hellip;]","og_url":"https:\/\/www.aquatis-fondation.ch\/en\/nous-soutenir\/","og_site_name":"Fondation Aquatis","article_modified_time":"2024-12-02T06:47:25+00:00","twitter_card":"summary_large_image","twitter_misc":{"Est. reading time":"1 minute"},"schema":{"@context":"https:\/\/schema.org","@graph":[{"@type":"WebPage","@id":"https:\/\/www.aquatis-fondation.ch\/nous-soutenir\/","url":"https:\/\/www.aquatis-fondation.ch\/nous-soutenir\/","name":"Support us - Fondation Aquatis","isPartOf":{"@id":"https:\/\/www.aquatis-fondation.ch\/#website"},"datePublished":"2017-08-01T09:07:34+00:00","dateModified":"2024-12-02T06:47:25+00:00","breadcrumb":{"@id":"https:\/\/www.aquatis-fondation.ch\/nous-soutenir\/#breadcrumb"},"inLanguage":"en-US","potentialAction":[{"@type":"ReadAction","target":["https:\/\/www.aquatis-fondation.ch\/nous-soutenir\/"]}]},{"@type":"BreadcrumbList","@id":"https:\/\/www.aquatis-fondation.ch\/nous-soutenir\/#breadcrumb","itemListElement":[{"@type":"ListItem","position":1,"name":"Accueil","item":"https:\/\/www.aquatis-fondation.ch\/"},{"@type":"ListItem","position":2,"name":"Nous soutenir"}]},{"@type":"WebSite","@id":"https:\/\/www.aquatis-fondation.ch\/#website","url":"https:\/\/www.aquatis-fondation.ch\/","name":"Aquatis Foundation","description":"","potentialAction":[{"@type":"SearchAction","target":{"@type":"EntryPoint","urlTemplate":"https:\/\/www.aquatis-fondation.ch\/?s={search_term_string}"},"query-input":{"@type":"PropertyValueSpecification","valueRequired":true,"valueName":"search_term_string"}}],"inLanguage":"en-US"}]}},"_links":{"self":[{"href":"https:\/\/www.aquatis-fondation.ch\/en\/wp-json\/wp\/v2\/pages\/90","targetHints":{"allow":["GET"]}}],"collection":[{"href":"https:\/\/www.aquatis-fondation.ch\/en\/wp-json\/wp\/v2\/pages"}],"about":[{"href":"https:\/\/www.aquatis-fondation.ch\/en\/wp-json\/wp\/v2\/types\/page"}],"author":[{"embeddable":true,"href":"https:\/\/www.aquatis-fondation.ch\/en\/wp-json\/wp\/v2\/users\/2"}],"replies":[{"embeddable":true,"href":"https:\/\/www.aquatis-fondation.ch\/en\/wp-json\/wp\/v2\/comments?post=90"}],"version-history":[{"count":14,"href":"https:\/\/www.aquatis-fondation.ch\/en\/wp-json\/wp\/v2\/pages\/90\/revisions"}],"predecessor-version":[{"id":5802,"href":"https:\/\/www.aquatis-fondation.ch\/en\/wp-json\/wp\/v2\/pages\/90\/revisions\/5802"}],"wp:attachment":[{"href":"https:\/\/www.aquatis-fondation.ch\/en\/wp-json\/wp\/v2\/media?parent=90"}],"curies":[{"name":"wp","href":"https:\/\/api.w.org\/{rel}","templated":true}]}}